{"id":1498,"date":"2025-11-16T17:15:19","date_gmt":"2025-11-16T17:15:19","guid":{"rendered":"https:\/\/azalia.lt\/?page_id=1498"},"modified":"2026-04-05T04:45:58","modified_gmt":"2026-04-05T04:45:58","slug":"musu-privalumai","status":"publish","type":"page","link":"https:\/\/azalia.lt\/lt\/musu-privalumai\/","title":{"rendered":"M\u016bs\u0173 Privalumai"},"content":{"rendered":"<div data-elementor-type=\"wp-page\" data-elementor-id=\"1498\" class=\"elementor elementor-1498\">\n\t\t\t\t<div class=\"elementor-element elementor-element-ffbf43b e-flex e-con-boxed e-con e-parent\" data-id=\"ffbf43b\" data-element_type=\"container\" data-e-type=\"container\">\n\t\t\t\t\t<div class=\"e-con-inner\">\n\t\t<div class=\"elementor-element elementor-element-1e75ed9 e-con-full e-flex e-con e-child\" data-id=\"1e75ed9\" data-element_type=\"container\" data-e-type=\"container\">\n\t\t\t\t<div class=\"elementor-element elementor-element-86e0d0c elementor-widget elementor-widget-heading\" data-id=\"86e0d0c\" data-element_type=\"widget\" data-e-type=\"widget\" data-widget_type=\"heading.default\">\n\t\t\t\t\t<h2 class=\"elementor-heading-title elementor-size-default\"><h1 class=\"page-title my-5\" style=\"font-family: Courgette, sans-serif;line-height: 1.2;font-size: 2.75rem;letter-spacing: normal;text-align: center;margin-top: 3rem !important;margin-bottom: 3rem !important\">M\u016bs\u0173 Privalumai<\/h1><\/h2>\t\t\t\t<\/div>\n\t\t\t\t<\/div>\n\t\t\t\t\t<\/div>\n\t\t\t\t<\/div>\n\t\t<div class=\"elementor-element elementor-element-2f287d8 e-flex e-con-boxed e-con e-parent\" data-id=\"2f287d8\" data-element_type=\"container\" data-e-type=\"container\">\n\t\t\t\t\t<div class=\"e-con-inner\">\n\t\t<div class=\"elementor-element elementor-element-23f9812 e-con-full e-flex e-con e-child\" data-id=\"23f9812\" data-element_type=\"container\" data-e-type=\"container\">\n\t\t\t\t<div class=\"elementor-element elementor-element-5ee884a elementor-widget elementor-widget-heading\" data-id=\"5ee884a\" data-element_type=\"widget\" data-e-type=\"widget\" data-widget_type=\"heading.default\">\n\t\t\t\t\t<h3 class=\"elementor-heading-title elementor-size-default\">M\u016bs\u0173 \u012fmon\u0117 garantuoja<\/h3>\t\t\t\t<\/div>\n\t\t\t\t<\/div>\n\t\t\t\t\t<\/div>\n\t\t\t\t<\/div>\n\t\t<div class=\"elementor-element elementor-element-1be59db e-flex e-con-boxed e-con e-parent\" data-id=\"1be59db\" data-element_type=\"container\" data-e-type=\"container\">\n\t\t\t\t\t<div class=\"e-con-inner\">\n\t\t\t\t<div class=\"elementor-element elementor-element-fca9aef elementor-widget elementor-widget-progress\" data-id=\"fca9aef\" data-element_type=\"widget\" data-e-type=\"widget\" data-widget_type=\"progress.default\">\n\t\t\t\t\t\n\t\t<div class=\"elementor-progress-wrapper\" role=\"progressbar\" aria-valuemin=\"0\" aria-valuemax=\"100\" aria-valuenow=\"100\" aria-valuetext=\"100% (!00% Quality)\">\n\t\t\t<div class=\"elementor-progress-bar\" data-max=\"100\">\n\t\t\t\t<span class=\"elementor-progress-text\">100% Kokyb\u0117<\/span>\n\t\t\t\t\t\t\t<\/div>\n\t\t<\/div>\n\t\t\t\t\t\t<\/div>\n\t\t\t\t\t<\/div>\n\t\t\t\t<\/div>\n\t\t<div class=\"elementor-element elementor-element-b10212d e-flex e-con-boxed e-con e-parent\" data-id=\"b10212d\" data-element_type=\"container\" data-e-type=\"container\">\n\t\t\t\t\t<div class=\"e-con-inner\">\n\t\t\t\t<div class=\"elementor-element elementor-element-138dec8 elementor-widget elementor-widget-progress\" data-id=\"138dec8\" data-element_type=\"widget\" data-e-type=\"widget\" data-widget_type=\"progress.default\">\n\t\t\t\t\t\t\t\t<h3 class=\"elementor-title\" id=\"elementor-progress-bar-138dec8\">\n\t\t\t\tM\u016bs\u0173 Kredo\t\t\t<\/h3>\n\t\t\n\t\t<div aria-labelledby=\"elementor-progress-bar-138dec8\" class=\"elementor-progress-wrapper\" role=\"progressbar\" aria-valuemin=\"0\" aria-valuemax=\"100\" aria-valuenow=\"100\" aria-valuetext=\"100% (Offer Products That We Would Use Ourselves)\">\n\t\t\t<div class=\"elementor-progress-bar\" data-max=\"100\">\n\t\t\t\t<span class=\"elementor-progress-text\">Si\u016blykite Produktus, Kuriuos M\u0117gstame Naudoti Patys<\/span>\n\t\t\t\t\t\t\t<\/div>\n\t\t<\/div>\n\t\t\t\t\t\t<\/div>\n\t\t\t\t<div class=\"elementor-element elementor-element-6d8a80c elementor-tabs-view-horizontal elementor-widget elementor-widget-tmcore-tabs elementor-widget-tabs\" data-id=\"6d8a80c\" data-element_type=\"widget\" data-e-type=\"widget\" data-widget_type=\"tmcore-tabs.default\">\n\t\t\t\t<div class=\"elementor-widget-container\">\n\t\t\t\t\t        <div class=\"elementor-tabs\" role=\"tablist\">\n            <div class=\"elementor-tabs-wrapper\">\n\t\t\t\t                    <div id=\"elementor-tab-title-1141\" class=\"elementor-tab-title elementor-tab-desktop-title elementor-active elementor-repeater-item-f483a23\" data-tab=\"1\" role=\"tab\" aria-controls=\"elementor-tab-content-1141\">\n                        <a href=\"\">I\u0161skirtiniai Arabi\u0161ki Kvepalai<\/a><\/div>\n\t\t\t\t                    <div id=\"elementor-tab-title-1142\" class=\"elementor-tab-title elementor-tab-desktop-title  elementor-repeater-item-7d049bc\" data-tab=\"2\" role=\"tab\" aria-controls=\"elementor-tab-content-1142\">\n                        <a href=\"\">Prieinamos Kainos<\/a><\/div>\n\t\t\t\t                    <div id=\"elementor-tab-title-1143\" class=\"elementor-tab-title elementor-tab-desktop-title  elementor-repeater-item-141f953\" data-tab=\"3\" role=\"tab\" aria-controls=\"elementor-tab-content-1143\">\n                        <a href=\"\">Auk\u0161ta Kokyb\u0117<\/a><\/div>\n\t\t\t\t                    <div id=\"elementor-tab-title-1144\" class=\"elementor-tab-title elementor-tab-desktop-title  elementor-repeater-item-b99ecba\" data-tab=\"4\" role=\"tab\" aria-controls=\"elementor-tab-content-1144\">\n                        <a href=\"\">Produkcijos Unikalumas<\/a><\/div>\n\t\t\t\t                    <div id=\"elementor-tab-title-1145\" class=\"elementor-tab-title elementor-tab-desktop-title  elementor-repeater-item-555495f\" data-tab=\"5\" role=\"tab\" aria-controls=\"elementor-tab-content-1145\">\n                        <a href=\"\">Saugome J\u016bs\u0173 Privatum\u0105<\/a><\/div>\n\t\t\t\t            <\/div>\n            <div class=\"elementor-tabs-content-wrapper\">\n\t\t\t\t                    <div class=\"elementor-tab-title elementor-tab-mobile-title elementor-active elementor-repeater-item-f483a23\" data-tab=\"1\" role=\"tab\" aria-controls=\"elementor-tab-content-1141\">I\u0161skirtiniai Arabi\u0161ki Kvepalai<\/div>\n                    <div id=\"elementor-tab-content-1141\" class=\"elementor-tab-content elementor-clearfix elementor-active elementor-repeater-item-f483a23\" data-tab=\"1\" role=\"tabpanel\" aria-labelledby=\"elementor-tab-title-1141\">\n\t\t\t\t\t\t\t\t\t\t\t\t\t<h6><strong>Nuostab\u016bs kvepalai, pagaminti i\u0161 auk\u0161tos kokyb\u0117s ingredient\u0173.<\/strong><\/h6>\t\t\t\t\t\t                    <\/div>\n\n\t\t\t\t                    <div class=\"elementor-tab-title elementor-tab-mobile-title  elementor-repeater-item-7d049bc\" data-tab=\"2\" role=\"tab\" aria-controls=\"elementor-tab-content-1142\">Prieinamos Kainos<\/div>\n                    <div id=\"elementor-tab-content-1142\" class=\"elementor-tab-content elementor-clearfix  elementor-repeater-item-7d049bc\" data-tab=\"2\" role=\"tabpanel\" aria-labelledby=\"elementor-tab-title-1142\">\n\t\t\t\t\t\t\t\t\t\t\t\t\t<h6>Mes parduodame produkcij\u0105 u\u017e prieinam\u0105 kain\u0105, nes importuojame tiesiai i\u0161 Saudo Arabijos, Jemeno, Jungtini\u0173 Arab\u0173 Emyrat\u0173 gamintoj\u0173.<\/h6>\t\t\t\t\t\t                    <\/div>\n\n\t\t\t\t                    <div class=\"elementor-tab-title elementor-tab-mobile-title  elementor-repeater-item-141f953\" data-tab=\"3\" role=\"tab\" aria-controls=\"elementor-tab-content-1143\">Auk\u0161ta Kokyb\u0117<\/div>\n                    <div id=\"elementor-tab-content-1143\" class=\"elementor-tab-content elementor-clearfix  elementor-repeater-item-141f953\" data-tab=\"3\" role=\"tabpanel\" aria-labelledby=\"elementor-tab-title-1143\">\n\t\t\t\t\t\t\t\t\t\t\t\t\t<h6><strong>Renkam\u0117s geriausi\u0173 gamintoj\u0173 produktus, kurie patvirtina savo gamini\u0173 kokyb\u0119.<\/strong><\/h6>\t\t\t\t\t\t                    <\/div>\n\n\t\t\t\t                    <div class=\"elementor-tab-title elementor-tab-mobile-title  elementor-repeater-item-b99ecba\" data-tab=\"4\" role=\"tab\" aria-controls=\"elementor-tab-content-1144\">Produkcijos Unikalumas<\/div>\n                    <div id=\"elementor-tab-content-1144\" class=\"elementor-tab-content elementor-clearfix  elementor-repeater-item-b99ecba\" data-tab=\"4\" role=\"tabpanel\" aria-labelledby=\"elementor-tab-title-1144\">\n\t\t\t\t\t\t\t\t\t\t\t\t\t<h6>Mes si\u016blome unikalius produktus, kurie gali patenkinti m\u016bs\u0173 klient\u0173 poreikius.<\/h6>\t\t\t\t\t\t                    <\/div>\n\n\t\t\t\t                    <div class=\"elementor-tab-title elementor-tab-mobile-title  elementor-repeater-item-555495f\" data-tab=\"5\" role=\"tab\" aria-controls=\"elementor-tab-content-1145\">Saugome J\u016bs\u0173 Privatum\u0105<\/div>\n                    <div id=\"elementor-tab-content-1145\" class=\"elementor-tab-content elementor-clearfix  elementor-repeater-item-555495f\" data-tab=\"5\" role=\"tabpanel\" aria-labelledby=\"elementor-tab-title-1145\">\n\t\t\t\t\t\t\t\t\t\t\t\t\t<h6><strong>Mes neparduodame kontaktin\u0119 informacij\u0105 m\u016bs\u0173 klient\u0173.<\/strong><\/h6>\t\t\t\t\t\t                    <\/div>\n\n\t\t\t\t            <\/div>\n        <\/div>\n\t\t\t\t\t\t<\/div>\n\t\t\t\t<\/div>\n\t\t\t\t\t<\/div>\n\t\t\t\t<\/div>\n\t\t<div class=\"elementor-element elementor-element-dee22cd e-flex e-con-boxed e-con e-parent\" data-id=\"dee22cd\" data-element_type=\"container\" data-e-type=\"container\">\n\t\t\t\t\t<div class=\"e-con-inner\">\n\t\t<div class=\"elementor-element elementor-element-f57d159 e-con-full e-flex e-con e-child\" data-id=\"f57d159\" data-element_type=\"container\" data-e-type=\"container\">\n\t\t\t\t<div class=\"elementor-element elementor-element-535d1af elementor-tabs-view-horizontal elementor-widget elementor-widget-tmcore-tabs elementor-widget-tabs\" data-id=\"535d1af\" data-element_type=\"widget\" data-e-type=\"widget\" data-widget_type=\"tmcore-tabs.default\">\n\t\t\t\t<div class=\"elementor-widget-container\">\n\t\t\t\t\t        <div class=\"elementor-tabs\" role=\"tablist\">\n            <div class=\"elementor-tabs-wrapper\">\n\t\t\t\t                    <div id=\"elementor-tab-title-8741\" class=\"elementor-tab-title elementor-tab-desktop-title elementor-active elementor-repeater-item-f266e2a\" data-tab=\"1\" role=\"tab\" aria-controls=\"elementor-tab-content-8741\">\n                        <a href=\"\">Saug\u016bs Sandoriai<\/a><\/div>\n\t\t\t\t                    <div id=\"elementor-tab-title-8742\" class=\"elementor-tab-title elementor-tab-desktop-title  elementor-repeater-item-b81ac23\" data-tab=\"2\" role=\"tab\" aria-controls=\"elementor-tab-content-8742\">\n                        <a href=\"\">Nemokamas pristatymas Lietuvoje!<\/a><\/div>\n\t\t\t\t                    <div id=\"elementor-tab-title-8743\" class=\"elementor-tab-title elementor-tab-desktop-title  elementor-repeater-item-3e0c7b1\" data-tab=\"3\" role=\"tab\" aria-controls=\"elementor-tab-content-8743\">\n                        <a href=\"\">24\/7 klient\u0173 aptarnavimas<\/a><\/div>\n\t\t\t\t                    <div id=\"elementor-tab-title-8744\" class=\"elementor-tab-title elementor-tab-desktop-title  elementor-repeater-item-521cf25\" data-tab=\"4\" role=\"tab\" aria-controls=\"elementor-tab-content-8744\">\n                        <a href=\"\">Greitas Keitimas<\/a><\/div>\n\t\t\t\t                    <div id=\"elementor-tab-title-8745\" class=\"elementor-tab-title elementor-tab-desktop-title  elementor-repeater-item-416ad01\" data-tab=\"5\" role=\"tab\" aria-controls=\"elementor-tab-content-8745\">\n                        <a href=\"\">Tik Autenti\u0161ki Arabi\u0161ki Kvepalai<\/a><\/div>\n\t\t\t\t            <\/div>\n            <div class=\"elementor-tabs-content-wrapper\">\n\t\t\t\t                    <div class=\"elementor-tab-title elementor-tab-mobile-title elementor-active elementor-repeater-item-f266e2a\" data-tab=\"1\" role=\"tab\" aria-controls=\"elementor-tab-content-8741\">Saug\u016bs Sandoriai<\/div>\n                    <div id=\"elementor-tab-content-8741\" class=\"elementor-tab-content elementor-clearfix elementor-active elementor-repeater-item-f266e2a\" data-tab=\"1\" role=\"tabpanel\" aria-labelledby=\"elementor-tab-title-8741\">\n\t\t\t\t\t\t\t\t\t\t\t\t\t<h6>Mes naudojame tik patikimas interneto mok\u0117jimo sistemas:banko pavedim\u0105, mok\u0117jim\u0105 kortele, elektronin\u0119 bankininkyst\u0119.<\/h6>\t\t\t\t\t\t                    <\/div>\n\n\t\t\t\t                    <div class=\"elementor-tab-title elementor-tab-mobile-title  elementor-repeater-item-b81ac23\" data-tab=\"2\" role=\"tab\" aria-controls=\"elementor-tab-content-8742\">Nemokamas pristatymas Lietuvoje!<\/div>\n                    <div id=\"elementor-tab-content-8742\" class=\"elementor-tab-content elementor-clearfix  elementor-repeater-item-b81ac23\" data-tab=\"2\" role=\"tabpanel\" aria-labelledby=\"elementor-tab-title-8742\">\n\t\t\t\t\t\t\t\t\t\t\t\t\t<h6><strong>Nemokamas pristatymas u\u017esakymams nuo 35\u20ac<\/strong><\/h6>\t\t\t\t\t\t                    <\/div>\n\n\t\t\t\t                    <div class=\"elementor-tab-title elementor-tab-mobile-title  elementor-repeater-item-3e0c7b1\" data-tab=\"3\" role=\"tab\" aria-controls=\"elementor-tab-content-8743\">24\/7 klient\u0173 aptarnavimas<\/div>\n                    <div id=\"elementor-tab-content-8743\" class=\"elementor-tab-content elementor-clearfix  elementor-repeater-item-3e0c7b1\" data-tab=\"3\" role=\"tabpanel\" aria-labelledby=\"elementor-tab-title-8743\">\n\t\t\t\t\t\t\t\t\t\t\t\t\t<h6><strong>Klient\u0173 aptarnavimas telefonu, WhatsApp  chat ar elektroniniu pa\u0161tu. <\/strong><\/h6>\t\t\t\t\t\t                    <\/div>\n\n\t\t\t\t                    <div class=\"elementor-tab-title elementor-tab-mobile-title  elementor-repeater-item-521cf25\" data-tab=\"4\" role=\"tab\" aria-controls=\"elementor-tab-content-8744\">Greitas Keitimas<\/div>\n                    <div id=\"elementor-tab-content-8744\" class=\"elementor-tab-content elementor-clearfix  elementor-repeater-item-521cf25\" data-tab=\"4\" role=\"tabpanel\" aria-labelledby=\"elementor-tab-title-8744\">\n\t\t\t\t\t\t\t\t\t\t\t\t\t<h6><strong>Si\u016blome greit\u0105 sugedusi\u0173 preki\u0173 keitim\u0105 per 3 dienas.<\/strong><\/h6>\t\t\t\t\t\t                    <\/div>\n\n\t\t\t\t                    <div class=\"elementor-tab-title elementor-tab-mobile-title  elementor-repeater-item-416ad01\" data-tab=\"5\" role=\"tab\" aria-controls=\"elementor-tab-content-8745\">Tik Autenti\u0161ki Arabi\u0161ki Kvepalai<\/div>\n                    <div id=\"elementor-tab-content-8745\" class=\"elementor-tab-content elementor-clearfix  elementor-repeater-item-416ad01\" data-tab=\"5\" role=\"tabpanel\" aria-labelledby=\"elementor-tab-title-8745\">\n\t\t\t\t\t\t\t\t\t\t\t\t\t<h6><strong>Prekiaujame tik originaliais arab\u0173 gamintoj\u0173 produktais<\/strong><\/h6>\t\t\t\t\t\t                    <\/div>\n\n\t\t\t\t            <\/div>\n        <\/div>\n\t\t\t\t\t\t<\/div>\n\t\t\t\t<\/div>\n\t\t\t\t<\/div>\n\t\t\t\t<div class=\"elementor-element elementor-element-0c8efa9 elementor-widget elementor-widget-spacer\" data-id=\"0c8efa9\" data-element_type=\"widget\" data-e-type=\"widget\" data-widget_type=\"spacer.default\">\n\t\t\t\t\t\t\t<div class=\"elementor-spacer\">\n\t\t\t<div class=\"elementor-spacer-inner\"><\/div>\n\t\t<\/div>\n\t\t\t\t\t\t<\/div>\n\t\t\t\t<div class=\"elementor-element elementor-element-10f8e7c elementor-widget elementor-widget-spacer\" data-id=\"10f8e7c\" data-element_type=\"widget\" data-e-type=\"widget\" data-widget_type=\"spacer.default\">\n\t\t\t\t\t\t\t<div class=\"elementor-spacer\">\n\t\t\t<div class=\"elementor-spacer-inner\"><\/div>\n\t\t<\/div>\n\t\t\t\t\t\t<\/div>\n\t\t\t\t\t<\/div>\n\t\t\t\t<\/div>\n\t\t\t\t<\/div>","protected":false},"excerpt":{"rendered":"<p>Our Advantages Our company guarantees !00% Quality Our Credo Offer Products That We Would Use Ourselves Exclusive Arab Fragrances Affordable Prices High Quality Unique Products We Protect Your Privacy Exclusive Arab Fragrances Wonderful perfumes manufactured with high-quality ingredients. Affordable Prices We sell products at affordable prices because we import directly from manufacturers in Saudi Arabia,&#8230;<\/p>","protected":false},"author":1,"featured_media":0,"parent":0,"menu_order":0,"comment_status":"closed","ping_status":"closed","template":"","meta":{"_bst_post_transparent":"","_bst_post_title":"hide","_bst_post_layout":"fullwidth","_bst_post_sidebar_id":"","_bst_post_content_style":"unboxed","_bst_post_vertical_padding":"hide","_bst_post_feature":"hide","_bst_post_feature_position":"","_bst_post_header":false,"_bst_post_footer":false,"footnotes":""},"class_list":["post-1498","page","type-page","status-publish","hentry"],"_hostinger_reach_plugin_has_subscription_block":false,"_hostinger_reach_plugin_is_elementor":false,"_links":{"self":[{"href":"https:\/\/azalia.lt\/lt\/wp-json\/wp\/v2\/pages\/1498","targetHints":{"allow":["GET"]}}],"collection":[{"href":"https:\/\/azalia.lt\/lt\/wp-json\/wp\/v2\/pages"}],"about":[{"href":"https:\/\/azalia.lt\/lt\/wp-json\/wp\/v2\/types\/page"}],"author":[{"embeddable":true,"href":"https:\/\/azalia.lt\/lt\/wp-json\/wp\/v2\/users\/1"}],"replies":[{"embeddable":true,"href":"https:\/\/azalia.lt\/lt\/wp-json\/wp\/v2\/comments?post=1498"}],"version-history":[{"count":0,"href":"https:\/\/azalia.lt\/lt\/wp-json\/wp\/v2\/pages\/1498\/revisions"}],"wp:attachment":[{"href":"https:\/\/azalia.lt\/lt\/wp-json\/wp\/v2\/media?parent=1498"}],"curies":[{"name":"wp","href":"https:\/\/api.w.org\/{rel}","templated":true}]}}