{"id":1554,"date":"2025-11-17T10:49:33","date_gmt":"2025-11-17T10:49:33","guid":{"rendered":"https:\/\/azalia.lt\/?page_id=1554"},"modified":"2025-11-19T13:56:06","modified_gmt":"2025-11-19T13:56:06","slug":"privatumo-politika","status":"publish","type":"page","link":"https:\/\/azalia.lt\/lt\/privatumo-politika\/","title":{"rendered":"Privatumo Politika"},"content":{"rendered":"<div data-elementor-type=\"wp-page\" data-elementor-id=\"1554\" class=\"elementor elementor-1554\">\n\t\t\t\t<div class=\"elementor-element elementor-element-34295c18 e-flex e-con-boxed e-con e-parent\" data-id=\"34295c18\" data-element_type=\"container\" data-e-type=\"container\">\n\t\t\t\t\t<div class=\"e-con-inner\">\n\t\t\t\t<div class=\"elementor-element elementor-element-6773e5b elementor-widget elementor-widget-text-editor\" data-id=\"6773e5b\" data-element_type=\"widget\" data-e-type=\"widget\" data-widget_type=\"text-editor.default\">\n\t\t\t\t\t\t\t\t\t<h2>I. Bendrosios nuostatos<\/h2>\n<p>1. \u0160i privatumo politika reglamentuoja elektronini\u0173 parduotuvi\u0173 Azalia.lt (toliau \u2013 Elektronin\u0117 parduotuv\u0117) ir Elektronin\u0117 parduotuv\u0117 kliento (toliau \u2013 J\u016bs, J\u016bs\u0173) pagrindinius asmens duomen\u0173 rinkimo, tvarkymo ir saugojimo principus bei tvark\u0105.<\/p>\n<p>2. J\u016bs\u0173 asmens duomen\u0173 rinkim\u0105, tvarkym\u0105 ir saugojim\u0105 nustato \u0161i privatumo politika, Lietuvos Respublikos Asmens duomen\u0173 teisin\u0117s apsaugos \u012fstatymas ir kiti teis\u0117s aktai.<\/p>\n<p>3. El. parduotuv\u0117je nurodydami savo asmens duomenis, sutinkate, kad Elektronin\u0117 parduotuv\u0117 juos valdys ir tvarkys \u0161ioje privatumo politikoje bei teis\u0117s aktuose numatytais tikslais, priemon\u0117mis ir tvarka.<\/p>\n<p>4. Elektronin\u0117 parduotuv\u0117 vadovaujasi \u0161iais pagrindiniais asmens duomen\u0173 tvarkymo principais:<\/p>\n<p>4.1. Asmens duomenys renkami apibr\u0117\u017etais ir teis\u0117tais tikslais.<\/p>\n<p>4.2. Asmens duomenys tvarkomi tiksliai ir s\u0105\u017einingai.<\/p>\n<p>4.3. Asmens duomenys tvarkomi teis\u0117tai, t. y. tik tais atvejais, kai:<\/p>\n<p>4.3.1. duomen\u0173 subjektas duoda sutikim\u0105, t. y. sutinka laikytis naudojimosi elektronine parduotuve taisykli\u0173;<\/p>\n<p>4.3.2. sudaroma arba vykdoma sutartis, kai viena i\u0161 \u0161ali\u0173 yra duomen\u0173 subjektas;<\/p>\n<p>4.3.3. Elektronin\u0117 parduotuv\u0117 yra \u012fpareigota tvarkyti asmens duomenis pagal \u012fstatymus;<\/p>\n<p>4.3.4. asmens duomenis reikia tvarkyti d\u0117l teis\u0117to intereso, kurio siekia Elektronin\u0117 parduotuv\u0117 arba tre\u010diasis asmuo, kuriam teikiami asmens duomenys, ir jei duomen\u0173 subjekto interesai n\u0117ra svarbesni.<\/p>\n<p>4.4. Asmens duomenys nuolat atnaujinami.<\/p>\n<p>4.5. Asmens duomenys saugojami ne ilgiau, nei to reikalauja nustatyti duomen\u0173 tvarkymo tikslai.<\/p>\n<p>4.6. Asmens duomenis tvarko tik tie darbuotojai, kuriems suteikta tokia teis\u0117.<\/p>\n<p>4.7. Visa informacija apie tvarkomus asmens duomenis yra konfidenciali.<\/p>\n<p>5. Naudotis el. parduotuv\u0117s paslaugomis gali:<\/p>\n<p>5.1. visi veiksn\u016bs fiziniai asmenys, ne jaunesni kaip 18 met\u0173 am\u017eiaus;<\/p>\n<p>5.2. nepilname\u010diai nuo keturiolikos iki a\u0161tuoniolikos met\u0173 am\u017eiaus tik tur\u0117dami t\u0117v\u0173, \u012ft\u0117vi\u0173 arba r\u016bpintoj\u0173 sutikim\u0105, i\u0161skyrus tuos atvejus, kai savaranki\u0161kai disponuojama savo u\u017edarbiu ar stipendija;<\/p>\n<p>5.3. juridiniai asmenys;<\/p>\n<p>5.4. vis\u0173 auk\u0161\u010diau nurodyt\u0173 asmen\u0173 \u012fgalioti atstovai.<\/p>\n<p>6. Informuojame, jog tam, kad gal\u0117tume pasi\u016blyti Jums visavertes paslaugas m\u016bs\u0173 svetain\u0117je, J\u016bs\u0173 kompiuteryje (\u012frenginyje) \u012fra\u0161ome informacij\u0105 (slapukus, angl. \u201ecookies\u201d). \u012era\u0161yt\u0105 informacij\u0105 naudosime atpa\u017eindami Jus, kaip ankstesn\u012f svetain\u0117s naudotoj\u0105, rinkdami svetain\u0117s lankomumo statistik\u0105. J\u016bs bet kada galite per\u017ei\u016br\u0117ti, koki\u0105 informacij\u0105 (slapukus) \u012fra\u0161ome, ir galite i\u0161trinti dal\u012f ar visus \u012fra\u0161ytus slapukus. Taip pat turite teis\u0119 nesutikti, kad b\u016bt\u0173 \u012fra\u0161oma ir naudojama informacija (slapukai) J\u016bs\u0173 kompiuteryje (\u012frenginyje), ta\u010diau tokiu atveju kai kurios svetain\u0117s funkcijos Jums gali b\u016bti neprieinamos. Preziumuojame, jog naudodamasis el. parduotuve sutinkame su tuo, kad J\u016bs\u0173 kompiuteryje (\u012frenginyje) b\u016bt\u0173 \u012fra\u0161oma informacija. Savo duot\u0105 sutikim\u0105 bet kada gal\u0117site at\u0161aukti, pakeisdami savo interneto nar\u0161ykl\u0117s nustatymus, ar kreipdamiesi \u012f mus bet kuriais svetain\u0117je skelbiamais kontaktais.<\/p>\n<h3>II. Asmens duomen\u0173 rinkimas, tvarkymas, saugojimas<\/h3>\n<p>7. J\u016bs\u0173 asmens duomenys (vardas, pavard\u0117, am\u017eiaus grup\u0117, adresas, telefono numeris, elektroninio pa\u0161to adresas ir kita el. parduotuv\u0117s registracijos formoje nurodyta informacija) renkami ir tvarkomi \u0161iems tikslams:<\/p>\n<p>7.1. apdoroti J\u016bs\u0173 preki\u0173 u\u017esakymus;<\/p>\n<p>7.2. i\u0161ra\u0161yti finansinius dokumentus (pvz., s\u0105skaitas fakt\u016bras);<\/p>\n<p>7.3. spr\u0119sti problemas, susijusias su preki\u0173 pateikimu ar pristatymu;<\/p>\n<p>7.4. vykdyti kitus sutartinius \u012fsipareigojimus;<\/p>\n<p>7.5. tiesiogin\u0117s rinkodaros tikslais.<\/p>\n<p>8. Registracijos el. parduotuv\u0117je metu pra\u0161ome J\u016bs\u0173 pateikti i\u0161samius ir teisingus asmens duomenis.<\/p>\n<p>9. Tvarkydama ir saugodama J\u016bs\u0173 asmens duomenis Elektronin\u0117 parduotuv\u0117 \u012fgyvendina organizacines ir technines priemones, kurios u\u017etikrina asmens duomenims apsaug\u0105 nuo atsitiktinio ar neteis\u0117to sunaikinimo, pakeitimo, atskleidimo, taip pat nuo bet kokio kito neteis\u0117to tvarkymo.<\/p>\n<p>10.Elektronin\u0117 parduotuv\u0117 gali statistiniais tikslais naudoti su J\u016bs\u0173 asmeniu tiesiogiai nesusijusius duomenis, t. y. duomenis apie \u012fsigytas prekes. Tokie statistiniai duomenys bus renkami ir tvarkomi taip, kad neleist\u0173 atskleisti Kliento asmens tapatyb\u0117s arba kit\u0173 asmens duomen\u0173, pagal kuriuos b\u016bt\u0173 galima nustatyti asmens tapatyb\u0119.<\/p>\n<h3>III. Asmens duomen\u0173 perdavimas tre\u010diosioms \u0161alims<\/h3>\n<p>11.Elektronin\u0117 parduotuv\u0117 pasilieka teis\u0119 perduoti informacij\u0105 tre\u010diosioms \u0161alims:<\/p>\n<p>11.1. tik \u0161io dokumento 4, 6 punktuose minimiems tikslams \u012fgyvendinti;<\/p>\n<p>11.2. tik Lietuvos Respublikos \u012fstatym\u0173 nustatyta tvarka.<\/p>\n<h3>IV. Asmens duomen\u0173 pakeitimas ar atnaujinimas<\/h3>\n<p>12. J\u016bs turite teis\u0119 bet kada keisti ir\/ar atnaujinti registracijos formoje pateikt\u0105 informacij\u0105.<\/p>\n<h3>V. Informacijos ar pretenzij\u0173 perdavimas<\/h3>\n<p>13. J\u016bs, leid\u0119s tvarkyti savo asmens duomenis, turite teis\u0119:<\/p>\n<p>13.1. reikalauti i\u0161taisyti, sunaikinti savo asmens duomenis arba sustabdyti, i\u0161skyrus saugojim\u0105, savo asmens duomen\u0173 tvarkymo veiksmus, kai duomenys tvarkomi nesilaikant \u0161io ir kit\u0173 \u012fstatym\u0173 nuostat\u0173;<\/p>\n<p>13.2. nesutikti, kad b\u016bt\u0173 tvarkomi jo asmens duomenys.<\/p>\n<p>4. Elektronin\u0117 parduotuv\u0117, gavusi J\u016bs\u0173 pra\u0161ym\u0105 d\u0117l asmens duomen\u0173 tvarkymo, ne v\u0117liau kaip per 30 kalendorini\u0173 dien\u0173 nuo J\u016bs\u0173 kreipimosi dienos, pateiks Jums atsakym\u0105. Nagrin\u0117jami tik tie pra\u0161ymai d\u0117l asmens duomen\u0173 tvarkymo, kurie pateikiami ra\u0161tu (el. pa\u0161tu mail@azalija.lt).<\/p>\n<h3>VI. Privatumo politikos keitimas<\/h3>\n<p>15. Privatumo politikos nuostatos per\u017ei\u016brimos ir atnaujinamos pasikeitus teis\u0117s aktams, kurie reglamentuoja asmens duomen\u0173 tvarkym\u0105, informacini\u0173 ir komunikacini\u0173 technologij\u0173 naudojim\u0105.<\/p>\n<p>Privatumo politikos papildymai ar pakeitimai \u012fsigalioja nuo j\u0173 paskelbimo, t. y. nuo tos dienos, kai jie yra patalpinami azalija.lt.<\/p>\t\t\t\t\t\t\t\t<\/div>\n\t\t\t\t\t<\/div>\n\t\t\t\t<\/div>\n\t\t\t\t<\/div>","protected":false},"excerpt":{"rendered":"<p>I. General 1. This Privacy Policy is governed by the Azalia online shop (referred as the Online Store) and the Online Shop Customer (hereinafter \u2013 You, Your) the basic principles and procedures for the collection, processing and storage of personal data. 2. The collection, processing and storage of Your personal data is governed by this&#8230;<\/p>","protected":false},"author":1,"featured_media":0,"parent":0,"menu_order":0,"comment_status":"closed","ping_status":"closed","template":"","meta":{"_bst_post_transparent":"","_bst_post_title":"","_bst_post_layout":"narrow","_bst_post_sidebar_id":"","_bst_post_content_style":"","_bst_post_vertical_padding":"","_bst_post_feature":"","_bst_post_feature_position":"","_bst_post_header":false,"_bst_post_footer":false,"footnotes":""},"class_list":["post-1554","page","type-page","status-publish","hentry"],"_hostinger_reach_plugin_has_subscription_block":false,"_hostinger_reach_plugin_is_elementor":false,"_links":{"self":[{"href":"https:\/\/azalia.lt\/lt\/wp-json\/wp\/v2\/pages\/1554","targetHints":{"allow":["GET"]}}],"collection":[{"href":"https:\/\/azalia.lt\/lt\/wp-json\/wp\/v2\/pages"}],"about":[{"href":"https:\/\/azalia.lt\/lt\/wp-json\/wp\/v2\/types\/page"}],"author":[{"embeddable":true,"href":"https:\/\/azalia.lt\/lt\/wp-json\/wp\/v2\/users\/1"}],"replies":[{"embeddable":true,"href":"https:\/\/azalia.lt\/lt\/wp-json\/wp\/v2\/comments?post=1554"}],"version-history":[{"count":0,"href":"https:\/\/azalia.lt\/lt\/wp-json\/wp\/v2\/pages\/1554\/revisions"}],"wp:attachment":[{"href":"https:\/\/azalia.lt\/lt\/wp-json\/wp\/v2\/media?parent=1554"}],"curies":[{"name":"wp","href":"https:\/\/api.w.org\/{rel}","templated":true}]}}