{"id":1622,"date":"2025-11-17T15:11:31","date_gmt":"2025-11-17T15:11:31","guid":{"rendered":"https:\/\/azalia.lt\/?page_id=1622"},"modified":"2025-11-19T16:51:06","modified_gmt":"2025-11-19T16:51:06","slug":"didmeniniai-arabiski-kvepalai","status":"publish","type":"page","link":"https:\/\/azalia.lt\/lt\/didmeniniai-arabiski-kvepalai\/","title":{"rendered":"Didmenin\u0117 Prekyba"},"content":{"rendered":"<div data-elementor-type=\"wp-page\" data-elementor-id=\"1622\" class=\"elementor elementor-1622\">\n\t\t\t\t<div class=\"elementor-element elementor-element-d0efe34 e-flex e-con-boxed e-con e-parent\" data-id=\"d0efe34\" data-element_type=\"container\" data-e-type=\"container\">\n\t\t\t\t\t<div class=\"e-con-inner\">\n\t\t<div class=\"elementor-element elementor-element-0dcd60e e-con-full e-flex e-con e-child\" data-id=\"0dcd60e\" data-element_type=\"container\" data-e-type=\"container\">\n\t\t\t\t<div class=\"elementor-element elementor-element-45d5653 elementor-widget elementor-widget-heading\" data-id=\"45d5653\" data-element_type=\"widget\" data-e-type=\"widget\" data-widget_type=\"heading.default\">\n\t\t\t\t\t<h3 class=\"elementor-heading-title elementor-size-default\">Ie\u0161kote patikimo arabi\u0161k\u0173 kvepal\u0173 tiek\u0117jo? Ar planuojate prad\u0117ti kvepal\u0173 versl\u0105?<\/h3>\t\t\t\t<\/div>\n\t\t\t\t<\/div>\n\t\t\t\t\t<\/div>\n\t\t\t\t<\/div>\n\t\t<div class=\"elementor-element elementor-element-896e230 e-flex e-con-boxed e-con e-parent\" data-id=\"896e230\" data-element_type=\"container\" data-e-type=\"container\">\n\t\t\t\t\t<div class=\"e-con-inner\">\n\t\t<div class=\"elementor-element elementor-element-8bb60bd e-con-full e-flex e-con e-child\" data-id=\"8bb60bd\" data-element_type=\"container\" data-e-type=\"container\">\n\t\t\t\t<div class=\"elementor-element elementor-element-163b142 elementor-widget elementor-widget-text-editor\" data-id=\"163b142\" data-element_type=\"widget\" data-e-type=\"widget\" data-widget_type=\"text-editor.default\">\n\t\t\t\t\t\t\t\t\t<p>D\u017eiaugiam\u0117s gal\u0117dami savo klientams pasi\u016blyti AZALIA paslaugas ir produktus.<\/p><p>Si\u016blome geriausi\u0173 arab\u0173 gamintoj\u0173 kvepalus: Lattafa, Ard Al Zafraan, Alhambra, Fragrance World, Gulf Orchid, Maison Asrar, Naseem, Emper, Al Fares, Le Chameau, Milestone.<\/p><p>Gamini\u0173 kokyb\u0117 labai vertinama arab\u0173 \u0161alyse ir u\u017esienyje.<\/p><p>Tenkiname klient\u0173 poreikius ir reikalavimus, parinkdami geriausius ir kokybi\u0161kiausius gaminius.<\/p><p>Arabi\u0161ki kvepalai yra populiarus produktas prekyboje internetu ir neprisijungus.<\/p><p>Kvie\u010diame parfumerijos parduotuves, \u012fmones, individualius verslininkus ir kitus asmenis, dirban\u010dius \u201eryt\u0173 kryptimi\u201c, \u012f abipusiai nauding\u0105 bendradarbiavim\u0105.<\/p><p>Nor\u0117dami tapti didmeniniu pirk\u0117ju, turite u\u017esiregistruoti ir \u012fvesti savo \u012fmon\u0117s duomenis.<\/p><p>U\u017esiregistrav\u0119 gausite el. lai\u0161k\u0105 su slapta\u017eod\u017eiu, kad prisijungtum\u0117te prie savo paskyros m\u016bs\u0173 svetain\u0117je.<\/p><p>Prisijung\u0119 prie savo paskyros, galite pateikti u\u017esakym\u0105 kaip didmeninis pirk\u0117jas.<\/p><p>Mes taip pat si\u016blo k\u016brybinio grafinio dizaino paslaugas, \u012fskaitant tapatyb\u0117s dizain\u0105, iliustracijas, web dizain\u0105, NFT dizain\u0105.<\/p><p>M\u016bs\u0173 talenting\u0173 dizaineri\u0173 komanda gali pad\u0117ti \u012fgyvendinti j\u016bs\u0173 id\u0117jas ir sukurti unikal\u0173 bei ak\u012f traukiant\u012f dizain\u0105 j\u016bs\u0173 prek\u0117s \u017eenklui ar projektui.<span style=\"letter-spacing: 0.3px;\">. <\/span><strong style=\"letter-spacing: 0.3px;\"><a href=\"https:\/\/azalija.lt\/profesionalus-grafinis-dizainas\/\" data-wplink-edit=\"true\" target=\"_blank\" rel=\"noopener\">Skaityti daugiau<\/a><\/strong><\/p>\t\t\t\t\t\t\t\t<\/div>\n\t\t\t\t<\/div>\n\t\t\t\t\t<\/div>\n\t\t\t\t<\/div>\n\t\t<div class=\"elementor-element elementor-element-d0fc59a e-flex e-con-boxed e-con e-parent\" data-id=\"d0fc59a\" data-element_type=\"container\" data-e-type=\"container\">\n\t\t\t\t\t<div class=\"e-con-inner\">\n\t\t<div class=\"elementor-element elementor-element-34ed267 e-con-full e-flex e-con e-child\" data-id=\"34ed267\" data-element_type=\"container\" data-e-type=\"container\">\n\t\t\t\t<div class=\"elementor-element elementor-element-5816457 elementor-widget elementor-widget-text-editor\" data-id=\"5816457\" data-element_type=\"widget\" data-e-type=\"widget\" data-widget_type=\"text-editor.default\">\n\t\t\t\t\t\t\t\t\t<h3><a href=\"https:\/\/wholesale.azalija.lt\/wholesale-registration\/\" target=\"_blank\" rel=\"noopener\">Didmenini\u0173 Klient\u0173 Registracija<\/a><\/h3>\t\t\t\t\t\t\t\t<\/div>\n\t\t\t\t<\/div>\n\t\t\t\t\t<\/div>\n\t\t\t\t<\/div>\n\t\t\t\t<\/div>","protected":false},"excerpt":{"rendered":"<p>Searching for a reliable Arabic perfume supplier? Plannning to open your own \u201cperfume\u201d business? We are pleased to offer our customers AZALIA services and products. We offer perfumes from the best Arab manufacturers: Lattafa, Ard Al Zafraan, Alhambra, Fragrance World, Gulf Orchid, Maison Asrar, Naseem, Emper, Al Fares, Le Chameau, Milestone. The quality of the&#8230;<\/p>","protected":false},"author":1,"featured_media":0,"parent":0,"menu_order":0,"comment_status":"closed","ping_status":"closed","template":"","meta":{"_bst_post_transparent":"","_bst_post_title":"","_bst_post_layout":"","_bst_post_sidebar_id":"","_bst_post_content_style":"","_bst_post_vertical_padding":"","_bst_post_feature":"","_bst_post_feature_position":"","_bst_post_header":false,"_bst_post_footer":false,"footnotes":""},"class_list":["post-1622","page","type-page","status-publish","hentry"],"_hostinger_reach_plugin_has_subscription_block":false,"_hostinger_reach_plugin_is_elementor":false,"_links":{"self":[{"href":"https:\/\/azalia.lt\/lt\/wp-json\/wp\/v2\/pages\/1622","targetHints":{"allow":["GET"]}}],"collection":[{"href":"https:\/\/azalia.lt\/lt\/wp-json\/wp\/v2\/pages"}],"about":[{"href":"https:\/\/azalia.lt\/lt\/wp-json\/wp\/v2\/types\/page"}],"author":[{"embeddable":true,"href":"https:\/\/azalia.lt\/lt\/wp-json\/wp\/v2\/users\/1"}],"replies":[{"embeddable":true,"href":"https:\/\/azalia.lt\/lt\/wp-json\/wp\/v2\/comments?post=1622"}],"version-history":[{"count":0,"href":"https:\/\/azalia.lt\/lt\/wp-json\/wp\/v2\/pages\/1622\/revisions"}],"wp:attachment":[{"href":"https:\/\/azalia.lt\/lt\/wp-json\/wp\/v2\/media?parent=1622"}],"curies":[{"name":"wp","href":"https:\/\/api.w.org\/{rel}","templated":true}]}}