{"id":1822,"date":"2025-11-19T15:08:55","date_gmt":"2025-11-19T15:08:55","guid":{"rendered":"https:\/\/azalia.lt\/?page_id=1822"},"modified":"2025-11-19T16:06:40","modified_gmt":"2025-11-19T16:06:40","slug":"payment","status":"publish","type":"page","link":"https:\/\/azalia.lt\/lt\/payment\/","title":{"rendered":"Mok\u0117jimas"},"content":{"rendered":"<div data-elementor-type=\"wp-page\" data-elementor-id=\"1822\" class=\"elementor elementor-1822\">\n\t\t\t\t<div class=\"elementor-element elementor-element-ffbf43b e-flex e-con-boxed e-con e-parent\" data-id=\"ffbf43b\" data-element_type=\"container\" data-e-type=\"container\">\n\t\t\t\t\t<div class=\"e-con-inner\">\n\t\t<div class=\"elementor-element elementor-element-1e75ed9 e-con-full e-flex e-con e-child\" data-id=\"1e75ed9\" data-element_type=\"container\" data-e-type=\"container\">\n\t\t\t\t<div class=\"elementor-element elementor-element-86e0d0c elementor-widget elementor-widget-heading\" data-id=\"86e0d0c\" data-element_type=\"widget\" data-e-type=\"widget\" data-widget_type=\"heading.default\">\n\t\t\t\t\t<h2 class=\"elementor-heading-title elementor-size-default\"><h1 class=\"page-title my-5\" style=\"font-family: Courgette, sans-serif;line-height: 1.2;font-size: 2.75rem;letter-spacing: normal;text-align: center;margin-top: 3rem !important;margin-bottom: 3rem !important\">Preki\u0173 apmok\u0117jimas<\/h1><\/h2>\t\t\t\t<\/div>\n\t\t\t\t<\/div>\n\t\t\t\t\t<\/div>\n\t\t\t\t<\/div>\n\t\t<div class=\"elementor-element elementor-element-2f287d8 e-flex e-con-boxed e-con e-parent\" data-id=\"2f287d8\" data-element_type=\"container\" data-e-type=\"container\">\n\t\t\t\t\t<div class=\"e-con-inner\">\n\t\t<div class=\"elementor-element elementor-element-23f9812 e-con-full e-flex e-con e-child\" data-id=\"23f9812\" data-element_type=\"container\" data-e-type=\"container\">\n\t\t\t\t<div class=\"elementor-element elementor-element-5ee884a elementor-widget elementor-widget-heading\" data-id=\"5ee884a\" data-element_type=\"widget\" data-e-type=\"widget\" data-widget_type=\"heading.default\">\n\t\t\t\t\t<h3 class=\"elementor-heading-title elementor-size-default\">Mes si\u016blome kelet\u0105 saugi\u0173 apmok\u0117jimo b\u016bd\u0173:<\/h3>\t\t\t\t<\/div>\n\t\t\t\t<\/div>\n\t\t\t\t\t<\/div>\n\t\t\t\t<\/div>\n\t\t<div class=\"elementor-element elementor-element-42e724f e-flex e-con-boxed e-con e-parent\" data-id=\"42e724f\" data-element_type=\"container\" data-e-type=\"container\">\n\t\t\t\t\t<div class=\"e-con-inner\">\n\t\t\t\t\t<\/div>\n\t\t\t\t<\/div>\n\t\t<div class=\"elementor-element elementor-element-b10212d e-flex e-con-boxed e-con e-parent\" data-id=\"b10212d\" data-element_type=\"container\" data-e-type=\"container\">\n\t\t\t\t\t<div class=\"e-con-inner\">\n\t\t\t\t<div class=\"elementor-element elementor-element-6d8a80c elementor-tabs-view-horizontal elementor-widget elementor-widget-tmcore-tabs elementor-widget-tabs\" data-id=\"6d8a80c\" data-element_type=\"widget\" data-e-type=\"widget\" data-widget_type=\"tmcore-tabs.default\">\n\t\t\t\t<div class=\"elementor-widget-container\">\n\t\t\t\t\t        <div class=\"elementor-tabs\" role=\"tablist\">\n            <div class=\"elementor-tabs-wrapper\">\n\t\t\t\t                    <div id=\"elementor-tab-title-1141\" class=\"elementor-tab-title elementor-tab-desktop-title elementor-active elementor-repeater-item-f483a23\" data-tab=\"1\" role=\"tab\" aria-controls=\"elementor-tab-content-1141\">\n                        <a href=\"\">Bankiniu Pavedimu <\/a><\/div>\n\t\t\t\t                    <div id=\"elementor-tab-title-1142\" class=\"elementor-tab-title elementor-tab-desktop-title  elementor-repeater-item-7d049bc\" data-tab=\"2\" role=\"tab\" aria-controls=\"elementor-tab-content-1142\">\n                        <a href=\"\">PAYPAL<\/a><\/div>\n\t\t\t\t                    <div id=\"elementor-tab-title-1143\" class=\"elementor-tab-title elementor-tab-desktop-title  elementor-repeater-item-141f953\" data-tab=\"3\" role=\"tab\" aria-controls=\"elementor-tab-content-1143\">\n                        <a href=\"\">Mok\u0117jimas Banko Kortele <\/a><\/div>\n\t\t\t\t                    <div id=\"elementor-tab-title-1144\" class=\"elementor-tab-title elementor-tab-desktop-title  elementor-repeater-item-b99ecba\" data-tab=\"4\" role=\"tab\" aria-controls=\"elementor-tab-content-1144\">\n                        <a href=\"\">I\u0161simok\u0117tinai (Azalia+ESTO lizingas)<\/a><\/div>\n\t\t\t\t            <\/div>\n            <div class=\"elementor-tabs-content-wrapper\">\n\t\t\t\t                    <div class=\"elementor-tab-title elementor-tab-mobile-title elementor-active elementor-repeater-item-f483a23\" data-tab=\"1\" role=\"tab\" aria-controls=\"elementor-tab-content-1141\">Bankiniu Pavedimu <\/div>\n                    <div id=\"elementor-tab-content-1141\" class=\"elementor-tab-content elementor-clearfix elementor-active elementor-repeater-item-f483a23\" data-tab=\"1\" role=\"tabpanel\" aria-labelledby=\"elementor-tab-title-1141\">\n\t\t\t\t\t\t\t\t\t\t\t\t\t<h6>Pasirinkus \u0161\u012f mok\u0117jimo b\u016bd\u0105, J\u016bs tur\u0117site \u012f m\u016bs\u0173 s\u0105skait\u0105 pervesti u\u017esakymo vert\u0117s pinig\u0173 sum\u0105.\n\nTai gal\u0117site padaryti prisijung\u0119 prie savo banko elektronin\u0117s sistemos arba bet kuriame banko ar pa\u0161to skyriuje.<\/h6><h6>Po u\u017esakymo patvirtinimo Jus gausite lai\u0161k\u0105, kuriame bus nurodyti banko duomenys bei u\u017esakymo numeris.<\/h6><h6>Apmokant per bank\u0105 reikia nurodyti u\u017esakymo numer\u012f.<\/h6>\t\t\t\t\t\t                    <\/div>\n\n\t\t\t\t                    <div class=\"elementor-tab-title elementor-tab-mobile-title  elementor-repeater-item-7d049bc\" data-tab=\"2\" role=\"tab\" aria-controls=\"elementor-tab-content-1142\">PAYPAL<\/div>\n                    <div id=\"elementor-tab-content-1142\" class=\"elementor-tab-content elementor-clearfix  elementor-repeater-item-7d049bc\" data-tab=\"2\" role=\"tabpanel\" aria-labelledby=\"elementor-tab-title-1142\">\n\t\t\t\t\t\t\t\t\t\t\t\t\t<h6>Mes naudojame integruot\u0105 PayPal mok\u0117jimo sistem\u0105. PayPal si\u016blo apmok\u0117jim\u0105 visame pasaulyje. PayPal turi pa\u017eangiausi\u0105 saugi\u0105 mok\u0117jimo sistem\u0105 pirk\u0117jams ir pardav\u0117jams, suteikian\u010dia apsaug\u0105 nuo suk\u010diavim\u0173.<\/h6><h6>Pasirinkus PayPal apmok\u0117jimo b\u016bd\u0105 J\u016bs busite automati\u0161kai nukreipti \u012f oficial\u0173 PayPal tinklap\u012f tam, kad t\u0119sti mok\u0117jim\u0105.<\/h6><h6>Jeigu esate atsidar\u0119 PayPal s\u0105skait\u0105, Jus galite apmok\u0117ti u\u017esakym\u0105 naudojant \u0161i\u0105 s\u0105skait\u0105. Jeigu neturite PayPal s\u0105skaitos, galite apmok\u0117ti kreditine kortele PayPal oficialiame tinklalapyje.<\/h6><h6>\u012evykus apmok\u0117jimui \u012f J\u016bs\u0173 elektronin\u012f pa\u0161t\u0105 bus i\u0161siustas PayPal lai\u0161kas, patvirtinantis apmok\u0117jim\u0105.<\/h6>\t\t\t\t\t\t                    <\/div>\n\n\t\t\t\t                    <div class=\"elementor-tab-title elementor-tab-mobile-title  elementor-repeater-item-141f953\" data-tab=\"3\" role=\"tab\" aria-controls=\"elementor-tab-content-1143\">Mok\u0117jimas Banko Kortele <\/div>\n                    <div id=\"elementor-tab-content-1143\" class=\"elementor-tab-content elementor-clearfix  elementor-repeater-item-141f953\" data-tab=\"3\" role=\"tabpanel\" aria-labelledby=\"elementor-tab-title-1143\">\n\t\t\t\t\t\t\t\t\t\t\t\t\t<h6>Galite saugiai mok\u0117ti Visa, Mastercard, Maestro su Stripe. Stripe per kelias minutes priima mok\u0117jimus i\u0161 klient\u0173 visame pasaulyje.<\/h6><h6>Greitas, saugus ir paprastas mok\u0117jimo b\u016bdas.<\/h6>\t\t\t\t\t\t                    <\/div>\n\n\t\t\t\t                    <div class=\"elementor-tab-title elementor-tab-mobile-title  elementor-repeater-item-b99ecba\" data-tab=\"4\" role=\"tab\" aria-controls=\"elementor-tab-content-1144\">I\u0161simok\u0117tinai (Azalia+ESTO lizingas)<\/div>\n                    <div id=\"elementor-tab-content-1144\" class=\"elementor-tab-content elementor-clearfix  elementor-repeater-item-b99ecba\" data-tab=\"4\" role=\"tabpanel\" aria-labelledby=\"elementor-tab-title-1144\">\n\t\t\t\t\t\t\t\t\t\t\t\t\t<h6>Norimas prekes galima \u012fsigyti i\u0161simok\u0117tinai, ypa\u010d greitai ir patogiai! Jums tereik\u0117s patvirtinti u\u017esakym\u0105, pasirinkti ESTO lizing\u0105 kaip mok\u0117jimo b\u016bd\u0105, susipa\u017einti su asmenin\u0117mis paslaugos s\u0105lygomis ir skaitmeniniu b\u016bdu pasira\u0161yti pirkimo i\u0161simok\u0117tinai sutart\u012f.<\/h6><ul><li><h6>Greita, patogu ir saugu. <span style=\"letter-spacing: 0.3px;\">process, lasting about 1-2 minutes.<\/span><\/h6><\/li><li><h6>Repayment terms up to 60 months.<\/h6><\/li><li><h6>Sutartis gali sudaryti asmenys, sulauk\u0119 19 met\u0173.<\/h6><\/li><li><h6>Mokant per pirm\u0105sias 30 dien\u0173, papildom\u0173 mokes\u010di\u0173 netaikoma.<\/h6><\/li><\/ul><h6>Daugiau informacijos: esto.eu\/lt\u00a0<\/h6>\t\t\t\t\t\t                    <\/div>\n\n\t\t\t\t            <\/div>\n        <\/div>\n\t\t\t\t\t\t<\/div>\n\t\t\t\t<\/div>\n\t\t\t\t\t<\/div>\n\t\t\t\t<\/div>\n\t\t<div class=\"elementor-element elementor-element-d781919 e-flex e-con-boxed e-con e-parent\" data-id=\"d781919\" data-element_type=\"container\" data-e-type=\"container\">\n\t\t\t\t\t<div class=\"e-con-inner\">\n\t\t\t\t<div class=\"elementor-element elementor-element-d48f824 elementor-widget elementor-widget-spacer\" data-id=\"d48f824\" data-element_type=\"widget\" data-e-type=\"widget\" data-widget_type=\"spacer.default\">\n\t\t\t\t\t\t\t<div class=\"elementor-spacer\">\n\t\t\t<div class=\"elementor-spacer-inner\"><\/div>\n\t\t<\/div>\n\t\t\t\t\t\t<\/div>\n\t\t\t\t\t<\/div>\n\t\t\t\t<\/div>\n\t\t\t\t<\/div>","protected":false},"excerpt":{"rendered":"<p>Payments for Goods We offer several secure payment methods: Bank Wire PAYPAL Bank Card payments Installments (Azalia+ESTO leasing) Bank Wire If you choose this payment method, you will have to transfer the amount of the order value to our bank account. After confirmation of the order, you will receive a letter of the Bank data&#8230;<\/p>","protected":false},"author":1,"featured_media":0,"parent":0,"menu_order":0,"comment_status":"closed","ping_status":"closed","template":"","meta":{"_bst_post_transparent":"","_bst_post_title":"hide","_bst_post_layout":"fullwidth","_bst_post_sidebar_id":"","_bst_post_content_style":"unboxed","_bst_post_vertical_padding":"hide","_bst_post_feature":"hide","_bst_post_feature_position":"","_bst_post_header":false,"_bst_post_footer":false,"footnotes":""},"class_list":["post-1822","page","type-page","status-publish","hentry"],"_hostinger_reach_plugin_has_subscription_block":false,"_hostinger_reach_plugin_is_elementor":false,"_links":{"self":[{"href":"https:\/\/azalia.lt\/lt\/wp-json\/wp\/v2\/pages\/1822","targetHints":{"allow":["GET"]}}],"collection":[{"href":"https:\/\/azalia.lt\/lt\/wp-json\/wp\/v2\/pages"}],"about":[{"href":"https:\/\/azalia.lt\/lt\/wp-json\/wp\/v2\/types\/page"}],"author":[{"embeddable":true,"href":"https:\/\/azalia.lt\/lt\/wp-json\/wp\/v2\/users\/1"}],"replies":[{"embeddable":true,"href":"https:\/\/azalia.lt\/lt\/wp-json\/wp\/v2\/comments?post=1822"}],"version-history":[{"count":0,"href":"https:\/\/azalia.lt\/lt\/wp-json\/wp\/v2\/pages\/1822\/revisions"}],"wp:attachment":[{"href":"https:\/\/azalia.lt\/lt\/wp-json\/wp\/v2\/media?parent=1822"}],"curies":[{"name":"wp","href":"https:\/\/api.w.org\/{rel}","templated":true}]}}