{"id":1414,"date":"2025-11-16T06:49:18","date_gmt":"2025-11-16T06:49:18","guid":{"rendered":"https:\/\/azalia.lt\/?post_type=product&#038;p=1414"},"modified":"2026-04-14T15:18:46","modified_gmt":"2026-04-14T15:18:46","slug":"dunes-of-dubai-al-haramain-cpo-unisex-12ml","status":"publish","type":"product","link":"https:\/\/azalia.lt\/lt\/produktas\/dunes-of-dubai-al-haramain-cpo-unisex-12ml\/","title":{"rendered":"Dunes of Dubai Al Haramain CPO Unisex 12ml"},"content":{"rendered":"<p>Pirmar\u016b\u0161iai ingredientai ir la\u0161elis prabangos sukuria kvap\u0173j\u012f aliej\u0173 Al Haramain Dunes of Dubai .<br \/>\n\u0160is aliejus apgaubia jus jausmingu nebl\u0117stan\u010dio kvapo \u0161ydu.<br \/>\nVir\u0161utin\u0117s natos: bra\u0161k\u0117s, ananasai, santalai, vanil\u0117.<br \/>\nVidurin\u0117s natos: persikai, g\u0117li\u0173 natos, muskusas, aviet\u0117s, kvapioji kananga.<br \/>\nBazin\u0117s natos: pa\u010diuliai, cinamonas, jazminai, levandos, ro\u017e\u0117s.<\/p>","protected":false},"excerpt":{"rendered":"<p>Pirmar\u016b\u0161iai ingredientai ir la\u0161elis prabangos sukuria kvap\u0173j\u012f aliej\u0173 Al Haramain Dunes of Dubai .<\/p>","protected":false},"featured_media":1415,"comment_status":"open","ping_status":"closed","template":"","meta":{"_bst_post_transparent":"default","_bst_post_title":"","_bst_post_layout":"default","_bst_post_sidebar_id":"","_bst_post_content_style":"default","_bst_post_vertical_padding":"default","_bst_post_feature":"","_bst_post_feature_position":"","_bst_post_header":false,"_bst_post_footer":false},"product_brand":[110],"product_cat":[139,138,202,164,165,82,87,135,166,83,200],"product_tag":[],"product_brands":[113],"class_list":{"0":"post-1414","1":"product","2":"type-product","3":"status-publish","4":"has-post-thumbnail","6":"product_brand-al-haramain","7":"product_cat-cpo-12ml-for-men","8":"product_cat-cpo-12ml-for-women","9":"product_cat-floral-accords","10":"product_cat-gift-for-her","11":"product_cat-gift-for-him","12":"product_cat-gifts","13":"product_cat-vyriski-aliejiniai-kvepalai","14":"product_cat-top-products","15":"product_cat-gift-unisex","16":"product_cat-moteriski-aliejiniai-kvepalai","17":"product_cat-wood-oud-notes","18":"product_brands-al-haramain","20":"first","21":"instock","22":"featured","23":"taxable","24":"shipping-taxable","25":"purchasable","26":"product-type-simple","27":"entry","28":"content-bg","29":"loop-entry"},"_links":{"self":[{"href":"https:\/\/azalia.lt\/lt\/wp-json\/wp\/v2\/product\/1414","targetHints":{"allow":["GET"]}}],"collection":[{"href":"https:\/\/azalia.lt\/lt\/wp-json\/wp\/v2\/product"}],"about":[{"href":"https:\/\/azalia.lt\/lt\/wp-json\/wp\/v2\/types\/product"}],"replies":[{"embeddable":true,"href":"https:\/\/azalia.lt\/lt\/wp-json\/wp\/v2\/comments?post=1414"}],"wp:featuredmedia":[{"embeddable":true,"href":"https:\/\/azalia.lt\/lt\/wp-json\/wp\/v2\/media\/1415"}],"wp:attachment":[{"href":"https:\/\/azalia.lt\/lt\/wp-json\/wp\/v2\/media?parent=1414"}],"wp:term":[{"taxonomy":"product_brand","embeddable":true,"href":"https:\/\/azalia.lt\/lt\/wp-json\/wp\/v2\/product_brand?post=1414"},{"taxonomy":"product_cat","embeddable":true,"href":"https:\/\/azalia.lt\/lt\/wp-json\/wp\/v2\/product_cat?post=1414"},{"taxonomy":"product_tag","embeddable":true,"href":"https:\/\/azalia.lt\/lt\/wp-json\/wp\/v2\/product_tag?post=1414"},{"taxonomy":"product_brands","embeddable":true,"href":"https:\/\/azalia.lt\/lt\/wp-json\/wp\/v2\/product_brands?post=1414"}],"curies":[{"name":"wp","href":"https:\/\/api.w.org\/{rel}","templated":true}]}}