{"id":1734,"date":"2025-11-18T13:38:03","date_gmt":"2025-11-18T13:38:03","guid":{"rendered":"https:\/\/azalia.lt\/?post_type=product&#038;p=1734"},"modified":"2026-04-14T15:20:03","modified_gmt":"2026-04-14T15:20:03","slug":"orientica-cpo-kolekcija-6ml","status":"publish","type":"product","link":"https:\/\/azalia.lt\/lt\/produktas\/orientica-cpo-kolekcija-6ml\/","title":{"rendered":"Orientica CPO Kolekcija 6ml"},"content":{"rendered":"<p>Orientica 6 ml aliejini\u0173 kvepal\u0173 kolekcija \u2013 puikus pasirinkimas m\u0117gstantiems keliauti.<br \/>\nI\u0161tirkite kvap\u0173 \u012fvairov\u0119 ir atraskite j\u016bs\u0173 stili\u0173 papildan\u010dius kvepalus.<\/p>","protected":false},"excerpt":{"rendered":"<p>CPO\/Koncentruoti aliejiniai kvepalai<\/p>","protected":false},"featured_media":1735,"comment_status":"open","ping_status":"closed","template":"","meta":{"_bst_post_transparent":"default","_bst_post_title":"","_bst_post_layout":"default","_bst_post_sidebar_id":"","_bst_post_content_style":"default","_bst_post_vertical_padding":"default","_bst_post_feature":"","_bst_post_feature_position":"","_bst_post_header":false,"_bst_post_footer":false},"product_brand":[120],"product_cat":[136,137,203,87,135,83,200],"product_tag":[],"product_brands":[114],"class_list":{"0":"post-1734","1":"product","2":"type-product","3":"status-publish","4":"has-post-thumbnail","6":"product_brand-orientica","7":"product_cat-cpo-6ml-women","8":"product_cat-cpo-6ml-men","9":"product_cat-golden-amber","10":"product_cat-vyriski-aliejiniai-kvepalai","11":"product_cat-top-products","12":"product_cat-moteriski-aliejiniai-kvepalai","13":"product_cat-wood-oud-notes","14":"product_brands-orientica","16":"first","17":"instock","18":"featured","19":"taxable","20":"shipping-taxable","21":"purchasable","22":"product-type-variable","23":"entry","24":"content-bg","25":"loop-entry"},"_links":{"self":[{"href":"https:\/\/azalia.lt\/lt\/wp-json\/wp\/v2\/product\/1734","targetHints":{"allow":["GET"]}}],"collection":[{"href":"https:\/\/azalia.lt\/lt\/wp-json\/wp\/v2\/product"}],"about":[{"href":"https:\/\/azalia.lt\/lt\/wp-json\/wp\/v2\/types\/product"}],"replies":[{"embeddable":true,"href":"https:\/\/azalia.lt\/lt\/wp-json\/wp\/v2\/comments?post=1734"}],"wp:featuredmedia":[{"embeddable":true,"href":"https:\/\/azalia.lt\/lt\/wp-json\/wp\/v2\/media\/1735"}],"wp:attachment":[{"href":"https:\/\/azalia.lt\/lt\/wp-json\/wp\/v2\/media?parent=1734"}],"wp:term":[{"taxonomy":"product_brand","embeddable":true,"href":"https:\/\/azalia.lt\/lt\/wp-json\/wp\/v2\/product_brand?post=1734"},{"taxonomy":"product_cat","embeddable":true,"href":"https:\/\/azalia.lt\/lt\/wp-json\/wp\/v2\/product_cat?post=1734"},{"taxonomy":"product_tag","embeddable":true,"href":"https:\/\/azalia.lt\/lt\/wp-json\/wp\/v2\/product_tag?post=1734"},{"taxonomy":"product_brands","embeddable":true,"href":"https:\/\/azalia.lt\/lt\/wp-json\/wp\/v2\/product_brands?post=1734"}],"curies":[{"name":"wp","href":"https:\/\/api.w.org\/{rel}","templated":true}]}}