{"id":2025,"date":"2025-11-24T12:57:34","date_gmt":"2025-11-24T12:57:34","guid":{"rendered":"https:\/\/azalia.lt\/?post_type=product&#038;p=2025"},"modified":"2026-04-14T07:50:39","modified_gmt":"2026-04-14T07:50:39","slug":"armaf-club-de-nuit-precieux-i-pp-unisex-55ml","status":"publish","type":"product","link":"https:\/\/azalia.lt\/lt\/produktas\/armaf-club-de-nuit-precieux-i-pp-unisex-55ml\/","title":{"rendered":"Armaf Club De Nuit Precieux I PP Unisex 55ml"},"content":{"rendered":"<p>Armaf Club De Nuit Precieux I Extrait De Parfum PP \u2013 rytieti\u0161ki \u2013 medienos kvepalai vyrams ir moterims.<br \/>\nVir\u0161utin\u0117s natos: ananasas, citrina, karamel\u0117, kriau\u0161\u0117, bergamot\u0117, ro\u017einiai pipirai, juodieji pipirai.<br \/>\nVidurin\u0117s natos: samanos, medienos natos, any\u017eis, pakalnut\u0117, jazminas.<br \/>\nPagrindinis natos: ambroksanas, vanil\u0117, oda, gintaras, baltasis muskusas, kedras, pa\u010diuliai.<br \/>\n\u012ekv\u0117pti Aventus Absolu.<br \/>\nPagaminta JAE.<\/p>","protected":false},"excerpt":{"rendered":"<p>Rytieti\u0161ki \u2013 medienos kvepalai vyrams ir moterims.<\/p>","protected":false},"featured_media":2024,"comment_status":"open","ping_status":"closed","template":"","meta":{"_bst_post_transparent":"default","_bst_post_title":"","_bst_post_layout":"default","_bst_post_sidebar_id":"","_bst_post_content_style":"default","_bst_post_vertical_padding":"default","_bst_post_feature":"","_bst_post_feature_position":"","_bst_post_header":false,"_bst_post_footer":false},"product_brand":[131],"product_cat":[164,165,82,88,86,135,166,89,84],"product_tag":[],"product_brands":[133],"class_list":{"0":"post-2025","1":"product","2":"type-product","3":"status-publish","4":"has-post-thumbnail","6":"product_brand-armaf","7":"product_cat-gift-for-her","8":"product_cat-gift-for-him","9":"product_cat-gifts","10":"product_cat-men-edp-perfume","11":"product_cat-men-spray-perfume","12":"product_cat-top-products","13":"product_cat-gift-unisex","14":"product_cat-women-alcohol-based-perfume","15":"product_cat-women-spray-perfume","16":"product_brands-armaf","18":"first","19":"instock","20":"featured","21":"taxable","22":"shipping-taxable","23":"purchasable","24":"product-type-simple","25":"entry","26":"content-bg","27":"loop-entry"},"_links":{"self":[{"href":"https:\/\/azalia.lt\/lt\/wp-json\/wp\/v2\/product\/2025","targetHints":{"allow":["GET"]}}],"collection":[{"href":"https:\/\/azalia.lt\/lt\/wp-json\/wp\/v2\/product"}],"about":[{"href":"https:\/\/azalia.lt\/lt\/wp-json\/wp\/v2\/types\/product"}],"replies":[{"embeddable":true,"href":"https:\/\/azalia.lt\/lt\/wp-json\/wp\/v2\/comments?post=2025"}],"wp:featuredmedia":[{"embeddable":true,"href":"https:\/\/azalia.lt\/lt\/wp-json\/wp\/v2\/media\/2024"}],"wp:attachment":[{"href":"https:\/\/azalia.lt\/lt\/wp-json\/wp\/v2\/media?parent=2025"}],"wp:term":[{"taxonomy":"product_brand","embeddable":true,"href":"https:\/\/azalia.lt\/lt\/wp-json\/wp\/v2\/product_brand?post=2025"},{"taxonomy":"product_cat","embeddable":true,"href":"https:\/\/azalia.lt\/lt\/wp-json\/wp\/v2\/product_cat?post=2025"},{"taxonomy":"product_tag","embeddable":true,"href":"https:\/\/azalia.lt\/lt\/wp-json\/wp\/v2\/product_tag?post=2025"},{"taxonomy":"product_brands","embeddable":true,"href":"https:\/\/azalia.lt\/lt\/wp-json\/wp\/v2\/product_brands?post=2025"}],"curies":[{"name":"wp","href":"https:\/\/api.w.org\/{rel}","templated":true}]}}