{"id":2050,"date":"2025-11-25T09:35:21","date_gmt":"2025-11-25T09:35:21","guid":{"rendered":"https:\/\/azalia.lt\/?post_type=product&#038;p=2050"},"modified":"2026-03-22T12:23:59","modified_gmt":"2026-03-22T12:23:59","slug":"set-discovery-1-emper-edp-6x3ml","status":"publish","type":"product","link":"https:\/\/azalia.lt\/lt\/produktas\/set-discovery-1-emper-edp-6x3ml\/","title":{"rendered":"Rinkinys \u201eDiscovery-1\u201d Emper EDP 6x3ML"},"content":{"rendered":"<p>\u201e Discovery Set -1\u201c \u2013 tai i\u0161skirtin\u0117 \u0161e\u0161i\u0173 kruop\u0161\u010diai atrinkt\u0173 3 ml kvepal\u0173 kolekcija.<br \/>\nRinkin\u012f sudaro:<br \/>\nEmper <strong>Desert Angel Blue Night<\/strong> - paslaptingas, rytieti\u0161kas aromatas su a\u0161triomis ir medienos natomis, atspindintis nakties gilum\u0105.<br \/>\nEmper <strong>Casabella Moonlight<\/strong> \u2013 subtilus ir jausmingas, su g\u0117li\u0173 akcentais ir muskuso u\u017euomina, puikiai tinka romanti\u0161kiems vakarams.<br \/>\nEmper <strong>Floretta Violeta<\/strong> - g\u0117li\u0173 ir moteri\u0161kas su \u0161velniais \u017eibuokli\u0173 niuansais \u2013 eleganti\u0161kas aromatas kasdieniam ne\u0161iojimui.<br \/>\nEmper <strong>Floretta Jouri<\/strong> - gaivus ro\u017ei\u0173 aromatas su rytieti\u0161ku gyliu, \u012fkv\u0117ptas klasikini\u0173 arabi\u0161k\u0173 aromat\u0173.<br \/>\nEmper <strong>Casabella Al Hub<\/strong> \u2013 tyros meil\u0117s i\u0161rai\u0161ka: saldus, \u0161velnus ir apgaubiantis \u2013 aromatas su charakteriu.<br \/>\nEmper <strong>Legend Pride<\/strong> \u2013 galingas ir vyri\u0161kas su medienos ir a\u0161trumo pagrindu \u2013 idealiai tinka pasitikin\u010dioms savimi asmenyb\u0117ms.<\/p>","protected":false},"excerpt":{"rendered":"<p>Idealiai tinka bandymams, kelion\u0117ms ar dovanoms<\/p>","protected":false},"featured_media":2028,"comment_status":"open","ping_status":"closed","template":"","meta":{"_bst_post_transparent":"default","_bst_post_title":"","_bst_post_layout":"default","_bst_post_sidebar_id":"","_bst_post_content_style":"default","_bst_post_vertical_padding":"default","_bst_post_feature":"","_bst_post_feature_position":"","_bst_post_header":false,"_bst_post_footer":false},"product_brand":[122],"product_cat":[130,129],"product_tag":[],"product_brands":[118],"class_list":{"0":"post-2050","1":"product","2":"type-product","3":"status-publish","4":"has-post-thumbnail","6":"product_brand-emper","7":"product_cat-men-mini-perfume","8":"product_cat-women-mini-perfume","9":"product_brands-emper","11":"first","12":"instock","13":"featured","14":"taxable","15":"shipping-taxable","16":"purchasable","17":"product-type-simple","18":"entry","19":"content-bg","20":"loop-entry"},"_links":{"self":[{"href":"https:\/\/azalia.lt\/lt\/wp-json\/wp\/v2\/product\/2050","targetHints":{"allow":["GET"]}}],"collection":[{"href":"https:\/\/azalia.lt\/lt\/wp-json\/wp\/v2\/product"}],"about":[{"href":"https:\/\/azalia.lt\/lt\/wp-json\/wp\/v2\/types\/product"}],"replies":[{"embeddable":true,"href":"https:\/\/azalia.lt\/lt\/wp-json\/wp\/v2\/comments?post=2050"}],"wp:featuredmedia":[{"embeddable":true,"href":"https:\/\/azalia.lt\/lt\/wp-json\/wp\/v2\/media\/2028"}],"wp:attachment":[{"href":"https:\/\/azalia.lt\/lt\/wp-json\/wp\/v2\/media?parent=2050"}],"wp:term":[{"taxonomy":"product_brand","embeddable":true,"href":"https:\/\/azalia.lt\/lt\/wp-json\/wp\/v2\/product_brand?post=2050"},{"taxonomy":"product_cat","embeddable":true,"href":"https:\/\/azalia.lt\/lt\/wp-json\/wp\/v2\/product_cat?post=2050"},{"taxonomy":"product_tag","embeddable":true,"href":"https:\/\/azalia.lt\/lt\/wp-json\/wp\/v2\/product_tag?post=2050"},{"taxonomy":"product_brands","embeddable":true,"href":"https:\/\/azalia.lt\/lt\/wp-json\/wp\/v2\/product_brands?post=2050"}],"curies":[{"name":"wp","href":"https:\/\/api.w.org\/{rel}","templated":true}]}}