{"id":2052,"date":"2025-11-25T09:57:27","date_gmt":"2025-11-25T09:57:27","guid":{"rendered":"https:\/\/azalia.lt\/?post_type=product&#038;p=2052"},"modified":"2026-03-22T12:23:58","modified_gmt":"2026-03-22T12:23:58","slug":"set-discovery-2-emper-edp-6x3ml","status":"publish","type":"product","link":"https:\/\/azalia.lt\/lt\/produktas\/set-discovery-2-emper-edp-6x3ml\/","title":{"rendered":"Rinkinys \u201eDiscovery-2\u201d Emper EDP 6x3ML"},"content":{"rendered":"<p>Discovery-2 \u2013 i\u0161skirtin\u0117 \u0161e\u0161i\u0173 kruop\u0161\u010diai atrinkt\u0173 3 ml formato kvepal\u0173 kolekcija.<br \/>\nRinkin\u012f sudaro:<br \/>\n<strong>Emper<\/strong> <strong>Aruba Gold \u2013 <\/strong>prabangus, \u0161iltas aromatas su auksin\u0117mis rytieti\u0161komis natomis, kuriame dera elegancija ir egzotika. \u012ekv\u0117ptas Erba Gold.<strong><br \/>\nEmper <strong>Genius Event \u2013 <\/strong><\/strong>gaivus, dinami\u0161kas ir modernus \u2013 aromatas u\u017etikrintai i\u0161vaizdai ypatingomis progomis. \u012ekv\u0117ptas Aventus.<strong><strong><br \/>\nEmper <strong>Arabia Haya \u2013 <\/strong><\/strong><\/strong>rytieti\u0161kas, g\u0117li\u0173 ir intensyvus \u2013 duokl\u0117 arabi\u0161kos parfumerijos menui. \u012ekv\u0117ptas Haya.<strong><strong><strong><br \/>\nEmper <strong>Buds Rouge \u2013 <\/strong><\/strong><\/strong><\/strong>viliojan\u010diai saldus ir jausmingas su vaisi\u0173 ir g\u0117li\u0173 akcentais \u2013 puikiai tinka kasdienybei ir ypatingoms akimirkoms. \u012ekv\u0117ptas Baccarat Rouge.<strong><strong><strong><strong><br \/>\nEmper <strong>Arabia Haya Crush \u2013 <\/strong><\/strong><\/strong><\/strong><\/strong>modernus klasikinio \u201eArabia Haya\u201c variantas su \u017eaismingu, vaisi\u0173 prieskoniu. \u012ekv\u0117ptas Yara Candy.<strong><strong><strong><strong><strong><br \/>\nEmper <strong>Genius Victory \u2013 <\/strong><\/strong><\/strong><\/strong><\/strong><\/strong>galingas, i\u0161skirtinis aromatas su vyri\u0161ku charakteriu \u2013 idealiai tinka nugal\u0117tojams. \u012ekv\u0117ptas Invictus Victory.<\/p>","protected":false},"excerpt":{"rendered":"<p>Idealiai tinka bandymams, kelion\u0117ms ar dovanoms<\/p>","protected":false},"featured_media":2029,"comment_status":"open","ping_status":"closed","template":"","meta":{"_bst_post_transparent":"default","_bst_post_title":"","_bst_post_layout":"default","_bst_post_sidebar_id":"","_bst_post_content_style":"default","_bst_post_vertical_padding":"default","_bst_post_feature":"","_bst_post_feature_position":"","_bst_post_header":false,"_bst_post_footer":false},"product_brand":[122],"product_cat":[130,135,129],"product_tag":[],"product_brands":[118],"class_list":{"0":"post-2052","1":"product","2":"type-product","3":"status-publish","4":"has-post-thumbnail","6":"product_brand-emper","7":"product_cat-men-mini-perfume","8":"product_cat-top-products","9":"product_cat-women-mini-perfume","10":"product_brands-emper","12":"first","13":"instock","14":"featured","15":"taxable","16":"shipping-taxable","17":"purchasable","18":"product-type-simple","19":"entry","20":"content-bg","21":"loop-entry"},"_links":{"self":[{"href":"https:\/\/azalia.lt\/lt\/wp-json\/wp\/v2\/product\/2052","targetHints":{"allow":["GET"]}}],"collection":[{"href":"https:\/\/azalia.lt\/lt\/wp-json\/wp\/v2\/product"}],"about":[{"href":"https:\/\/azalia.lt\/lt\/wp-json\/wp\/v2\/types\/product"}],"replies":[{"embeddable":true,"href":"https:\/\/azalia.lt\/lt\/wp-json\/wp\/v2\/comments?post=2052"}],"wp:featuredmedia":[{"embeddable":true,"href":"https:\/\/azalia.lt\/lt\/wp-json\/wp\/v2\/media\/2029"}],"wp:attachment":[{"href":"https:\/\/azalia.lt\/lt\/wp-json\/wp\/v2\/media?parent=2052"}],"wp:term":[{"taxonomy":"product_brand","embeddable":true,"href":"https:\/\/azalia.lt\/lt\/wp-json\/wp\/v2\/product_brand?post=2052"},{"taxonomy":"product_cat","embeddable":true,"href":"https:\/\/azalia.lt\/lt\/wp-json\/wp\/v2\/product_cat?post=2052"},{"taxonomy":"product_tag","embeddable":true,"href":"https:\/\/azalia.lt\/lt\/wp-json\/wp\/v2\/product_tag?post=2052"},{"taxonomy":"product_brands","embeddable":true,"href":"https:\/\/azalia.lt\/lt\/wp-json\/wp\/v2\/product_brands?post=2052"}],"curies":[{"name":"wp","href":"https:\/\/api.w.org\/{rel}","templated":true}]}}