{"id":2053,"date":"2025-11-25T10:16:02","date_gmt":"2025-11-25T10:16:02","guid":{"rendered":"https:\/\/azalia.lt\/?post_type=product&#038;p=2053"},"modified":"2026-03-22T12:23:58","modified_gmt":"2026-03-22T12:23:58","slug":"set-discovery-3-emper-edp-6x3ml","status":"publish","type":"product","link":"https:\/\/azalia.lt\/lt\/produktas\/set-discovery-3-emper-edp-6x3ml\/","title":{"rendered":"Rinkinys \u201eDiscovery-3\u201d Emper EDP 6x3ML"},"content":{"rendered":"<p>Discovery Set \u2013 i\u0161skirtin\u0117 \u0161e\u0161i\u0173 kruop\u0161\u010diai atrinkt\u0173 3 ml formato kvepal\u0173 kolekcija.<br \/>\nRinkin\u012f sudaro:<br \/>\n<strong>Emper<\/strong> <strong>Legend Intense \u2013galingas, a\u0161trus ir ry\u0161kus \u2013 i\u0161skirtinis aromatas vyrams su charakteriu.<br \/>\nEmper Legend Elixir \u2013 gilus, jausmingas aromatas su rytieti\u0161ka siela \u2013 paslaptingas ir prabangus. \u012ekv\u0117ptas Sauvage.<strong><br \/>\nEmper Regal Touch Le Bleu \u2013 gaivus ir eleganti\u0161kas su vandens ir citrusini\u0173 vaisi\u0173 natomis \u2013 idealiai tinka \u0161iuolaikiniams d\u017eentelmenams.<strong><br \/>\nEmper Regal Touch Le Rose \u2013 eleganti\u0161kas, g\u0117li\u0173 aromatas su \u0161velniu saldumu \u2013 moteri\u0161kas, lengvas ir stilin gas.<strong><br \/>\nEmper Floretta Hiba \u2013 g\u0117li\u0173 ir subtilus su romanti\u0161ka aura \u2013 puikiai tinka kasdieniam d\u0117v\u0117jimui ar ypatingoms akimirkoms.<strong><br \/>\nEmper Floretta Fulla \u2013 \u017eaismingas, saldus g\u0117li\u0173 aromatas, spinduliuojantis gyvenimo d\u017eiaugsmu ir lengvumu.<\/strong><\/strong><\/strong><\/strong><\/strong><\/p>","protected":false},"excerpt":{"rendered":"<p>Idealiai tinka bandymams, kelion\u0117ms ar dovanoms<\/p>","protected":false},"featured_media":2030,"comment_status":"open","ping_status":"closed","template":"","meta":{"_bst_post_transparent":"default","_bst_post_title":"","_bst_post_layout":"default","_bst_post_sidebar_id":"","_bst_post_content_style":"default","_bst_post_vertical_padding":"default","_bst_post_feature":"","_bst_post_feature_position":"","_bst_post_header":false,"_bst_post_footer":false},"product_brand":[122],"product_cat":[130,129],"product_tag":[],"product_brands":[118],"class_list":{"0":"post-2053","1":"product","2":"type-product","3":"status-publish","4":"has-post-thumbnail","6":"product_brand-emper","7":"product_cat-men-mini-perfume","8":"product_cat-women-mini-perfume","9":"product_brands-emper","11":"first","12":"instock","13":"featured","14":"taxable","15":"shipping-taxable","16":"purchasable","17":"product-type-simple","18":"entry","19":"content-bg","20":"loop-entry"},"_links":{"self":[{"href":"https:\/\/azalia.lt\/lt\/wp-json\/wp\/v2\/product\/2053","targetHints":{"allow":["GET"]}}],"collection":[{"href":"https:\/\/azalia.lt\/lt\/wp-json\/wp\/v2\/product"}],"about":[{"href":"https:\/\/azalia.lt\/lt\/wp-json\/wp\/v2\/types\/product"}],"replies":[{"embeddable":true,"href":"https:\/\/azalia.lt\/lt\/wp-json\/wp\/v2\/comments?post=2053"}],"wp:featuredmedia":[{"embeddable":true,"href":"https:\/\/azalia.lt\/lt\/wp-json\/wp\/v2\/media\/2030"}],"wp:attachment":[{"href":"https:\/\/azalia.lt\/lt\/wp-json\/wp\/v2\/media?parent=2053"}],"wp:term":[{"taxonomy":"product_brand","embeddable":true,"href":"https:\/\/azalia.lt\/lt\/wp-json\/wp\/v2\/product_brand?post=2053"},{"taxonomy":"product_cat","embeddable":true,"href":"https:\/\/azalia.lt\/lt\/wp-json\/wp\/v2\/product_cat?post=2053"},{"taxonomy":"product_tag","embeddable":true,"href":"https:\/\/azalia.lt\/lt\/wp-json\/wp\/v2\/product_tag?post=2053"},{"taxonomy":"product_brands","embeddable":true,"href":"https:\/\/azalia.lt\/lt\/wp-json\/wp\/v2\/product_brands?post=2053"}],"curies":[{"name":"wp","href":"https:\/\/api.w.org\/{rel}","templated":true}]}}