{"id":2055,"date":"2025-11-25T17:26:26","date_gmt":"2025-11-25T17:26:26","guid":{"rendered":"https:\/\/azalia.lt\/?post_type=product&#038;p=2055"},"modified":"2026-03-22T12:23:58","modified_gmt":"2026-03-22T12:23:58","slug":"set-discovery-4-emper-edp-6x3ml","status":"publish","type":"product","link":"https:\/\/azalia.lt\/lt\/produktas\/set-discovery-4-emper-edp-6x3ml\/","title":{"rendered":"Rinkinys \u201eDiscovery-4\u201d Emper EDP 6x3ML"},"content":{"rendered":"<p>Discovery Set \u2013 i\u0161skirtin\u0117 \u0161e\u0161i\u0173 kruop\u0161\u010diai atrinkt\u0173 3 ml formato kvepal\u0173 kolekcija.<br \/>\nRinkin\u012f sudaro:<br \/>\n<strong>\u201eEmper Genius Vesper\u201c \u2013 eleganti\u0161kas ir rafinuotas su aromatin\u0117mis natomis. \u012ekv\u0117ptas \u201eInvictus Victory\u201c vyrams.<br \/>\nEmper Arabia Explorer \u2013 fragrance with oriental-woody notes that awakens wanderlust and a desire for discovery.<strong><br \/>\nEmper Arabia Beauty \u2013 feminine elegance with floral and powdery nuances. Inspired by Le Beau.<strong><br \/>\n\u201eEmper Genius Blush\u201c \u2013 vaisi\u0173, \u0161velnus ir \u017eaismingas \u2013 jaunatvi\u0161kas aromatas su moderniu gaivumu. \u012ekv\u0117ptas \u201eGood Girl Blush\u201c.<strong><br \/>\nEmper Kamil \u2013 masculine, spicy and confident. <strong><br \/>\n\u201eEmper Kamil Blanc\u201c \u2013 gaivus, lengvas klasikinio \u201eKamil\u201c variantas \u2013 su lengvais citrusini\u0173 vaisi\u0173 akcentais. \u012ekv\u0117ptas \u201eJust For Love\u201c.<\/strong><\/strong><\/strong><\/strong><\/strong><br \/>\nPagaminta JAE.<\/p>","protected":false},"excerpt":{"rendered":"<p>Idealiai tinka bandymams, kelion\u0117ms ar dovanoms<\/p>","protected":false},"featured_media":2031,"comment_status":"open","ping_status":"closed","template":"","meta":{"_bst_post_transparent":"default","_bst_post_title":"","_bst_post_layout":"default","_bst_post_sidebar_id":"","_bst_post_content_style":"default","_bst_post_vertical_padding":"default","_bst_post_feature":"","_bst_post_feature_position":"","_bst_post_header":false,"_bst_post_footer":false},"product_brand":[122],"product_cat":[130,129],"product_tag":[],"product_brands":[118],"class_list":{"0":"post-2055","1":"product","2":"type-product","3":"status-publish","4":"has-post-thumbnail","6":"product_brand-emper","7":"product_cat-men-mini-perfume","8":"product_cat-women-mini-perfume","9":"product_brands-emper","11":"first","12":"instock","13":"featured","14":"taxable","15":"shipping-taxable","16":"purchasable","17":"product-type-simple","18":"entry","19":"content-bg","20":"loop-entry"},"_links":{"self":[{"href":"https:\/\/azalia.lt\/lt\/wp-json\/wp\/v2\/product\/2055","targetHints":{"allow":["GET"]}}],"collection":[{"href":"https:\/\/azalia.lt\/lt\/wp-json\/wp\/v2\/product"}],"about":[{"href":"https:\/\/azalia.lt\/lt\/wp-json\/wp\/v2\/types\/product"}],"replies":[{"embeddable":true,"href":"https:\/\/azalia.lt\/lt\/wp-json\/wp\/v2\/comments?post=2055"}],"wp:featuredmedia":[{"embeddable":true,"href":"https:\/\/azalia.lt\/lt\/wp-json\/wp\/v2\/media\/2031"}],"wp:attachment":[{"href":"https:\/\/azalia.lt\/lt\/wp-json\/wp\/v2\/media?parent=2055"}],"wp:term":[{"taxonomy":"product_brand","embeddable":true,"href":"https:\/\/azalia.lt\/lt\/wp-json\/wp\/v2\/product_brand?post=2055"},{"taxonomy":"product_cat","embeddable":true,"href":"https:\/\/azalia.lt\/lt\/wp-json\/wp\/v2\/product_cat?post=2055"},{"taxonomy":"product_tag","embeddable":true,"href":"https:\/\/azalia.lt\/lt\/wp-json\/wp\/v2\/product_tag?post=2055"},{"taxonomy":"product_brands","embeddable":true,"href":"https:\/\/azalia.lt\/lt\/wp-json\/wp\/v2\/product_brands?post=2055"}],"curies":[{"name":"wp","href":"https:\/\/api.w.org\/{rel}","templated":true}]}}