{"id":2056,"date":"2025-11-25T17:42:21","date_gmt":"2025-11-25T17:42:21","guid":{"rendered":"https:\/\/azalia.lt\/?post_type=product&#038;p=2056"},"modified":"2026-03-22T12:23:58","modified_gmt":"2026-03-22T12:23:58","slug":"set-discovery-5-emper-edp-6x3ml","status":"publish","type":"product","link":"https:\/\/azalia.lt\/lt\/produktas\/set-discovery-5-emper-edp-6x3ml\/","title":{"rendered":"Rinkinys \u201eDiscovery-5\u201d Emper EDP 6x3ML"},"content":{"rendered":"<p>Discovery Set \u2013 i\u0161skirtin\u0117 \u0161e\u0161i\u0173 kruop\u0161\u010diai atrinkt\u0173 3 ml formato kvepal\u0173 kolekcija.<br \/>\nRinkin\u012f sudaro:<br \/>\n<strong>\u201eEmper Desert Angel Romance\u201c \u2013 romanti\u0161kas, \u0161velnus ir moteri\u0161kas aromatas su g\u0117li\u0173 natomis \u2013 kvapas, kupinas emocij\u0173 ir elegancijos.<br \/>\n\u201eEmper Desert Angel\u201c \u2013 jausmingas ir paslaptingas, su rytieti\u0161ku charakteriu \u2013 \u012fkv\u0117ptas dykumos magijos. \u012ekv\u0117ptas \u201eAngel's Share\u201c.<strong><br \/>\n\u201eEmper Arabia Madame\u201c \u200b\u200b\u2013 eleganti\u0161ka g\u0117li\u0173 ir prieskoni\u0173 akord\u0173 kompozicija \u2013 stipri, stilinga ir moteri\u0161ka. \u012ekv\u0117pta \u201eCoco Mademoiselle\u201c.<strong><br \/>\n\u201eEmper Arabia Naser\u201c \u2013 intensyvus, a\u0161trus ir vyri\u0161kas aromatas, kuriame dera arabi\u0161kos tradicijos ir \u0161iuolaikin\u0117 j\u0117ga. \u012ekv\u0117ptas \u201eInvictus Victory\u201c.<strong><br \/>\n\u201eEmper Genius Lover\u201c \u2013 \u017eaismingas, saldus ir vaisinis aromatas su \u017eavinga charizma \u2013 idealiai tinka \u012fsimyl\u0117j\u0117liams. \u012ekv\u0117ptas Lovers.<strong><br \/>\n\u201eEmper Genius Hayati\u201c \u2013 rytieti\u0161kas ir tuo pa\u010diu modernus aromatas, kupinas d\u017eiaugsmo ir gyvenimo gelm\u0117s. \u012ekv\u0117ptas \u201eOdyssey Mandarin Sky\u201c.<\/strong><\/strong><\/strong><\/strong><\/strong><br \/>\nPagaminta JAE.<\/p>","protected":false},"excerpt":{"rendered":"<p>Idealiai tinka bandymams, kelion\u0117ms ar dovanoms<\/p>","protected":false},"featured_media":2032,"comment_status":"open","ping_status":"closed","template":"","meta":{"_bst_post_transparent":"default","_bst_post_title":"","_bst_post_layout":"default","_bst_post_sidebar_id":"","_bst_post_content_style":"default","_bst_post_vertical_padding":"default","_bst_post_feature":"","_bst_post_feature_position":"","_bst_post_header":false,"_bst_post_footer":false},"product_brand":[122],"product_cat":[130,135,129],"product_tag":[],"product_brands":[118],"class_list":{"0":"post-2056","1":"product","2":"type-product","3":"status-publish","4":"has-post-thumbnail","6":"product_brand-emper","7":"product_cat-men-mini-perfume","8":"product_cat-top-products","9":"product_cat-women-mini-perfume","10":"product_brands-emper","12":"first","13":"instock","14":"featured","15":"taxable","16":"shipping-taxable","17":"purchasable","18":"product-type-simple","19":"entry","20":"content-bg","21":"loop-entry"},"_links":{"self":[{"href":"https:\/\/azalia.lt\/lt\/wp-json\/wp\/v2\/product\/2056","targetHints":{"allow":["GET"]}}],"collection":[{"href":"https:\/\/azalia.lt\/lt\/wp-json\/wp\/v2\/product"}],"about":[{"href":"https:\/\/azalia.lt\/lt\/wp-json\/wp\/v2\/types\/product"}],"replies":[{"embeddable":true,"href":"https:\/\/azalia.lt\/lt\/wp-json\/wp\/v2\/comments?post=2056"}],"wp:featuredmedia":[{"embeddable":true,"href":"https:\/\/azalia.lt\/lt\/wp-json\/wp\/v2\/media\/2032"}],"wp:attachment":[{"href":"https:\/\/azalia.lt\/lt\/wp-json\/wp\/v2\/media?parent=2056"}],"wp:term":[{"taxonomy":"product_brand","embeddable":true,"href":"https:\/\/azalia.lt\/lt\/wp-json\/wp\/v2\/product_brand?post=2056"},{"taxonomy":"product_cat","embeddable":true,"href":"https:\/\/azalia.lt\/lt\/wp-json\/wp\/v2\/product_cat?post=2056"},{"taxonomy":"product_tag","embeddable":true,"href":"https:\/\/azalia.lt\/lt\/wp-json\/wp\/v2\/product_tag?post=2056"},{"taxonomy":"product_brands","embeddable":true,"href":"https:\/\/azalia.lt\/lt\/wp-json\/wp\/v2\/product_brands?post=2056"}],"curies":[{"name":"wp","href":"https:\/\/api.w.org\/{rel}","templated":true}]}}