{"id":2166,"date":"2025-11-30T11:06:05","date_gmt":"2025-11-30T11:06:05","guid":{"rendered":"https:\/\/azalia.lt\/?post_type=product&#038;p=2166"},"modified":"2026-04-14T15:21:24","modified_gmt":"2026-04-14T15:21:24","slug":"attar-quel-quis-fleur-top-premium-azalia-women-2ml","status":"publish","type":"product","link":"https:\/\/azalia.lt\/lt\/produktas\/attar-quel-quis-fleur-top-premium-azalia-women-2ml\/","title":{"rendered":"Attar Quel Quis Fleur Top Premium Azalia Moterims 2ml"},"content":{"rendered":"<p>Attar Quel Quis Fleur \u2013 g\u0117li\u0173 aromatas moterims.<br \/>\nVir\u0161utin\u0117s natos: \u017ealumos natos, apelsin\u0173 \u017eiedai, peletr\u016bnas, bergamot\u0117, citrusiniai vaisiai ir citrina.<br \/>\nVidurin\u0117s natos: alyva, jazminas, krauja\u017eol\u0117, gvazdikas, ro\u017e\u0117, tuberoza, ilang-ilang, \u017eibuokl\u0117, heliotropas, vilkdalgis, valerijono \u0161aknis ir orchid\u0117ja.<br \/>\nBazin\u0117s natos: \u0105\u017euolo samanos, medus, cibetas, muskusas, santalas, gintaras, vanil\u0117 ir tongapup\u0117s.<br \/>\nPatogus rutulinis naudojimas. Supakuotas kompakti\u0161kame ir ne\u0161iojamame rutuliniame buteliuke, sukurtame patogiam naudojimui.<br \/>\nIlgai i\u0161liekantis kvapas (8\u201312 valand\u0173). Puikiai tinka kasdienai ar ypatingoms progoms.<br \/>\nTaikyti kvepalus ant pulsuojan\u010di\u0173 viet\u0173 (rie\u0161o, alk\u016bn\u0117s lenkimo, kaklo).<br \/>\nNegalima tepti ant drabu\u017ei\u0173.<br \/>\nAlkoholis 0%.<br \/>\nPagaminta JAE.<\/p>","protected":false},"excerpt":{"rendered":"<p>Attar Quel Quis Fleur \u2013 g\u0117li\u0173 aromatas moterims<\/p>","protected":false},"featured_media":2173,"comment_status":"open","ping_status":"closed","template":"","meta":{"_bst_post_transparent":"default","_bst_post_title":"","_bst_post_layout":"default","_bst_post_sidebar_id":"","_bst_post_content_style":"default","_bst_post_vertical_padding":"default","_bst_post_feature":"","_bst_post_feature_position":"","_bst_post_header":false,"_bst_post_footer":false},"product_brand":[121],"product_cat":[167,202,135,83],"product_tag":[],"product_brands":[115],"class_list":{"0":"post-2166","1":"product","2":"type-product","3":"status-publish","4":"has-post-thumbnail","6":"product_brand-azalia","7":"product_cat-cpo-2ml-women","8":"product_cat-floral-accords","9":"product_cat-top-products","10":"product_cat-moteriski-aliejiniai-kvepalai","11":"product_brands-azalia","13":"first","14":"instock","15":"featured","16":"taxable","17":"shipping-taxable","18":"purchasable","19":"product-type-simple","20":"entry","21":"content-bg","22":"loop-entry"},"_links":{"self":[{"href":"https:\/\/azalia.lt\/lt\/wp-json\/wp\/v2\/product\/2166","targetHints":{"allow":["GET"]}}],"collection":[{"href":"https:\/\/azalia.lt\/lt\/wp-json\/wp\/v2\/product"}],"about":[{"href":"https:\/\/azalia.lt\/lt\/wp-json\/wp\/v2\/types\/product"}],"replies":[{"embeddable":true,"href":"https:\/\/azalia.lt\/lt\/wp-json\/wp\/v2\/comments?post=2166"}],"wp:featuredmedia":[{"embeddable":true,"href":"https:\/\/azalia.lt\/lt\/wp-json\/wp\/v2\/media\/2173"}],"wp:attachment":[{"href":"https:\/\/azalia.lt\/lt\/wp-json\/wp\/v2\/media?parent=2166"}],"wp:term":[{"taxonomy":"product_brand","embeddable":true,"href":"https:\/\/azalia.lt\/lt\/wp-json\/wp\/v2\/product_brand?post=2166"},{"taxonomy":"product_cat","embeddable":true,"href":"https:\/\/azalia.lt\/lt\/wp-json\/wp\/v2\/product_cat?post=2166"},{"taxonomy":"product_tag","embeddable":true,"href":"https:\/\/azalia.lt\/lt\/wp-json\/wp\/v2\/product_tag?post=2166"},{"taxonomy":"product_brands","embeddable":true,"href":"https:\/\/azalia.lt\/lt\/wp-json\/wp\/v2\/product_brands?post=2166"}],"curies":[{"name":"wp","href":"https:\/\/api.w.org\/{rel}","templated":true}]}}