{"id":2168,"date":"2025-11-30T11:21:29","date_gmt":"2025-11-30T11:21:29","guid":{"rendered":"https:\/\/azalia.lt\/?post_type=product&#038;p=2168"},"modified":"2026-04-14T16:12:34","modified_gmt":"2026-04-14T16:12:34","slug":"attar-peach-biter-premium-azalia-unisex-2ml","status":"publish","type":"product","link":"https:\/\/azalia.lt\/lt\/produktas\/attar-peach-biter-premium-azalia-unisex-2ml\/","title":{"rendered":"Attar Peach Biter Premium Azalia Unisex 2ml"},"content":{"rendered":"<p>Attar Peach Biter \u2013 gintaro ir vanil\u0117s unisex aromatas<br \/>\nVir\u0161utin\u0117s natos: persikas, raudonasis apelsinas, kardamonas, heliotropas.<br \/>\nVidurin\u0117s natos \u2013 romas, konjakas, jazminas, kardamonas, pelynas.<br \/>\nPagrindin\u0117s natos \u2013 pa\u010diulis, tikrasis pa\u010diulis, vanil\u0117, tongapup\u0117s, santalas, ka\u0161myras, stiraksas, vetiverija.<br \/>\nPatogus rutulinis naudojimas. Supakuotas kompakti\u0161kame ir ne\u0161iojamame rutuliniame buteliuke, sukurtame patogiam naudojimui.<br \/>\nIlgai i\u0161liekantis kvapas (8\u201312 valand\u0173). Puikiai tinka kasdienai ar ypatingoms progoms.<br \/>\nTaikyti kvepalus ant pulsuojan\u010di\u0173 viet\u0173 (rie\u0161o, alk\u016bn\u0117s lenkimo, kaklo).<br \/>\nNegalima tepti ant drabu\u017ei\u0173.<br \/>\nAlkoholis 0%.<br \/>\nPagaminta JAE.<\/p>","protected":false},"excerpt":{"rendered":"<p>Attar Peach Biter \u2013 gintaro ir vanil\u0117s unisex aromatas<\/p>","protected":false},"featured_media":2173,"comment_status":"open","ping_status":"closed","template":"","meta":{"_bst_post_transparent":"default","_bst_post_title":"","_bst_post_layout":"default","_bst_post_sidebar_id":"","_bst_post_content_style":"default","_bst_post_vertical_padding":"default","_bst_post_feature":"","_bst_post_feature_position":"","_bst_post_header":false,"_bst_post_footer":false},"product_brand":[121],"product_cat":[167,168,207,206,87,135,83],"product_tag":[],"product_brands":[],"class_list":{"0":"post-2168","1":"product","2":"type-product","3":"status-publish","4":"has-post-thumbnail","6":"product_brand-azalia","7":"product_cat-cpo-2ml-women","8":"product_cat-cpo-2ml-men","9":"product_cat-gourmand-delights","10":"product_cat-intoxicating-elixirs","11":"product_cat-vyriski-aliejiniai-kvepalai","12":"product_cat-top-products","13":"product_cat-moteriski-aliejiniai-kvepalai","15":"first","16":"instock","17":"featured","18":"taxable","19":"shipping-taxable","20":"purchasable","21":"product-type-simple","22":"entry","23":"content-bg","24":"loop-entry"},"_links":{"self":[{"href":"https:\/\/azalia.lt\/lt\/wp-json\/wp\/v2\/product\/2168","targetHints":{"allow":["GET"]}}],"collection":[{"href":"https:\/\/azalia.lt\/lt\/wp-json\/wp\/v2\/product"}],"about":[{"href":"https:\/\/azalia.lt\/lt\/wp-json\/wp\/v2\/types\/product"}],"replies":[{"embeddable":true,"href":"https:\/\/azalia.lt\/lt\/wp-json\/wp\/v2\/comments?post=2168"}],"wp:featuredmedia":[{"embeddable":true,"href":"https:\/\/azalia.lt\/lt\/wp-json\/wp\/v2\/media\/2173"}],"wp:attachment":[{"href":"https:\/\/azalia.lt\/lt\/wp-json\/wp\/v2\/media?parent=2168"}],"wp:term":[{"taxonomy":"product_brand","embeddable":true,"href":"https:\/\/azalia.lt\/lt\/wp-json\/wp\/v2\/product_brand?post=2168"},{"taxonomy":"product_cat","embeddable":true,"href":"https:\/\/azalia.lt\/lt\/wp-json\/wp\/v2\/product_cat?post=2168"},{"taxonomy":"product_tag","embeddable":true,"href":"https:\/\/azalia.lt\/lt\/wp-json\/wp\/v2\/product_tag?post=2168"},{"taxonomy":"product_brands","embeddable":true,"href":"https:\/\/azalia.lt\/lt\/wp-json\/wp\/v2\/product_brands?post=2168"}],"curies":[{"name":"wp","href":"https:\/\/api.w.org\/{rel}","templated":true}]}}