{"id":2406,"date":"2025-12-02T04:32:27","date_gmt":"2025-12-02T04:32:27","guid":{"rendered":"https:\/\/azalia.lt\/?post_type=product&#038;p=2406"},"modified":"2026-04-14T16:22:36","modified_gmt":"2026-04-14T16:22:36","slug":"attar-orientale-x-joff-premium-azalia-unisex-2ml","status":"publish","type":"product","link":"https:\/\/azalia.lt\/lt\/produktas\/attar-orientale-x-joff-premium-azalia-unisex-2ml\/","title":{"rendered":"Attar Orientale X.Joff Premium Azalia Unisex 2ml"},"content":{"rendered":"<p>Orientale X.Joff \u2013 gintaro ir medienos aromatas moterims ir vyrams.<br \/>\nVir\u0161utin\u0117s natos: \u017ealias obuolys, bazilikas, smilkalai, oda.<br \/>\nVidurin\u0117s natos: bulgari\u0161ka ro\u017e\u0117, Vird\u017einijos kedras, kalendra, itali\u0161kas vilkdalgio \u0161aknis.<br \/>\nBazin\u0117s natos: agarmedis, tabako lapai, Madagaskaro vanil\u0117, santalas, muskusas, gintaras.<br \/>\nPatogus rutulinis naudojimas. Supakuotas kompakti\u0161kame ir ne\u0161iojamame rutuliniame buteliuke, sukurtame patogiam naudojimui.<br \/>\nIlgai i\u0161liekantis kvapas (8\u201312 valand\u0173). Puikiai tinka kasdienai ar ypatingoms progoms.<br \/>\nTaikyti kvepalus ant pulsuojan\u010di\u0173 viet\u0173 (rie\u0161o, alk\u016bn\u0117s lenkimo, kaklo).<br \/>\nNegalima tepti ant drabu\u017ei\u0173.<br \/>\nAlkoholis 0%.<br \/>\nPagaminta JAE.<\/p>","protected":false},"excerpt":{"rendered":"<p>Orientale X.Joff \u2013 gintaro ir medienos aromatas moterims ir vyrams<\/p>","protected":false},"featured_media":2173,"comment_status":"open","ping_status":"closed","template":"","meta":{"_bst_post_transparent":"default","_bst_post_title":"","_bst_post_layout":"default","_bst_post_sidebar_id":"","_bst_post_content_style":"default","_bst_post_vertical_padding":"default","_bst_post_feature":"","_bst_post_feature_position":"","_bst_post_header":false,"_bst_post_footer":false},"product_brand":[121],"product_cat":[168,167,202,203,207,87,201,205,204,135,83],"product_tag":[],"product_brands":[115],"class_list":{"0":"post-2406","1":"product","2":"type-product","3":"status-publish","4":"has-post-thumbnail","6":"product_brand-azalia","7":"product_cat-cpo-2ml-men","8":"product_cat-cpo-2ml-women","9":"product_cat-floral-accords","10":"product_cat-golden-amber","11":"product_cat-gourmand-delights","12":"product_cat-vyriski-aliejiniai-kvepalai","13":"product_cat-musk-freshness","14":"product_cat-sacred-smoke","15":"product_cat-tobacco-leather","16":"product_cat-top-products","17":"product_cat-moteriski-aliejiniai-kvepalai","18":"product_brands-azalia","20":"first","21":"instock","22":"featured","23":"taxable","24":"shipping-taxable","25":"purchasable","26":"product-type-simple","27":"entry","28":"content-bg","29":"loop-entry"},"_links":{"self":[{"href":"https:\/\/azalia.lt\/lt\/wp-json\/wp\/v2\/product\/2406","targetHints":{"allow":["GET"]}}],"collection":[{"href":"https:\/\/azalia.lt\/lt\/wp-json\/wp\/v2\/product"}],"about":[{"href":"https:\/\/azalia.lt\/lt\/wp-json\/wp\/v2\/types\/product"}],"replies":[{"embeddable":true,"href":"https:\/\/azalia.lt\/lt\/wp-json\/wp\/v2\/comments?post=2406"}],"wp:featuredmedia":[{"embeddable":true,"href":"https:\/\/azalia.lt\/lt\/wp-json\/wp\/v2\/media\/2173"}],"wp:attachment":[{"href":"https:\/\/azalia.lt\/lt\/wp-json\/wp\/v2\/media?parent=2406"}],"wp:term":[{"taxonomy":"product_brand","embeddable":true,"href":"https:\/\/azalia.lt\/lt\/wp-json\/wp\/v2\/product_brand?post=2406"},{"taxonomy":"product_cat","embeddable":true,"href":"https:\/\/azalia.lt\/lt\/wp-json\/wp\/v2\/product_cat?post=2406"},{"taxonomy":"product_tag","embeddable":true,"href":"https:\/\/azalia.lt\/lt\/wp-json\/wp\/v2\/product_tag?post=2406"},{"taxonomy":"product_brands","embeddable":true,"href":"https:\/\/azalia.lt\/lt\/wp-json\/wp\/v2\/product_brands?post=2406"}],"curies":[{"name":"wp","href":"https:\/\/api.w.org\/{rel}","templated":true}]}}