{"id":2407,"date":"2025-12-02T04:36:42","date_gmt":"2025-12-02T04:36:42","guid":{"rendered":"https:\/\/azalia.lt\/?post_type=product&#038;p=2407"},"modified":"2026-04-14T16:24:25","modified_gmt":"2026-04-14T16:24:25","slug":"attar-man-show-premium-azalia-men-2ml","status":"publish","type":"product","link":"https:\/\/azalia.lt\/lt\/produktas\/attar-man-show-premium-azalia-men-2ml\/","title":{"rendered":"Attar Man Show Premium Azalia Vyrams 2ml"},"content":{"rendered":"<p>Attar Man Show \u2013 gaivus ir a\u0161trus aromatas vyrams.<br \/>\nVir\u0161utin\u0117s natos: bazilikas, bergamot\u0117, artemizija, kmynai, galbanas ir brazilin\u0117 raudonmedis<br \/>\nVidurin\u0117s natos: pu\u0161\u0173 spygliai, gvazdik\u0117liai, muskato rie\u0161utas, pa\u010diulis, prieskoniai, vetiverija, pelargonija, labdanumas, ro\u017e\u0117 ir jazminas.<br \/>\nBazin\u0117s natos: \u0105\u017euolo samanos, oda, kedras, stiraksas, santalas, ricinos aliejus, tongapup\u0117s, gintaras, kokosas ir vanil\u0117.<br \/>\nPatogus rutulinis naudojimas. Supakuotas kompakti\u0161kame ir ne\u0161iojamame rutuliniame buteliuke, sukurtame patogiam naudojimui.<br \/>\nIlgai i\u0161liekantis kvapas (8\u201312 valand\u0173). Puikiai tinka kasdienai ar ypatingoms progoms.<br \/>\nTaikyti kvepalus ant pulsuojan\u010di\u0173 viet\u0173 (rie\u0161o, alk\u016bn\u0117s lenkimo, kaklo).<br \/>\nNegalima tepti ant drabu\u017ei\u0173.<br \/>\nAlkoholis 0%.<br \/>\nPagaminta JAE.<\/p>","protected":false},"excerpt":{"rendered":"<p>Attar Man Show \u2013 gaivus ir a\u0161trus aromatas vyrams<\/p>","protected":false},"featured_media":2173,"comment_status":"open","ping_status":"closed","template":"","meta":{"_bst_post_transparent":"default","_bst_post_title":"","_bst_post_layout":"default","_bst_post_sidebar_id":"","_bst_post_content_style":"default","_bst_post_vertical_padding":"default","_bst_post_feature":"","_bst_post_feature_position":"","_bst_post_header":false,"_bst_post_footer":false},"product_brand":[121],"product_cat":[167,168,203,87,204,135,83,200],"product_tag":[],"product_brands":[115],"class_list":{"0":"post-2407","1":"product","2":"type-product","3":"status-publish","4":"has-post-thumbnail","6":"product_brand-azalia","7":"product_cat-cpo-2ml-women","8":"product_cat-cpo-2ml-men","9":"product_cat-golden-amber","10":"product_cat-vyriski-aliejiniai-kvepalai","11":"product_cat-tobacco-leather","12":"product_cat-top-products","13":"product_cat-moteriski-aliejiniai-kvepalai","14":"product_cat-wood-oud-notes","15":"product_brands-azalia","17":"first","18":"instock","19":"featured","20":"taxable","21":"shipping-taxable","22":"purchasable","23":"product-type-simple","24":"entry","25":"content-bg","26":"loop-entry"},"_links":{"self":[{"href":"https:\/\/azalia.lt\/lt\/wp-json\/wp\/v2\/product\/2407","targetHints":{"allow":["GET"]}}],"collection":[{"href":"https:\/\/azalia.lt\/lt\/wp-json\/wp\/v2\/product"}],"about":[{"href":"https:\/\/azalia.lt\/lt\/wp-json\/wp\/v2\/types\/product"}],"replies":[{"embeddable":true,"href":"https:\/\/azalia.lt\/lt\/wp-json\/wp\/v2\/comments?post=2407"}],"wp:featuredmedia":[{"embeddable":true,"href":"https:\/\/azalia.lt\/lt\/wp-json\/wp\/v2\/media\/2173"}],"wp:attachment":[{"href":"https:\/\/azalia.lt\/lt\/wp-json\/wp\/v2\/media?parent=2407"}],"wp:term":[{"taxonomy":"product_brand","embeddable":true,"href":"https:\/\/azalia.lt\/lt\/wp-json\/wp\/v2\/product_brand?post=2407"},{"taxonomy":"product_cat","embeddable":true,"href":"https:\/\/azalia.lt\/lt\/wp-json\/wp\/v2\/product_cat?post=2407"},{"taxonomy":"product_tag","embeddable":true,"href":"https:\/\/azalia.lt\/lt\/wp-json\/wp\/v2\/product_tag?post=2407"},{"taxonomy":"product_brands","embeddable":true,"href":"https:\/\/azalia.lt\/lt\/wp-json\/wp\/v2\/product_brands?post=2407"}],"curies":[{"name":"wp","href":"https:\/\/api.w.org\/{rel}","templated":true}]}}