{"id":2410,"date":"2025-12-02T05:07:29","date_gmt":"2025-12-02T05:07:29","guid":{"rendered":"https:\/\/azalia.lt\/?post_type=product&#038;p=2410"},"modified":"2026-04-14T16:27:22","modified_gmt":"2026-04-14T16:27:22","slug":"attar-bint-el-sudan-premium-azalia-unisex-2ml","status":"publish","type":"product","link":"https:\/\/azalia.lt\/lt\/produktas\/attar-bint-el-sudan-premium-azalia-unisex-2ml\/","title":{"rendered":"Attar Bint El Sudan Premium Azalia Unisex 2ml"},"content":{"rendered":"<p>Bint El Sudan \u2013 labai galingas ir itin greitai veikiantis dvasinis magi\u0161kas eliksyras moterims ir vyrams.<br \/>\nBint El Sudan i\u0161 arab\u0173 kalbos rei\u0161kia \u201eSudano dukra\u201c.<br \/>\n\u017dinomas kaip dvasingas aromatas, pritraukiantis meil\u0119, pinigus, s\u0117km\u0119.<br \/>\nFormul\u0117 laikoma grie\u017etoje paslaptyje.<br \/>\nOficial\u016bs natos: citrusai, jazminas, muskusas, alyvin\u0117, pakalnut\u0117.<br \/>\nBint El Sudan \u2013 afrikieti\u0161ki kvepalai Nr. 1 perkamiausi pasaulyje<br \/>\nPatogus rutulinis naudojimas. Supakuotas kompakti\u0161kame ir ne\u0161iojamame rutuliniame buteliuke, sukurtame patogiam naudojimui.<br \/>\nIlgai i\u0161liekantis kvapas (8\u201312 valand\u0173). Puikiai tinka kasdienai ar ypatingoms progoms.<br \/>\nTaikyti kvepalus ant pulsuojan\u010di\u0173 viet\u0173 (rie\u0161o, alk\u016bn\u0117s lenkimo, kaklo).<br \/>\nNegalima tepti ant drabu\u017ei\u0173.<br \/>\nAlkoholis 0%.<br \/>\nPagaminta JAE.<\/p>","protected":false},"excerpt":{"rendered":"<p>Bint El Sudan \u2013 labai galingas ir itin greitai veikiantis dvasinis magi\u0161kas eliksyras moterims ir vyrams<\/p>","protected":false},"featured_media":2173,"comment_status":"open","ping_status":"closed","template":"","meta":{"_bst_post_transparent":"default","_bst_post_title":"","_bst_post_layout":"default","_bst_post_sidebar_id":"","_bst_post_content_style":"default","_bst_post_vertical_padding":"default","_bst_post_feature":"","_bst_post_feature_position":"","_bst_post_header":false,"_bst_post_footer":false},"product_brand":[121],"product_cat":[168,167,202,207,87,201,135,83],"product_tag":[],"product_brands":[115],"class_list":{"0":"post-2410","1":"product","2":"type-product","3":"status-publish","4":"has-post-thumbnail","6":"product_brand-azalia","7":"product_cat-cpo-2ml-men","8":"product_cat-cpo-2ml-women","9":"product_cat-floral-accords","10":"product_cat-gourmand-delights","11":"product_cat-vyriski-aliejiniai-kvepalai","12":"product_cat-musk-freshness","13":"product_cat-top-products","14":"product_cat-moteriski-aliejiniai-kvepalai","15":"product_brands-azalia","17":"first","18":"instock","19":"featured","20":"taxable","21":"shipping-taxable","22":"purchasable","23":"product-type-simple","24":"entry","25":"content-bg","26":"loop-entry"},"_links":{"self":[{"href":"https:\/\/azalia.lt\/lt\/wp-json\/wp\/v2\/product\/2410","targetHints":{"allow":["GET"]}}],"collection":[{"href":"https:\/\/azalia.lt\/lt\/wp-json\/wp\/v2\/product"}],"about":[{"href":"https:\/\/azalia.lt\/lt\/wp-json\/wp\/v2\/types\/product"}],"replies":[{"embeddable":true,"href":"https:\/\/azalia.lt\/lt\/wp-json\/wp\/v2\/comments?post=2410"}],"wp:featuredmedia":[{"embeddable":true,"href":"https:\/\/azalia.lt\/lt\/wp-json\/wp\/v2\/media\/2173"}],"wp:attachment":[{"href":"https:\/\/azalia.lt\/lt\/wp-json\/wp\/v2\/media?parent=2410"}],"wp:term":[{"taxonomy":"product_brand","embeddable":true,"href":"https:\/\/azalia.lt\/lt\/wp-json\/wp\/v2\/product_brand?post=2410"},{"taxonomy":"product_cat","embeddable":true,"href":"https:\/\/azalia.lt\/lt\/wp-json\/wp\/v2\/product_cat?post=2410"},{"taxonomy":"product_tag","embeddable":true,"href":"https:\/\/azalia.lt\/lt\/wp-json\/wp\/v2\/product_tag?post=2410"},{"taxonomy":"product_brands","embeddable":true,"href":"https:\/\/azalia.lt\/lt\/wp-json\/wp\/v2\/product_brands?post=2410"}],"curies":[{"name":"wp","href":"https:\/\/api.w.org\/{rel}","templated":true}]}}