{"id":2414,"date":"2025-12-02T05:32:45","date_gmt":"2025-12-02T05:32:45","guid":{"rendered":"https:\/\/azalia.lt\/?post_type=product&#038;p=2414"},"modified":"2026-04-14T16:30:48","modified_gmt":"2026-04-14T16:30:48","slug":"attar-oud-viking-premium-azalia-men-2ml","status":"publish","type":"product","link":"https:\/\/azalia.lt\/lt\/produktas\/attar-oud-viking-premium-azalia-men-2ml\/","title":{"rendered":"Attar Oud Viking Premium Azalia Vyrams 2ml"},"content":{"rendered":"<p>Attar Oud Viking \u2013 medienos aromatinis kvapas vyrams.<br \/>\nVir\u0161utin\u0117s natos: rausvieji pipirai, \u0161altm\u0117t\u0117, bergamot\u0117, citrina, absintas ir apelsinas.<br \/>\nVidurin\u0117s natos: levandos, bulgari\u0161kos ro\u017e\u0117s, gvazdik\u0117liai, kvapieji pipirai, vilkdalgio \u0161aknis, jazminas.<br \/>\nBazin\u0117s natos: vetiverija, kedras, baltasis muskusas, tongapup\u0117s.<br \/>\nPatogus rutulinis naudojimas. Supakuotas kompakti\u0161kame ir ne\u0161iojamame rutuliniame buteliuke, sukurtame patogiam naudojimui.<br \/>\nIlgai i\u0161liekantis kvapas (8\u201312 valand\u0173). Puikiai tinka kasdienai ar ypatingoms progoms.<br \/>\nTaikyti kvepalus ant pulsuojan\u010di\u0173 viet\u0173 (rie\u0161o, alk\u016bn\u0117s lenkimo, kaklo).<br \/>\nNegalima tepti ant drabu\u017ei\u0173.<br \/>\nAlkoholis 0%.<br \/>\nPagaminta JAE.<\/p>","protected":false},"excerpt":{"rendered":"<p>Attar Oud Viking \u2013 medienos aromatinis kvapas vyrams<\/p>","protected":false},"featured_media":2173,"comment_status":"open","ping_status":"closed","template":"","meta":{"_bst_post_transparent":"default","_bst_post_title":"","_bst_post_layout":"default","_bst_post_sidebar_id":"","_bst_post_content_style":"default","_bst_post_vertical_padding":"default","_bst_post_feature":"","_bst_post_feature_position":"","_bst_post_header":false,"_bst_post_footer":false},"product_brand":[121],"product_cat":[168,207,87,201,135,200],"product_tag":[],"product_brands":[115],"class_list":{"0":"post-2414","1":"product","2":"type-product","3":"status-publish","4":"has-post-thumbnail","6":"product_brand-azalia","7":"product_cat-cpo-2ml-men","8":"product_cat-gourmand-delights","9":"product_cat-vyriski-aliejiniai-kvepalai","10":"product_cat-musk-freshness","11":"product_cat-top-products","12":"product_cat-wood-oud-notes","13":"product_brands-azalia","15":"first","16":"instock","17":"featured","18":"taxable","19":"shipping-taxable","20":"purchasable","21":"product-type-simple","22":"entry","23":"content-bg","24":"loop-entry"},"_links":{"self":[{"href":"https:\/\/azalia.lt\/lt\/wp-json\/wp\/v2\/product\/2414","targetHints":{"allow":["GET"]}}],"collection":[{"href":"https:\/\/azalia.lt\/lt\/wp-json\/wp\/v2\/product"}],"about":[{"href":"https:\/\/azalia.lt\/lt\/wp-json\/wp\/v2\/types\/product"}],"replies":[{"embeddable":true,"href":"https:\/\/azalia.lt\/lt\/wp-json\/wp\/v2\/comments?post=2414"}],"wp:featuredmedia":[{"embeddable":true,"href":"https:\/\/azalia.lt\/lt\/wp-json\/wp\/v2\/media\/2173"}],"wp:attachment":[{"href":"https:\/\/azalia.lt\/lt\/wp-json\/wp\/v2\/media?parent=2414"}],"wp:term":[{"taxonomy":"product_brand","embeddable":true,"href":"https:\/\/azalia.lt\/lt\/wp-json\/wp\/v2\/product_brand?post=2414"},{"taxonomy":"product_cat","embeddable":true,"href":"https:\/\/azalia.lt\/lt\/wp-json\/wp\/v2\/product_cat?post=2414"},{"taxonomy":"product_tag","embeddable":true,"href":"https:\/\/azalia.lt\/lt\/wp-json\/wp\/v2\/product_tag?post=2414"},{"taxonomy":"product_brands","embeddable":true,"href":"https:\/\/azalia.lt\/lt\/wp-json\/wp\/v2\/product_brands?post=2414"}],"curies":[{"name":"wp","href":"https:\/\/api.w.org\/{rel}","templated":true}]}}