{"id":2415,"date":"2025-12-02T05:48:04","date_gmt":"2025-12-02T05:48:04","guid":{"rendered":"https:\/\/azalia.lt\/?post_type=product&#038;p=2415"},"modified":"2026-03-24T19:41:50","modified_gmt":"2026-03-24T19:41:50","slug":"fifth-change-edp-milestone-women-20ml","status":"publish","type":"product","link":"https:\/\/azalia.lt\/lt\/produktas\/fifth-change-edp-milestone-women-20ml\/","title":{"rendered":"Fifth Change EDP Milestone Moterims 20ml"},"content":{"rendered":"<p>Fifth Change Milestone kolekcija \u2013 gaivus, pudrinis, ry\u0161kus aromatas.<br \/>\nVir\u0161utin\u0117s natos: citrusini\u0173 vaisi\u0173 natos.<br \/>\n\u0160irdies natos: gegu\u017e\u0117s m\u0117nesio ro\u017e\u0117, jazminas, aldehidiniai akcentai.<br \/>\nBazin\u0117s natos: vanil\u0117.<br \/>\n\u012ekv\u0117pta Nr. 5 Ch.<br \/>\nPagaminta JAE.<\/p>","protected":false},"excerpt":{"rendered":"<p>Fifth Change Milestone kolekcija \u2013 gaivus, pudrinis, ry\u0161kus aromatas<\/p>","protected":false},"featured_media":2416,"comment_status":"open","ping_status":"closed","template":"","meta":{"_bst_post_transparent":"default","_bst_post_title":"","_bst_post_layout":"default","_bst_post_sidebar_id":"","_bst_post_content_style":"default","_bst_post_vertical_padding":"default","_bst_post_feature":"","_bst_post_feature_position":"","_bst_post_header":false,"_bst_post_footer":false},"product_brand":[131],"product_cat":[89,129,84],"product_tag":[],"product_brands":[],"class_list":{"0":"post-2415","1":"product","2":"type-product","3":"status-publish","4":"has-post-thumbnail","6":"product_brand-armaf","7":"product_cat-women-alcohol-based-perfume","8":"product_cat-women-mini-perfume","9":"product_cat-women-spray-perfume","11":"first","12":"instock","13":"taxable","14":"shipping-taxable","15":"purchasable","16":"product-type-simple","17":"entry","18":"content-bg","19":"loop-entry"},"_links":{"self":[{"href":"https:\/\/azalia.lt\/lt\/wp-json\/wp\/v2\/product\/2415","targetHints":{"allow":["GET"]}}],"collection":[{"href":"https:\/\/azalia.lt\/lt\/wp-json\/wp\/v2\/product"}],"about":[{"href":"https:\/\/azalia.lt\/lt\/wp-json\/wp\/v2\/types\/product"}],"replies":[{"embeddable":true,"href":"https:\/\/azalia.lt\/lt\/wp-json\/wp\/v2\/comments?post=2415"}],"wp:featuredmedia":[{"embeddable":true,"href":"https:\/\/azalia.lt\/lt\/wp-json\/wp\/v2\/media\/2416"}],"wp:attachment":[{"href":"https:\/\/azalia.lt\/lt\/wp-json\/wp\/v2\/media?parent=2415"}],"wp:term":[{"taxonomy":"product_brand","embeddable":true,"href":"https:\/\/azalia.lt\/lt\/wp-json\/wp\/v2\/product_brand?post=2415"},{"taxonomy":"product_cat","embeddable":true,"href":"https:\/\/azalia.lt\/lt\/wp-json\/wp\/v2\/product_cat?post=2415"},{"taxonomy":"product_tag","embeddable":true,"href":"https:\/\/azalia.lt\/lt\/wp-json\/wp\/v2\/product_tag?post=2415"},{"taxonomy":"product_brands","embeddable":true,"href":"https:\/\/azalia.lt\/lt\/wp-json\/wp\/v2\/product_brands?post=2415"}],"curies":[{"name":"wp","href":"https:\/\/api.w.org\/{rel}","templated":true}]}}