{"id":2417,"date":"2025-12-02T06:04:55","date_gmt":"2025-12-02T06:04:55","guid":{"rendered":"https:\/\/azalia.lt\/?post_type=product&#038;p=2417"},"modified":"2026-03-24T19:41:45","modified_gmt":"2026-03-24T19:41:45","slug":"madam-moiselle-edp-milestone-women-20ml","status":"publish","type":"product","link":"https:\/\/azalia.lt\/lt\/produktas\/madam-moiselle-edp-milestone-women-20ml\/","title":{"rendered":"Madam Moiselle EDP Milestone Moterims 20ml"},"content":{"rendered":"<p>Madam Moiselle\u201c \u2013 eleganti\u0161ka g\u0117li\u0173 puok\u0161t\u0117, kuri apgaubia jus \u0161ilta charizma ir draugi\u0161ka energija.<br \/>\nTop notes: tangy bergamot, fresh orange.<br \/>\n\u0160irdies natos: ro\u017e\u0117, jazminas<br \/>\nBazin\u0117s natos: muskusas.<br \/>\n\u012ekv\u0117pta Coco Mademoiselle.<br \/>\nPagaminta JAE.<\/p>","protected":false},"excerpt":{"rendered":"<p>Madam Moiselle\u201c \u2013 eleganti\u0161ka g\u0117li\u0173 puok\u0161t\u0117, kuri apgaubia jus \u0161ilta charizma ir draugi\u0161ka energija<\/p>","protected":false},"featured_media":2418,"comment_status":"open","ping_status":"closed","template":"","meta":{"_bst_post_transparent":"default","_bst_post_title":"","_bst_post_layout":"default","_bst_post_sidebar_id":"","_bst_post_content_style":"default","_bst_post_vertical_padding":"default","_bst_post_feature":"","_bst_post_feature_position":"","_bst_post_header":false,"_bst_post_footer":false},"product_brand":[123],"product_cat":[89,129,84],"product_tag":[],"product_brands":[117],"class_list":{"0":"post-2417","1":"product","2":"type-product","3":"status-publish","4":"has-post-thumbnail","6":"product_brand-milestone","7":"product_cat-women-alcohol-based-perfume","8":"product_cat-women-mini-perfume","9":"product_cat-women-spray-perfume","10":"product_brands-milestone","12":"first","13":"instock","14":"taxable","15":"shipping-taxable","16":"purchasable","17":"product-type-simple","18":"entry","19":"content-bg","20":"loop-entry"},"_links":{"self":[{"href":"https:\/\/azalia.lt\/lt\/wp-json\/wp\/v2\/product\/2417","targetHints":{"allow":["GET"]}}],"collection":[{"href":"https:\/\/azalia.lt\/lt\/wp-json\/wp\/v2\/product"}],"about":[{"href":"https:\/\/azalia.lt\/lt\/wp-json\/wp\/v2\/types\/product"}],"replies":[{"embeddable":true,"href":"https:\/\/azalia.lt\/lt\/wp-json\/wp\/v2\/comments?post=2417"}],"wp:featuredmedia":[{"embeddable":true,"href":"https:\/\/azalia.lt\/lt\/wp-json\/wp\/v2\/media\/2418"}],"wp:attachment":[{"href":"https:\/\/azalia.lt\/lt\/wp-json\/wp\/v2\/media?parent=2417"}],"wp:term":[{"taxonomy":"product_brand","embeddable":true,"href":"https:\/\/azalia.lt\/lt\/wp-json\/wp\/v2\/product_brand?post=2417"},{"taxonomy":"product_cat","embeddable":true,"href":"https:\/\/azalia.lt\/lt\/wp-json\/wp\/v2\/product_cat?post=2417"},{"taxonomy":"product_tag","embeddable":true,"href":"https:\/\/azalia.lt\/lt\/wp-json\/wp\/v2\/product_tag?post=2417"},{"taxonomy":"product_brands","embeddable":true,"href":"https:\/\/azalia.lt\/lt\/wp-json\/wp\/v2\/product_brands?post=2417"}],"curies":[{"name":"wp","href":"https:\/\/api.w.org\/{rel}","templated":true}]}}