{"id":2419,"date":"2025-12-02T06:15:46","date_gmt":"2025-12-02T06:15:46","guid":{"rendered":"https:\/\/azalia.lt\/?post_type=product&#038;p=2419"},"modified":"2026-03-24T19:41:40","modified_gmt":"2026-03-24T19:41:40","slug":"grandeur-extra-man-edp-milestone-men-20ml","status":"publish","type":"product","link":"https:\/\/azalia.lt\/lt\/produktas\/grandeur-extra-man-edp-milestone-men-20ml\/","title":{"rendered":"Grandeur Extra Man EDP Milestone Vyrams 20ml"},"content":{"rendered":"<p>Grandeur Extra Man Milestone kolekcija \u2013 gaivus, a\u0161trus ir charizmati\u0161kas aromatas.<br \/>\nVir\u0161utin\u0117s natos: greipfrutas, m\u0117ta, \u017ealias obuolys.<br \/>\nVidurin\u0117s natos: prieskoniai, tonka pupel\u0117s, pelargonijos.<br \/>\nBazin\u0117s natos: kedras, vetiverija, vanil\u0117.<br \/>\n\u012ekv\u0117pta Ultra Male<br \/>\nPagaminta JAE.<\/p>","protected":false},"excerpt":{"rendered":"<p>Grandeur Extra Man Milestone kolekcija \u2013 gaivus, a\u0161trus ir charizmati\u0161kas aromatas<\/p>","protected":false},"featured_media":2420,"comment_status":"open","ping_status":"closed","template":"","meta":{"_bst_post_transparent":"default","_bst_post_title":"","_bst_post_layout":"default","_bst_post_sidebar_id":"","_bst_post_content_style":"default","_bst_post_vertical_padding":"default","_bst_post_feature":"","_bst_post_feature_position":"","_bst_post_header":false,"_bst_post_footer":false},"product_brand":[123],"product_cat":[88,130,86],"product_tag":[],"product_brands":[117],"class_list":{"0":"post-2419","1":"product","2":"type-product","3":"status-publish","4":"has-post-thumbnail","6":"product_brand-milestone","7":"product_cat-men-edp-perfume","8":"product_cat-men-mini-perfume","9":"product_cat-men-spray-perfume","10":"product_brands-milestone","12":"first","13":"instock","14":"taxable","15":"shipping-taxable","16":"purchasable","17":"product-type-simple","18":"entry","19":"content-bg","20":"loop-entry"},"_links":{"self":[{"href":"https:\/\/azalia.lt\/lt\/wp-json\/wp\/v2\/product\/2419","targetHints":{"allow":["GET"]}}],"collection":[{"href":"https:\/\/azalia.lt\/lt\/wp-json\/wp\/v2\/product"}],"about":[{"href":"https:\/\/azalia.lt\/lt\/wp-json\/wp\/v2\/types\/product"}],"replies":[{"embeddable":true,"href":"https:\/\/azalia.lt\/lt\/wp-json\/wp\/v2\/comments?post=2419"}],"wp:featuredmedia":[{"embeddable":true,"href":"https:\/\/azalia.lt\/lt\/wp-json\/wp\/v2\/media\/2420"}],"wp:attachment":[{"href":"https:\/\/azalia.lt\/lt\/wp-json\/wp\/v2\/media?parent=2419"}],"wp:term":[{"taxonomy":"product_brand","embeddable":true,"href":"https:\/\/azalia.lt\/lt\/wp-json\/wp\/v2\/product_brand?post=2419"},{"taxonomy":"product_cat","embeddable":true,"href":"https:\/\/azalia.lt\/lt\/wp-json\/wp\/v2\/product_cat?post=2419"},{"taxonomy":"product_tag","embeddable":true,"href":"https:\/\/azalia.lt\/lt\/wp-json\/wp\/v2\/product_tag?post=2419"},{"taxonomy":"product_brands","embeddable":true,"href":"https:\/\/azalia.lt\/lt\/wp-json\/wp\/v2\/product_brands?post=2419"}],"curies":[{"name":"wp","href":"https:\/\/api.w.org\/{rel}","templated":true}]}}