{"id":2421,"date":"2026-03-24T06:25:02","date_gmt":"2026-03-24T06:25:02","guid":{"rendered":"https:\/\/azalia.lt\/?post_type=product&#038;p=2421"},"modified":"2026-04-04T08:12:18","modified_gmt":"2026-04-04T08:12:18","slug":"black-leather-edp-milestone-unisex-100ml","status":"publish","type":"product","link":"https:\/\/azalia.lt\/lt\/produktas\/black-leather-edp-milestone-unisex-100ml\/","title":{"rendered":"Black Leather EDP Milestone Unisex 100ml"},"content":{"rendered":"<p>Black Leather \u2013 rytieti\u0161kas odos unisex aromatas<br \/>\nVir\u0161utin\u0117s natos: kardamonas, samanos.<br \/>\nVidurin\u0117s natos: jazminas Sambac.<br \/>\nPagrindin\u0117s natos: oda, pa\u010diulis, gintaras, vanil\u0117<br \/>\n\u012ekv\u0117ptas Ombre Leather.<br \/>\nPagaminta JAE.<\/p>","protected":false},"excerpt":{"rendered":"<p>Black Leather \u2013 rytieti\u0161kas odos unisex aromatas<\/p>","protected":false},"featured_media":3188,"comment_status":"open","ping_status":"closed","template":"","meta":{"_bst_post_transparent":"default","_bst_post_title":"","_bst_post_layout":"default","_bst_post_sidebar_id":"","_bst_post_content_style":"default","_bst_post_vertical_padding":"default","_bst_post_feature":"","_bst_post_feature_position":"","_bst_post_header":false,"_bst_post_footer":false},"product_brand":[123],"product_cat":[88,86,89,84],"product_tag":[],"product_brands":[117],"class_list":{"0":"post-2421","1":"product","2":"type-product","3":"status-publish","4":"has-post-thumbnail","6":"product_brand-milestone","7":"product_cat-men-edp-perfume","8":"product_cat-men-spray-perfume","9":"product_cat-women-alcohol-based-perfume","10":"product_cat-women-spray-perfume","11":"product_brands-milestone","13":"first","14":"instock","15":"taxable","16":"shipping-taxable","17":"purchasable","18":"product-type-simple","19":"entry","20":"content-bg","21":"loop-entry"},"_links":{"self":[{"href":"https:\/\/azalia.lt\/lt\/wp-json\/wp\/v2\/product\/2421","targetHints":{"allow":["GET"]}}],"collection":[{"href":"https:\/\/azalia.lt\/lt\/wp-json\/wp\/v2\/product"}],"about":[{"href":"https:\/\/azalia.lt\/lt\/wp-json\/wp\/v2\/types\/product"}],"replies":[{"embeddable":true,"href":"https:\/\/azalia.lt\/lt\/wp-json\/wp\/v2\/comments?post=2421"}],"wp:featuredmedia":[{"embeddable":true,"href":"https:\/\/azalia.lt\/lt\/wp-json\/wp\/v2\/media\/3188"}],"wp:attachment":[{"href":"https:\/\/azalia.lt\/lt\/wp-json\/wp\/v2\/media?parent=2421"}],"wp:term":[{"taxonomy":"product_brand","embeddable":true,"href":"https:\/\/azalia.lt\/lt\/wp-json\/wp\/v2\/product_brand?post=2421"},{"taxonomy":"product_cat","embeddable":true,"href":"https:\/\/azalia.lt\/lt\/wp-json\/wp\/v2\/product_cat?post=2421"},{"taxonomy":"product_tag","embeddable":true,"href":"https:\/\/azalia.lt\/lt\/wp-json\/wp\/v2\/product_tag?post=2421"},{"taxonomy":"product_brands","embeddable":true,"href":"https:\/\/azalia.lt\/lt\/wp-json\/wp\/v2\/product_brands?post=2421"}],"curies":[{"name":"wp","href":"https:\/\/api.w.org\/{rel}","templated":true}]}}