{"id":2423,"date":"2025-12-02T07:00:23","date_gmt":"2025-12-02T07:00:23","guid":{"rendered":"https:\/\/azalia.lt\/?post_type=product&#038;p=2423"},"modified":"2026-03-24T19:41:32","modified_gmt":"2026-03-24T19:41:32","slug":"arabia-haya-crush-edp-milestone-women-20ml","status":"publish","type":"product","link":"https:\/\/azalia.lt\/lt\/produktas\/arabia-haya-crush-edp-milestone-women-20ml\/","title":{"rendered":"Arabia Haya Crush EDP Milestone Moterims 20ml"},"content":{"rendered":"<p>Arabia Haya Crush puikiai tinka moteriai, kuri nori jaustis u\u017etikrintai ir nenugalima.<br \/>\nD\u0117l ilgai i\u0161liekan\u010dios EDP formul\u0117s \u0161iais prabangiais kvepalais galite m\u0117gautis vis\u0105 dien\u0105.<br \/>\nVir\u0161utin\u0117s natos: r\u016bg\u0161\u010diosios vy\u0161nios, aviet\u0117s, daimas, mandarinas.<br \/>\nVidurin\u0117s natos: zefyras, vanil\u0117, gardenija, orchid\u0117ja.<br \/>\nBazin\u0117s natos: balta zom\u0161a, santalas, muskusas, \u0105\u017euolas.<br \/>\n\u012ekv\u0117pta Yara Candy<br \/>\nPagaminta JAE.<\/p>","protected":false},"excerpt":{"rendered":"<p>Arabia Haya Crush puikiai tinka moteriai, kuri nori jaustis u\u017etikrintai ir nenugalima.<\/p>","protected":false},"featured_media":2424,"comment_status":"open","ping_status":"closed","template":"","meta":{"_bst_post_transparent":"default","_bst_post_title":"","_bst_post_layout":"default","_bst_post_sidebar_id":"","_bst_post_content_style":"default","_bst_post_vertical_padding":"default","_bst_post_feature":"","_bst_post_feature_position":"","_bst_post_header":false,"_bst_post_footer":false},"product_brand":[123],"product_cat":[89,129,84],"product_tag":[],"product_brands":[117],"class_list":{"0":"post-2423","1":"product","2":"type-product","3":"status-publish","4":"has-post-thumbnail","6":"product_brand-milestone","7":"product_cat-women-alcohol-based-perfume","8":"product_cat-women-mini-perfume","9":"product_cat-women-spray-perfume","10":"product_brands-milestone","12":"first","13":"instock","14":"taxable","15":"shipping-taxable","16":"purchasable","17":"product-type-simple","18":"entry","19":"content-bg","20":"loop-entry"},"_links":{"self":[{"href":"https:\/\/azalia.lt\/lt\/wp-json\/wp\/v2\/product\/2423","targetHints":{"allow":["GET"]}}],"collection":[{"href":"https:\/\/azalia.lt\/lt\/wp-json\/wp\/v2\/product"}],"about":[{"href":"https:\/\/azalia.lt\/lt\/wp-json\/wp\/v2\/types\/product"}],"replies":[{"embeddable":true,"href":"https:\/\/azalia.lt\/lt\/wp-json\/wp\/v2\/comments?post=2423"}],"wp:featuredmedia":[{"embeddable":true,"href":"https:\/\/azalia.lt\/lt\/wp-json\/wp\/v2\/media\/2424"}],"wp:attachment":[{"href":"https:\/\/azalia.lt\/lt\/wp-json\/wp\/v2\/media?parent=2423"}],"wp:term":[{"taxonomy":"product_brand","embeddable":true,"href":"https:\/\/azalia.lt\/lt\/wp-json\/wp\/v2\/product_brand?post=2423"},{"taxonomy":"product_cat","embeddable":true,"href":"https:\/\/azalia.lt\/lt\/wp-json\/wp\/v2\/product_cat?post=2423"},{"taxonomy":"product_tag","embeddable":true,"href":"https:\/\/azalia.lt\/lt\/wp-json\/wp\/v2\/product_tag?post=2423"},{"taxonomy":"product_brands","embeddable":true,"href":"https:\/\/azalia.lt\/lt\/wp-json\/wp\/v2\/product_brands?post=2423"}],"curies":[{"name":"wp","href":"https:\/\/api.w.org\/{rel}","templated":true}]}}