{"id":2983,"date":"2025-12-22T15:04:17","date_gmt":"2025-12-22T15:04:17","guid":{"rendered":"https:\/\/azalia.lt\/?post_type=product&#038;p=2983"},"modified":"2026-04-14T16:33:24","modified_gmt":"2026-04-14T16:33:24","slug":"tanasuk-al-haramain-cpo-unisex-2ml","status":"publish","type":"product","link":"https:\/\/azalia.lt\/lt\/produktas\/tanasuk-al-haramain-cpo-unisex-2ml\/","title":{"rendered":"Tanasuk Al Haramain CPO Unisex 2ml"},"content":{"rendered":"<p>Tanasuk \u2013 stylish, harmonious and pleasant oriental and gourmet perfume for men and women.<br \/>\nTop notes: peach passionflower, rose, saffron.<br \/>\nMiddle notes: jasmine, woody notes, ambergris, cognac notes.<br \/>\nBase notes: brown sugar, musk, vanilla.<br \/>\nTaikyti kvepalus ant pulsuojan\u010di\u0173 viet\u0173 (rie\u0161o, alk\u016bn\u0117s lenkimo, kaklo).<br \/>\nNegalima tepti ant drabu\u017ei\u0173.<br \/>\nAlkoholis 0%.<br \/>\nPagaminta JAE.<\/p>","protected":false},"excerpt":{"rendered":"<p>Tanasuk \u2013 stylish, harmonious and pleasant oriental and gourmet perfume unisex<\/p>","protected":false},"featured_media":2173,"comment_status":"open","ping_status":"closed","template":"","meta":{"_bst_post_transparent":"default","_bst_post_title":"","_bst_post_layout":"default","_bst_post_sidebar_id":"","_bst_post_content_style":"default","_bst_post_vertical_padding":"default","_bst_post_feature":"","_bst_post_feature_position":"","_bst_post_header":false,"_bst_post_footer":false},"product_brand":[110],"product_cat":[167,168,207,206,87,201,135,83],"product_tag":[],"product_brands":[113],"class_list":{"0":"post-2983","1":"product","2":"type-product","3":"status-publish","4":"has-post-thumbnail","6":"product_brand-al-haramain","7":"product_cat-cpo-2ml-women","8":"product_cat-cpo-2ml-men","9":"product_cat-gourmand-delights","10":"product_cat-intoxicating-elixirs","11":"product_cat-vyriski-aliejiniai-kvepalai","12":"product_cat-musk-freshness","13":"product_cat-top-products","14":"product_cat-moteriski-aliejiniai-kvepalai","15":"product_brands-al-haramain","17":"first","18":"instock","19":"taxable","20":"shipping-taxable","21":"purchasable","22":"product-type-simple","23":"entry","24":"content-bg","25":"loop-entry"},"_links":{"self":[{"href":"https:\/\/azalia.lt\/lt\/wp-json\/wp\/v2\/product\/2983","targetHints":{"allow":["GET"]}}],"collection":[{"href":"https:\/\/azalia.lt\/lt\/wp-json\/wp\/v2\/product"}],"about":[{"href":"https:\/\/azalia.lt\/lt\/wp-json\/wp\/v2\/types\/product"}],"replies":[{"embeddable":true,"href":"https:\/\/azalia.lt\/lt\/wp-json\/wp\/v2\/comments?post=2983"}],"wp:featuredmedia":[{"embeddable":true,"href":"https:\/\/azalia.lt\/lt\/wp-json\/wp\/v2\/media\/2173"}],"wp:attachment":[{"href":"https:\/\/azalia.lt\/lt\/wp-json\/wp\/v2\/media?parent=2983"}],"wp:term":[{"taxonomy":"product_brand","embeddable":true,"href":"https:\/\/azalia.lt\/lt\/wp-json\/wp\/v2\/product_brand?post=2983"},{"taxonomy":"product_cat","embeddable":true,"href":"https:\/\/azalia.lt\/lt\/wp-json\/wp\/v2\/product_cat?post=2983"},{"taxonomy":"product_tag","embeddable":true,"href":"https:\/\/azalia.lt\/lt\/wp-json\/wp\/v2\/product_tag?post=2983"},{"taxonomy":"product_brands","embeddable":true,"href":"https:\/\/azalia.lt\/lt\/wp-json\/wp\/v2\/product_brands?post=2983"}],"curies":[{"name":"wp","href":"https:\/\/api.w.org\/{rel}","templated":true}]}}