{"id":2984,"date":"2025-12-22T19:33:21","date_gmt":"2025-12-22T19:33:21","guid":{"rendered":"https:\/\/azalia.lt\/?post_type=product&#038;p=2984"},"modified":"2026-04-27T05:31:55","modified_gmt":"2026-04-27T05:31:55","slug":"dunes-of-dubai-al-haramain-cpo-unisex-2ml","status":"publish","type":"product","link":"https:\/\/azalia.lt\/lt\/produktas\/dunes-of-dubai-al-haramain-cpo-unisex-2ml\/","title":{"rendered":"Dunes of Dubai Al Haramain CPO Unisex 2ml"},"content":{"rendered":"<p>Pirmar\u016b\u0161iai ingredientai ir la\u0161elis prabangos sukuria kvap\u0173j\u012f aliej\u0173 Al Haramain Dunes of Dubai .<br \/>\n\u0160is aliejus apgaubia jus jausmingu nebl\u0117stan\u010dio kvapo \u0161ydu.<br \/>\nVir\u0161utin\u0117s natos: bra\u0161k\u0117s, ananasai, santalai, vanil\u0117.<br \/>\nVidurin\u0117s natos: persikai, g\u0117li\u0173 natos, muskusas, aviet\u0117s, kvapioji kananga.<br \/>\nBazin\u0117s natos: pa\u010diuliai, cinamonas, jazminai, levandos, ro\u017e\u0117s.<br \/>\nTaikyti kvepalus ant pulsuojan\u010di\u0173 viet\u0173 (rie\u0161o, alk\u016bn\u0117s lenkimo, kaklo).<br \/>\nNegalima tepti ant drabu\u017ei\u0173.<br \/>\nAlkoholis 0%.<br \/>\nPagaminta JAE.<\/p>","protected":false},"excerpt":{"rendered":"<p>Pirmar\u016b\u0161iai ingredientai ir la\u0161elis prabangos sukuria kvap\u0173j\u012f aliej\u0173 Al Haramain Dunes of Dubai .<\/p>","protected":false},"featured_media":3930,"comment_status":"open","ping_status":"closed","template":"","meta":{"_bst_post_transparent":"default","_bst_post_title":"","_bst_post_layout":"default","_bst_post_sidebar_id":"","_bst_post_content_style":"default","_bst_post_vertical_padding":"default","_bst_post_feature":"","_bst_post_feature_position":"","_bst_post_header":false,"_bst_post_footer":false},"product_brand":[121,110],"product_cat":[168,167,202,87,201,135,83,200],"product_tag":[],"product_brands":[113],"class_list":{"0":"post-2984","1":"product","2":"type-product","3":"status-publish","4":"has-post-thumbnail","6":"product_brand-azalia","7":"product_brand-al-haramain","8":"product_cat-cpo-2ml-men","9":"product_cat-cpo-2ml-women","10":"product_cat-floral-accords","11":"product_cat-vyriski-aliejiniai-kvepalai","12":"product_cat-musk-freshness","13":"product_cat-top-products","14":"product_cat-moteriski-aliejiniai-kvepalai","15":"product_cat-wood-oud-notes","16":"product_brands-al-haramain","18":"first","19":"instock","20":"taxable","21":"shipping-taxable","22":"purchasable","23":"product-type-simple","24":"entry","25":"content-bg","26":"loop-entry"},"_links":{"self":[{"href":"https:\/\/azalia.lt\/lt\/wp-json\/wp\/v2\/product\/2984","targetHints":{"allow":["GET"]}}],"collection":[{"href":"https:\/\/azalia.lt\/lt\/wp-json\/wp\/v2\/product"}],"about":[{"href":"https:\/\/azalia.lt\/lt\/wp-json\/wp\/v2\/types\/product"}],"replies":[{"embeddable":true,"href":"https:\/\/azalia.lt\/lt\/wp-json\/wp\/v2\/comments?post=2984"}],"wp:featuredmedia":[{"embeddable":true,"href":"https:\/\/azalia.lt\/lt\/wp-json\/wp\/v2\/media\/3930"}],"wp:attachment":[{"href":"https:\/\/azalia.lt\/lt\/wp-json\/wp\/v2\/media?parent=2984"}],"wp:term":[{"taxonomy":"product_brand","embeddable":true,"href":"https:\/\/azalia.lt\/lt\/wp-json\/wp\/v2\/product_brand?post=2984"},{"taxonomy":"product_cat","embeddable":true,"href":"https:\/\/azalia.lt\/lt\/wp-json\/wp\/v2\/product_cat?post=2984"},{"taxonomy":"product_tag","embeddable":true,"href":"https:\/\/azalia.lt\/lt\/wp-json\/wp\/v2\/product_tag?post=2984"},{"taxonomy":"product_brands","embeddable":true,"href":"https:\/\/azalia.lt\/lt\/wp-json\/wp\/v2\/product_brands?post=2984"}],"curies":[{"name":"wp","href":"https:\/\/api.w.org\/{rel}","templated":true}]}}