{"id":3002,"date":"2025-12-24T07:59:52","date_gmt":"2025-12-24T07:59:52","guid":{"rendered":"https:\/\/azalia.lt\/?post_type=product&#038;p=3002"},"modified":"2026-04-14T15:16:54","modified_gmt":"2026-04-14T15:16:54","slug":"mukhammaria-tahara-vanilla-25gr","status":"publish","type":"product","link":"https:\/\/azalia.lt\/lt\/produktas\/mukhammaria-tahara-vanilla-25gr\/","title":{"rendered":"Mukhammaria Tahara Vanilla 25gr"},"content":{"rendered":"<p>Mukhammaria yra tradiciniai arab\u0173 \u0161alyse plauk\u0173 ir k\u016bno kvepalai<br \/>\nJis naudojamas k\u016bnui ir plaukams kv\u0117pinti, tod\u0117l jie tampa sveiki, sudr\u0117kinti ir \u0161veln\u016bs.<br \/>\nMukhammaria Tahara Vanilla\u201c\u2013 tai muskuso, g\u0117li\u0173 ir labai koncentruoti kvepalai. Be alkoholio.<br \/>\nNatos: hiacintas, pelargonija, persikas, pakalnut\u0117, ro\u017e\u0117, kedras, vilkdalgis, muskusas, vanil\u0117, gintaras.<br \/>\nNAUDOJIMAS: Paimkite nedidel\u012f Mukhammaria kiek\u012f ir patrinkite tarp pir\u0161t\u0173 arba deln\u0173, tada u\u017etepkite ant k\u016bno ir (arba) plauk\u0173.<br \/>\nNaudokite po du\u0161o, kad sudr\u0117kintum\u0117te labai sausas odos vietas, pakv\u0117pintum\u0117te ir pamaitintum\u0117te plauk\u0173 galiukus, taip pat kaip kvepalus.<br \/>\nPagaminta JAE.<\/p>","protected":false},"excerpt":{"rendered":"<p>Mukhammaria yra tradiciniai arab\u0173 \u0161alyse plauk\u0173 ir k\u016bno kvepalai<\/p>","protected":false},"featured_media":3003,"comment_status":"open","ping_status":"closed","template":"","meta":{"_bst_post_transparent":"default","_bst_post_title":"","_bst_post_layout":"default","_bst_post_sidebar_id":"","_bst_post_content_style":"default","_bst_post_vertical_padding":"default","_bst_post_feature":"","_bst_post_feature_position":"","_bst_post_header":false,"_bst_post_footer":false},"product_brand":[],"product_cat":[97,201,90,98],"product_tag":[],"product_brands":[],"class_list":{"0":"post-3002","1":"product","2":"type-product","3":"status-publish","4":"has-post-thumbnail","6":"product_cat-vyru-odos-prieziura","7":"product_cat-musk-freshness","8":"product_cat-perfumed-cosmetics","9":"product_cat-veido-kuno-prieziura-moterims","11":"first","12":"instock","13":"taxable","14":"shipping-taxable","15":"purchasable","16":"product-type-simple","17":"entry","18":"content-bg","19":"loop-entry"},"_links":{"self":[{"href":"https:\/\/azalia.lt\/lt\/wp-json\/wp\/v2\/product\/3002","targetHints":{"allow":["GET"]}}],"collection":[{"href":"https:\/\/azalia.lt\/lt\/wp-json\/wp\/v2\/product"}],"about":[{"href":"https:\/\/azalia.lt\/lt\/wp-json\/wp\/v2\/types\/product"}],"replies":[{"embeddable":true,"href":"https:\/\/azalia.lt\/lt\/wp-json\/wp\/v2\/comments?post=3002"}],"wp:featuredmedia":[{"embeddable":true,"href":"https:\/\/azalia.lt\/lt\/wp-json\/wp\/v2\/media\/3003"}],"wp:attachment":[{"href":"https:\/\/azalia.lt\/lt\/wp-json\/wp\/v2\/media?parent=3002"}],"wp:term":[{"taxonomy":"product_brand","embeddable":true,"href":"https:\/\/azalia.lt\/lt\/wp-json\/wp\/v2\/product_brand?post=3002"},{"taxonomy":"product_cat","embeddable":true,"href":"https:\/\/azalia.lt\/lt\/wp-json\/wp\/v2\/product_cat?post=3002"},{"taxonomy":"product_tag","embeddable":true,"href":"https:\/\/azalia.lt\/lt\/wp-json\/wp\/v2\/product_tag?post=3002"},{"taxonomy":"product_brands","embeddable":true,"href":"https:\/\/azalia.lt\/lt\/wp-json\/wp\/v2\/product_brands?post=3002"}],"curies":[{"name":"wp","href":"https:\/\/api.w.org\/{rel}","templated":true}]}}