{"id":3007,"date":"2025-12-24T08:20:40","date_gmt":"2025-12-24T08:20:40","guid":{"rendered":"https:\/\/azalia.lt\/?post_type=product&#038;p=3007"},"modified":"2026-03-22T11:15:25","modified_gmt":"2026-03-22T11:15:25","slug":"cleansing-butter-retinol-complex-50ml","status":"publish","type":"product","link":"https:\/\/azalia.lt\/lt\/produktas\/cleansing-butter-retinol-complex-50ml\/","title":{"rendered":"Valomasis Sviestas Su Retinolio Kompleksu 50ml"},"content":{"rendered":"<p>Kreminis valomasis sviestas su taukmed\u017eio sviestu ir alyvuogi\u0173 aliejumi<br \/>\nGiliai pa\u0161alina makia\u017e\u0105 ir dr\u0117kina od\u0105.<br \/>\nRetinol Complex\u00ae Cleansing Butter yra itin kremin\u0117s konsistencijos valomasis sviestas, specialiai sukurtas greitai pa\u0161alinti makia\u017e\u0105 ir giliai valyti od\u0105.<br \/>\nPraturtintas alyvuogi\u0173 aliejumi ir taukmed\u017eio sviestu, jis intensyviai maitina ir dr\u0117kina, palieka od\u0105 \u0161velni\u0105, elasting\u0105 ir tobulai i\u0161valyt\u0105.<\/p>\n<p>Privalumai:<\/p>\n<p>Efektyviai pa\u0161alina makia\u017e\u0105, net ir ilgai i\u0161liekant\u012f<br \/>\nGiliai valo, tausodamas od\u0105<br \/>\nPraturtintas maitinamosiomis med\u017eiagomis (alyvuogi\u0173 aliejumi, taukmed\u017eio sviestu)<br \/>\nSuteikia odai dr\u0117kinim\u0105 ir komfort\u0105<br \/>\nTinka visiems odos tipams, net jautriai.<br \/>\nPagaminta Italijoje.<\/p>","protected":false},"excerpt":{"rendered":"<p>Kreminis valomasis sviestas su taukmed\u017eio sviestu ir alyvuogi\u0173 aliejumi<\/p>","protected":false},"featured_media":3008,"comment_status":"open","ping_status":"closed","template":"","meta":{"_bst_post_transparent":"default","_bst_post_title":"","_bst_post_layout":"default","_bst_post_sidebar_id":"","_bst_post_content_style":"default","_bst_post_vertical_padding":"default","_bst_post_feature":"","_bst_post_feature_position":"","_bst_post_header":false,"_bst_post_footer":false},"product_brand":[],"product_cat":[97,90,98],"product_tag":[],"product_brands":[],"class_list":{"0":"post-3007","1":"product","2":"type-product","3":"status-publish","4":"has-post-thumbnail","6":"product_cat-vyru-odos-prieziura","7":"product_cat-perfumed-cosmetics","8":"product_cat-veido-kuno-prieziura-moterims","10":"first","11":"instock","12":"taxable","13":"shipping-taxable","14":"purchasable","15":"product-type-simple","16":"entry","17":"content-bg","18":"loop-entry"},"_links":{"self":[{"href":"https:\/\/azalia.lt\/lt\/wp-json\/wp\/v2\/product\/3007","targetHints":{"allow":["GET"]}}],"collection":[{"href":"https:\/\/azalia.lt\/lt\/wp-json\/wp\/v2\/product"}],"about":[{"href":"https:\/\/azalia.lt\/lt\/wp-json\/wp\/v2\/types\/product"}],"replies":[{"embeddable":true,"href":"https:\/\/azalia.lt\/lt\/wp-json\/wp\/v2\/comments?post=3007"}],"wp:featuredmedia":[{"embeddable":true,"href":"https:\/\/azalia.lt\/lt\/wp-json\/wp\/v2\/media\/3008"}],"wp:attachment":[{"href":"https:\/\/azalia.lt\/lt\/wp-json\/wp\/v2\/media?parent=3007"}],"wp:term":[{"taxonomy":"product_brand","embeddable":true,"href":"https:\/\/azalia.lt\/lt\/wp-json\/wp\/v2\/product_brand?post=3007"},{"taxonomy":"product_cat","embeddable":true,"href":"https:\/\/azalia.lt\/lt\/wp-json\/wp\/v2\/product_cat?post=3007"},{"taxonomy":"product_tag","embeddable":true,"href":"https:\/\/azalia.lt\/lt\/wp-json\/wp\/v2\/product_tag?post=3007"},{"taxonomy":"product_brands","embeddable":true,"href":"https:\/\/azalia.lt\/lt\/wp-json\/wp\/v2\/product_brands?post=3007"}],"curies":[{"name":"wp","href":"https:\/\/api.w.org\/{rel}","templated":true}]}}