{"id":3022,"date":"2026-03-20T08:59:00","date_gmt":"2026-03-20T08:59:00","guid":{"rendered":"https:\/\/azalia.lt\/?post_type=product&#038;p=3022"},"modified":"2026-03-22T11:13:00","modified_gmt":"2026-03-22T11:13:00","slug":"ethos-deodorant-roll-on-men-60-ml","status":"publish","type":"product","link":"https:\/\/azalia.lt\/lt\/produktas\/ethos-deodorant-roll-on-men-60-ml\/","title":{"rendered":"Ethos  Rutulinis Dezodorantas Vyrams 60ml"},"content":{"rendered":"<p>Ethos \u2013 gaivus, vyri\u0161kas ir eleganti\u0161kas rutulinis dezodorantas-antiperspirantas vyrams.<br \/>\nVir\u0161utin\u0117s natos: citrina, kadagys, \u017ealiosios \u017eolel\u0117s.<br \/>\nVidurin\u0117s natos \u2013 levanda, \u017evaig\u017edinis any\u017eius, kedras.<br \/>\nPagrindin\u0117s natos \u2013 gintaras, \u0105\u017euolo samanos, muskusas.<br \/>\nYra alkoholio<br \/>\nSukurtas i\u0161 auk\u0161tos kokyb\u0117s ingredient\u0173, u\u017etikrina ilgalaik\u0119 apsaug\u0105.<br \/>\n\u0160velni formul\u0117, tinkanti visiems odos tipams<br \/>\nPagaminta JAE.<\/p>","protected":false},"excerpt":{"rendered":"<p>Ethos \u2013 gaivus, vyri\u0161kas ir eleganti\u0161kas rutulinis dezodorantas-antiperspirantas vyrams.<\/p>","protected":false},"featured_media":3023,"comment_status":"open","ping_status":"closed","template":"","meta":{"_bst_post_transparent":"default","_bst_post_title":"","_bst_post_layout":"default","_bst_post_sidebar_id":"","_bst_post_content_style":"default","_bst_post_vertical_padding":"default","_bst_post_feature":"","_bst_post_feature_position":"","_bst_post_header":false,"_bst_post_footer":false},"product_brand":[122],"product_cat":[94,92,90],"product_tag":[],"product_brands":[118],"class_list":{"0":"post-3022","1":"product","2":"type-product","3":"status-publish","4":"has-post-thumbnail","6":"product_brand-emper","7":"product_cat-deo-vyrams","8":"product_cat-vyrams","9":"product_cat-perfumed-cosmetics","10":"product_brands-emper","12":"first","13":"instock","14":"taxable","15":"shipping-taxable","16":"purchasable","17":"product-type-simple","18":"entry","19":"content-bg","20":"loop-entry"},"_links":{"self":[{"href":"https:\/\/azalia.lt\/lt\/wp-json\/wp\/v2\/product\/3022","targetHints":{"allow":["GET"]}}],"collection":[{"href":"https:\/\/azalia.lt\/lt\/wp-json\/wp\/v2\/product"}],"about":[{"href":"https:\/\/azalia.lt\/lt\/wp-json\/wp\/v2\/types\/product"}],"replies":[{"embeddable":true,"href":"https:\/\/azalia.lt\/lt\/wp-json\/wp\/v2\/comments?post=3022"}],"wp:featuredmedia":[{"embeddable":true,"href":"https:\/\/azalia.lt\/lt\/wp-json\/wp\/v2\/media\/3023"}],"wp:attachment":[{"href":"https:\/\/azalia.lt\/lt\/wp-json\/wp\/v2\/media?parent=3022"}],"wp:term":[{"taxonomy":"product_brand","embeddable":true,"href":"https:\/\/azalia.lt\/lt\/wp-json\/wp\/v2\/product_brand?post=3022"},{"taxonomy":"product_cat","embeddable":true,"href":"https:\/\/azalia.lt\/lt\/wp-json\/wp\/v2\/product_cat?post=3022"},{"taxonomy":"product_tag","embeddable":true,"href":"https:\/\/azalia.lt\/lt\/wp-json\/wp\/v2\/product_tag?post=3022"},{"taxonomy":"product_brands","embeddable":true,"href":"https:\/\/azalia.lt\/lt\/wp-json\/wp\/v2\/product_brands?post=3022"}],"curies":[{"name":"wp","href":"https:\/\/api.w.org\/{rel}","templated":true}]}}