{"id":3028,"date":"2026-03-20T13:43:13","date_gmt":"2026-03-20T13:43:13","guid":{"rendered":"https:\/\/azalia.lt\/?post_type=product&#038;p=3028"},"modified":"2026-03-22T11:12:51","modified_gmt":"2026-03-22T11:12:51","slug":"aruba-gold-deodorant-roll-on-emper-unisex-60-ml","status":"publish","type":"product","link":"https:\/\/azalia.lt\/lt\/produktas\/aruba-gold-deodorant-roll-on-emper-unisex-60-ml\/","title":{"rendered":"Aruba Gold Rutulinis Dezodorantas Emper Unisex 60 ml"},"content":{"rendered":"<p>Aruba Gold \u2013 gurmani\u0161kas rutulinis dezodorantas-antiperspirantas vyrams ir moterims.<br \/>\nVir\u0161utin\u0117s natos - mandarinas, apelsinas, \u0161afranas, \u0161alavijas.<br \/>\nVidurin\u0117s natos - karamel\u0117, tonka pupel\u0117s.<br \/>\nPagrindin\u0117s natos - ambroksanas, vetiverija, kedras.<br \/>\nYra alkoholio<br \/>\nSukurtas i\u0161 auk\u0161tos kokyb\u0117s ingredient\u0173, u\u017etikrina ilgalaik\u0119 apsaug\u0105.<br \/>\n\u0160velni formul\u0117, tinkanti visiems odos tipams<br \/>\nPagaminta JAE.<\/p>","protected":false},"excerpt":{"rendered":"<p>Aruba Gold \u2013 gurmani\u0161kas rutulinis dezodorantas-antiperspirantas vyrams ir moterims.<\/p>","protected":false},"featured_media":3029,"comment_status":"open","ping_status":"closed","template":"","meta":{"_bst_post_transparent":"default","_bst_post_title":"","_bst_post_layout":"default","_bst_post_sidebar_id":"","_bst_post_content_style":"default","_bst_post_vertical_padding":"default","_bst_post_feature":"","_bst_post_feature_position":"","_bst_post_header":false,"_bst_post_footer":false},"product_brand":[122],"product_cat":[94,93,92,91,90],"product_tag":[],"product_brands":[],"class_list":{"0":"post-3028","1":"product","2":"type-product","3":"status-publish","4":"has-post-thumbnail","6":"product_brand-emper","7":"product_cat-deo-vyrams","8":"product_cat-deo-moterims","9":"product_cat-vyrams","10":"product_cat-moterims","11":"product_cat-perfumed-cosmetics","13":"first","14":"instock","15":"taxable","16":"shipping-taxable","17":"purchasable","18":"product-type-simple","19":"entry","20":"content-bg","21":"loop-entry"},"_links":{"self":[{"href":"https:\/\/azalia.lt\/lt\/wp-json\/wp\/v2\/product\/3028","targetHints":{"allow":["GET"]}}],"collection":[{"href":"https:\/\/azalia.lt\/lt\/wp-json\/wp\/v2\/product"}],"about":[{"href":"https:\/\/azalia.lt\/lt\/wp-json\/wp\/v2\/types\/product"}],"replies":[{"embeddable":true,"href":"https:\/\/azalia.lt\/lt\/wp-json\/wp\/v2\/comments?post=3028"}],"wp:featuredmedia":[{"embeddable":true,"href":"https:\/\/azalia.lt\/lt\/wp-json\/wp\/v2\/media\/3029"}],"wp:attachment":[{"href":"https:\/\/azalia.lt\/lt\/wp-json\/wp\/v2\/media?parent=3028"}],"wp:term":[{"taxonomy":"product_brand","embeddable":true,"href":"https:\/\/azalia.lt\/lt\/wp-json\/wp\/v2\/product_brand?post=3028"},{"taxonomy":"product_cat","embeddable":true,"href":"https:\/\/azalia.lt\/lt\/wp-json\/wp\/v2\/product_cat?post=3028"},{"taxonomy":"product_tag","embeddable":true,"href":"https:\/\/azalia.lt\/lt\/wp-json\/wp\/v2\/product_tag?post=3028"},{"taxonomy":"product_brands","embeddable":true,"href":"https:\/\/azalia.lt\/lt\/wp-json\/wp\/v2\/product_brands?post=3028"}],"curies":[{"name":"wp","href":"https:\/\/api.w.org\/{rel}","templated":true}]}}