{"id":3032,"date":"2026-03-20T14:20:46","date_gmt":"2026-03-20T14:20:46","guid":{"rendered":"https:\/\/azalia.lt\/?post_type=product&#038;p=3032"},"modified":"2026-03-22T11:13:19","modified_gmt":"2026-03-22T11:13:19","slug":"monaco-deodorant-roll-on-emper-women-60-ml","status":"publish","type":"product","link":"https:\/\/azalia.lt\/lt\/produktas\/monaco-deodorant-roll-on-emper-women-60-ml\/","title":{"rendered":"Monaco Rutulinis Dezodorantas Emper Moterims 60 ml"},"content":{"rendered":"<p>Monaco \u2013 vaisi\u0173 gurmani\u0161kas rutulinis dezodorantas-antiperspirantas moterims.<br \/>\nVir\u0161utin\u0117s natos: laukin\u0117 bra\u0161k\u0117, nektarinas, persik\u0173 \u017eiedai, obuolys.<br \/>\nVidurin\u0117s natos: plakta grietin\u0117l\u0117, viskis, geltona slyva, kava, ro\u017einis jazminas, frezija, sausmedis.<br \/>\nPagrindin\u0117s natos: cukrus, vanil\u0117, karamel\u0117, muskusas, gintaras, Tolu balzamas.<br \/>\nYra alkoholio<br \/>\nSukurtas i\u0161 auk\u0161tos kokyb\u0117s ingredient\u0173, u\u017etikrina ilgalaik\u0119 apsaug\u0105.<br \/>\n\u0160velni formul\u0117, tinkanti visiems odos tipams<br \/>\nPagaminta JAE.<\/p>","protected":false},"excerpt":{"rendered":"<p>Monaco \u2013 vaisi\u0173 gurmani\u0161kas rutulinis dezodorantas-antiperspirantas moterims.<\/p>","protected":false},"featured_media":3033,"comment_status":"open","ping_status":"closed","template":"","meta":{"_bst_post_transparent":"default","_bst_post_title":"","_bst_post_layout":"default","_bst_post_sidebar_id":"","_bst_post_content_style":"default","_bst_post_vertical_padding":"default","_bst_post_feature":"","_bst_post_feature_position":"","_bst_post_header":false,"_bst_post_footer":false},"product_brand":[122],"product_cat":[93,91,90],"product_tag":[],"product_brands":[],"class_list":{"0":"post-3032","1":"product","2":"type-product","3":"status-publish","4":"has-post-thumbnail","6":"product_brand-emper","7":"product_cat-deo-moterims","8":"product_cat-moterims","9":"product_cat-perfumed-cosmetics","11":"first","12":"instock","13":"taxable","14":"shipping-taxable","15":"purchasable","16":"product-type-simple","17":"entry","18":"content-bg","19":"loop-entry"},"_links":{"self":[{"href":"https:\/\/azalia.lt\/lt\/wp-json\/wp\/v2\/product\/3032","targetHints":{"allow":["GET"]}}],"collection":[{"href":"https:\/\/azalia.lt\/lt\/wp-json\/wp\/v2\/product"}],"about":[{"href":"https:\/\/azalia.lt\/lt\/wp-json\/wp\/v2\/types\/product"}],"replies":[{"embeddable":true,"href":"https:\/\/azalia.lt\/lt\/wp-json\/wp\/v2\/comments?post=3032"}],"wp:featuredmedia":[{"embeddable":true,"href":"https:\/\/azalia.lt\/lt\/wp-json\/wp\/v2\/media\/3033"}],"wp:attachment":[{"href":"https:\/\/azalia.lt\/lt\/wp-json\/wp\/v2\/media?parent=3032"}],"wp:term":[{"taxonomy":"product_brand","embeddable":true,"href":"https:\/\/azalia.lt\/lt\/wp-json\/wp\/v2\/product_brand?post=3032"},{"taxonomy":"product_cat","embeddable":true,"href":"https:\/\/azalia.lt\/lt\/wp-json\/wp\/v2\/product_cat?post=3032"},{"taxonomy":"product_tag","embeddable":true,"href":"https:\/\/azalia.lt\/lt\/wp-json\/wp\/v2\/product_tag?post=3032"},{"taxonomy":"product_brands","embeddable":true,"href":"https:\/\/azalia.lt\/lt\/wp-json\/wp\/v2\/product_brands?post=3032"}],"curies":[{"name":"wp","href":"https:\/\/api.w.org\/{rel}","templated":true}]}}