{"id":3053,"date":"2026-03-21T14:22:49","date_gmt":"2026-03-21T14:22:49","guid":{"rendered":"https:\/\/azalia.lt\/?post_type=product&#038;p=3053"},"modified":"2026-04-14T15:14:25","modified_gmt":"2026-04-14T15:14:25","slug":"intense-musk-my-perfumes-cpo-unisex-12ml","status":"publish","type":"product","link":"https:\/\/azalia.lt\/lt\/produktas\/intense-musk-my-perfumes-cpo-unisex-12ml\/","title":{"rendered":"Intense Musk My Perfumes CPO Unisex 12ml"},"content":{"rendered":"<p>Intense Musk \u2013 g\u0117li\u0173 ir medienos, muskuso kvepal\u0173 aliejus vyrams ir moterims.<br \/>\nVir\u0161utin\u0117s natos: heliotropas, \u017eibuokl\u0117.<br \/>\nVidurin\u0117s natos: ro\u017ei\u0173 \u017eiedlapiai, pakalnut\u0117s, kedras.<br \/>\nBazin\u0117s natos: muskusas, pa\u010diulis, ambra.<\/p>","protected":false},"excerpt":{"rendered":"<p>Intense Musk \u2013 g\u0117li\u0173 ir medienos, muskuso kvepal\u0173 aliejus vyrams ir moterims.<\/p>","protected":false},"featured_media":3054,"comment_status":"open","ping_status":"closed","template":"","meta":{"_bst_post_transparent":"default","_bst_post_title":"","_bst_post_layout":"default","_bst_post_sidebar_id":"","_bst_post_content_style":"default","_bst_post_vertical_padding":"default","_bst_post_feature":"","_bst_post_feature_position":"","_bst_post_header":false,"_bst_post_footer":false},"product_brand":[178],"product_cat":[139,138,202,87,201,83],"product_tag":[],"product_brands":[177],"class_list":{"0":"post-3053","1":"product","2":"type-product","3":"status-publish","4":"has-post-thumbnail","6":"product_brand-my-perfumes","7":"product_cat-cpo-12ml-for-men","8":"product_cat-cpo-12ml-for-women","9":"product_cat-floral-accords","10":"product_cat-vyriski-aliejiniai-kvepalai","11":"product_cat-musk-freshness","12":"product_cat-moteriski-aliejiniai-kvepalai","13":"product_brands-my-perfumes","15":"first","16":"instock","17":"featured","18":"taxable","19":"shipping-taxable","20":"purchasable","21":"product-type-simple","22":"entry","23":"content-bg","24":"loop-entry"},"_links":{"self":[{"href":"https:\/\/azalia.lt\/lt\/wp-json\/wp\/v2\/product\/3053","targetHints":{"allow":["GET"]}}],"collection":[{"href":"https:\/\/azalia.lt\/lt\/wp-json\/wp\/v2\/product"}],"about":[{"href":"https:\/\/azalia.lt\/lt\/wp-json\/wp\/v2\/types\/product"}],"replies":[{"embeddable":true,"href":"https:\/\/azalia.lt\/lt\/wp-json\/wp\/v2\/comments?post=3053"}],"wp:featuredmedia":[{"embeddable":true,"href":"https:\/\/azalia.lt\/lt\/wp-json\/wp\/v2\/media\/3054"}],"wp:attachment":[{"href":"https:\/\/azalia.lt\/lt\/wp-json\/wp\/v2\/media?parent=3053"}],"wp:term":[{"taxonomy":"product_brand","embeddable":true,"href":"https:\/\/azalia.lt\/lt\/wp-json\/wp\/v2\/product_brand?post=3053"},{"taxonomy":"product_cat","embeddable":true,"href":"https:\/\/azalia.lt\/lt\/wp-json\/wp\/v2\/product_cat?post=3053"},{"taxonomy":"product_tag","embeddable":true,"href":"https:\/\/azalia.lt\/lt\/wp-json\/wp\/v2\/product_tag?post=3053"},{"taxonomy":"product_brands","embeddable":true,"href":"https:\/\/azalia.lt\/lt\/wp-json\/wp\/v2\/product_brands?post=3053"}],"curies":[{"name":"wp","href":"https:\/\/api.w.org\/{rel}","templated":true}]}}