{"id":3055,"date":"2026-03-21T14:59:24","date_gmt":"2026-03-21T14:59:24","guid":{"rendered":"https:\/\/azalia.lt\/?post_type=product&#038;p=3055"},"modified":"2026-04-14T15:15:03","modified_gmt":"2026-04-14T15:15:03","slug":"khashab-oud-white-my-perfumes-cpo-unisex-12ml","status":"publish","type":"product","link":"https:\/\/azalia.lt\/lt\/produktas\/khashab-oud-white-my-perfumes-cpo-unisex-12ml\/","title":{"rendered":"Khashab Oud White My Perfumes CPO Unisex 12ml"},"content":{"rendered":"<p>Khashab Oud White \u2013 g\u0117li\u0173 ir medienos kvepal\u0173 aliejus vyrams ir moterims.<br \/>\nVir\u0161utin\u0117s natos: ro\u017e\u0117.<br \/>\nVidurin\u0117s natos: kedras, gintaras.<br \/>\nBazin\u0117s natos: muskusas, agarmedis.<br \/>\nBe alkoholio<br \/>\nPagaminta JAE.<\/p>","protected":false},"excerpt":{"rendered":"<p>Khashab Oud White \u2013 g\u0117li\u0173 ir medienos kvepal\u0173 aliejus vyrams ir moterims.<\/p>","protected":false},"featured_media":3056,"comment_status":"open","ping_status":"closed","template":"","meta":{"_bst_post_transparent":"default","_bst_post_title":"","_bst_post_layout":"default","_bst_post_sidebar_id":"","_bst_post_content_style":"default","_bst_post_vertical_padding":"default","_bst_post_feature":"","_bst_post_feature_position":"","_bst_post_header":false,"_bst_post_footer":false},"product_brand":[178],"product_cat":[139,138,203,87,201,83,200],"product_tag":[],"product_brands":[],"class_list":{"0":"post-3055","1":"product","2":"type-product","3":"status-publish","4":"has-post-thumbnail","6":"product_brand-my-perfumes","7":"product_cat-cpo-12ml-for-men","8":"product_cat-cpo-12ml-for-women","9":"product_cat-golden-amber","10":"product_cat-vyriski-aliejiniai-kvepalai","11":"product_cat-musk-freshness","12":"product_cat-moteriski-aliejiniai-kvepalai","13":"product_cat-wood-oud-notes","15":"first","16":"instock","17":"featured","18":"taxable","19":"shipping-taxable","20":"purchasable","21":"product-type-simple","22":"entry","23":"content-bg","24":"loop-entry"},"_links":{"self":[{"href":"https:\/\/azalia.lt\/lt\/wp-json\/wp\/v2\/product\/3055","targetHints":{"allow":["GET"]}}],"collection":[{"href":"https:\/\/azalia.lt\/lt\/wp-json\/wp\/v2\/product"}],"about":[{"href":"https:\/\/azalia.lt\/lt\/wp-json\/wp\/v2\/types\/product"}],"replies":[{"embeddable":true,"href":"https:\/\/azalia.lt\/lt\/wp-json\/wp\/v2\/comments?post=3055"}],"wp:featuredmedia":[{"embeddable":true,"href":"https:\/\/azalia.lt\/lt\/wp-json\/wp\/v2\/media\/3056"}],"wp:attachment":[{"href":"https:\/\/azalia.lt\/lt\/wp-json\/wp\/v2\/media?parent=3055"}],"wp:term":[{"taxonomy":"product_brand","embeddable":true,"href":"https:\/\/azalia.lt\/lt\/wp-json\/wp\/v2\/product_brand?post=3055"},{"taxonomy":"product_cat","embeddable":true,"href":"https:\/\/azalia.lt\/lt\/wp-json\/wp\/v2\/product_cat?post=3055"},{"taxonomy":"product_tag","embeddable":true,"href":"https:\/\/azalia.lt\/lt\/wp-json\/wp\/v2\/product_tag?post=3055"},{"taxonomy":"product_brands","embeddable":true,"href":"https:\/\/azalia.lt\/lt\/wp-json\/wp\/v2\/product_brands?post=3055"}],"curies":[{"name":"wp","href":"https:\/\/api.w.org\/{rel}","templated":true}]}}