{"id":3057,"date":"2026-03-21T15:13:46","date_gmt":"2026-03-21T15:13:46","guid":{"rendered":"https:\/\/azalia.lt\/?post_type=product&#038;p=3057"},"modified":"2026-04-14T15:13:27","modified_gmt":"2026-04-14T15:13:27","slug":"zuhur-lak-my-perfumes-cpo-unisex-12ml","status":"publish","type":"product","link":"https:\/\/azalia.lt\/lt\/produktas\/zuhur-lak-my-perfumes-cpo-unisex-12ml\/","title":{"rendered":"Zuhur Lak My Perfumes CPO Unisex 12ml"},"content":{"rendered":"<p>Zuhur Lak \u2013 gurmani\u0161kas medienos kvapo aliejus vyrams ir moterims.<br \/>\nVir\u0161utin\u0117s natos: tamsus romas, obuolys.<br \/>\nVidurin\u0117s natos: karamel\u0117, muskato rie\u0161utas.<br \/>\nBazin\u0117s natos: muskusas, vanil\u0117, santalas.<br \/>\nBe alkoholio<br \/>\nPagaminta JAE.<\/p>","protected":false},"excerpt":{"rendered":"<p>Zuhur Lak \u2013 gurmani\u0161kas medienos kvapo aliejus vyrams ir moterims.<\/p>","protected":false},"featured_media":3058,"comment_status":"open","ping_status":"closed","template":"","meta":{"_bst_post_transparent":"default","_bst_post_title":"","_bst_post_layout":"default","_bst_post_sidebar_id":"","_bst_post_content_style":"default","_bst_post_vertical_padding":"default","_bst_post_feature":"","_bst_post_feature_position":"","_bst_post_header":false,"_bst_post_footer":false},"product_brand":[178],"product_cat":[139,138,87,83,200],"product_tag":[],"product_brands":[],"class_list":{"0":"post-3057","1":"product","2":"type-product","3":"status-publish","4":"has-post-thumbnail","6":"product_brand-my-perfumes","7":"product_cat-cpo-12ml-for-men","8":"product_cat-cpo-12ml-for-women","9":"product_cat-vyriski-aliejiniai-kvepalai","10":"product_cat-moteriski-aliejiniai-kvepalai","11":"product_cat-wood-oud-notes","13":"first","14":"instock","15":"featured","16":"taxable","17":"shipping-taxable","18":"purchasable","19":"product-type-simple","20":"entry","21":"content-bg","22":"loop-entry"},"_links":{"self":[{"href":"https:\/\/azalia.lt\/lt\/wp-json\/wp\/v2\/product\/3057","targetHints":{"allow":["GET"]}}],"collection":[{"href":"https:\/\/azalia.lt\/lt\/wp-json\/wp\/v2\/product"}],"about":[{"href":"https:\/\/azalia.lt\/lt\/wp-json\/wp\/v2\/types\/product"}],"replies":[{"embeddable":true,"href":"https:\/\/azalia.lt\/lt\/wp-json\/wp\/v2\/comments?post=3057"}],"wp:featuredmedia":[{"embeddable":true,"href":"https:\/\/azalia.lt\/lt\/wp-json\/wp\/v2\/media\/3058"}],"wp:attachment":[{"href":"https:\/\/azalia.lt\/lt\/wp-json\/wp\/v2\/media?parent=3057"}],"wp:term":[{"taxonomy":"product_brand","embeddable":true,"href":"https:\/\/azalia.lt\/lt\/wp-json\/wp\/v2\/product_brand?post=3057"},{"taxonomy":"product_cat","embeddable":true,"href":"https:\/\/azalia.lt\/lt\/wp-json\/wp\/v2\/product_cat?post=3057"},{"taxonomy":"product_tag","embeddable":true,"href":"https:\/\/azalia.lt\/lt\/wp-json\/wp\/v2\/product_tag?post=3057"},{"taxonomy":"product_brands","embeddable":true,"href":"https:\/\/azalia.lt\/lt\/wp-json\/wp\/v2\/product_brands?post=3057"}],"curies":[{"name":"wp","href":"https:\/\/api.w.org\/{rel}","templated":true}]}}