{"id":3061,"date":"2026-03-21T15:58:06","date_gmt":"2026-03-21T15:58:06","guid":{"rendered":"https:\/\/azalia.lt\/?post_type=product&#038;p=3061"},"modified":"2026-04-04T10:04:56","modified_gmt":"2026-04-04T10:04:56","slug":"khamrah-edp-sultan-el-waha-unisex-35ml","status":"publish","type":"product","link":"https:\/\/azalia.lt\/lt\/produktas\/khamrah-edp-sultan-el-waha-unisex-35ml\/","title":{"rendered":"Khamrah EDP Sultan El Waha Unisex 35ml"},"content":{"rendered":"<p>Khamrah \u2013 tai rytieti\u0161kas Sultan El Waha aromatas<br \/>\nPrieskoni\u0173 ir vaisi\u0173 mi\u0161inys \u2013 tai sodri ir unikali kompozicija.<br \/>\nKiekvienas papur\u0161kimas nukelia \u012f prabangos ir jausmingumo pasaul\u012f, atskleisdamas nenugalim\u0105 ir \u012fsimintin\u0105 aur\u0105.<br \/>\nVir\u0161utin\u0117s natos: cinamonas, muskato rie\u0161utas, bergamot\u0117.<br \/>\nVidurin\u0117s natos: datul\u0117s, nuga, tuberoza, mahonialas (g\u0117li\u0173 aromato molekul\u0117).<br \/>\nBazin\u0117s natos: vanil\u0117, tonka pupel\u0117s, gintaro mediena, mira, benzoinas, akiros mediena.<br \/>\nPagaminta JAE.<\/p>","protected":false},"excerpt":{"rendered":"<p>Khamrah \u2013 tai rytieti\u0161kas Sultan El Waha aromatas<\/p>","protected":false},"featured_media":3062,"comment_status":"open","ping_status":"closed","template":"","meta":{"_bst_post_transparent":"default","_bst_post_title":"","_bst_post_layout":"default","_bst_post_sidebar_id":"","_bst_post_content_style":"default","_bst_post_vertical_padding":"default","_bst_post_feature":"","_bst_post_feature_position":"","_bst_post_header":false,"_bst_post_footer":false},"product_brand":[],"product_cat":[88,130,86,89,129,84],"product_tag":[],"product_brands":[],"class_list":{"0":"post-3061","1":"product","2":"type-product","3":"status-publish","4":"has-post-thumbnail","6":"product_cat-men-edp-perfume","7":"product_cat-men-mini-perfume","8":"product_cat-men-spray-perfume","9":"product_cat-women-alcohol-based-perfume","10":"product_cat-women-mini-perfume","11":"product_cat-women-spray-perfume","13":"first","14":"instock","15":"taxable","16":"shipping-taxable","17":"purchasable","18":"product-type-simple","19":"entry","20":"content-bg","21":"loop-entry"},"_links":{"self":[{"href":"https:\/\/azalia.lt\/lt\/wp-json\/wp\/v2\/product\/3061","targetHints":{"allow":["GET"]}}],"collection":[{"href":"https:\/\/azalia.lt\/lt\/wp-json\/wp\/v2\/product"}],"about":[{"href":"https:\/\/azalia.lt\/lt\/wp-json\/wp\/v2\/types\/product"}],"replies":[{"embeddable":true,"href":"https:\/\/azalia.lt\/lt\/wp-json\/wp\/v2\/comments?post=3061"}],"wp:featuredmedia":[{"embeddable":true,"href":"https:\/\/azalia.lt\/lt\/wp-json\/wp\/v2\/media\/3062"}],"wp:attachment":[{"href":"https:\/\/azalia.lt\/lt\/wp-json\/wp\/v2\/media?parent=3061"}],"wp:term":[{"taxonomy":"product_brand","embeddable":true,"href":"https:\/\/azalia.lt\/lt\/wp-json\/wp\/v2\/product_brand?post=3061"},{"taxonomy":"product_cat","embeddable":true,"href":"https:\/\/azalia.lt\/lt\/wp-json\/wp\/v2\/product_cat?post=3061"},{"taxonomy":"product_tag","embeddable":true,"href":"https:\/\/azalia.lt\/lt\/wp-json\/wp\/v2\/product_tag?post=3061"},{"taxonomy":"product_brands","embeddable":true,"href":"https:\/\/azalia.lt\/lt\/wp-json\/wp\/v2\/product_brands?post=3061"}],"curies":[{"name":"wp","href":"https:\/\/api.w.org\/{rel}","templated":true}]}}