{"id":3063,"date":"2026-03-21T16:18:22","date_gmt":"2026-03-21T16:18:22","guid":{"rendered":"https:\/\/azalia.lt\/?post_type=product&#038;p=3063"},"modified":"2026-04-04T08:21:09","modified_gmt":"2026-04-04T08:21:09","slug":"khamrah-qahwa-perfumed-spray-lattafa-unisex-200-ml","status":"publish","type":"product","link":"https:\/\/azalia.lt\/lt\/produktas\/khamrah-qahwa-perfumed-spray-lattafa-unisex-200-ml\/","title":{"rendered":"Khamrah Qahwa Kvepal\u0173 Pur\u0161kiklis Lattafa Unisex 200 ml"},"content":{"rendered":"<p>Khamrah Qahwa \u2013 rytieti\u0161kas gurmani\u0161kas aromatas moterims ir vyrams.<br \/>\nVir\u0161utin\u0117s natos: cinamonas, kardamonas, imbieras<br \/>\nVidurin\u0117s natos: pralin\u0117, cukruotas apelsinas, baltos g\u0117l\u0117s.<br \/>\nBazin\u0117s natos: kava, vanil\u0117, benzoinas, muskusas, tonka pupel\u0117s.<br \/>\nYra alkoholio<br \/>\nPagaminta JAE.<\/p>","protected":false},"excerpt":{"rendered":"<p>Khamrah Qahwa \u2013 rytieti\u0161kas gurmani\u0161kas aromatas moterims ir vyrams.<\/p>","protected":false},"featured_media":3064,"comment_status":"open","ping_status":"closed","template":"","meta":{"_bst_post_transparent":"default","_bst_post_title":"","_bst_post_layout":"default","_bst_post_sidebar_id":"","_bst_post_content_style":"default","_bst_post_vertical_padding":"default","_bst_post_feature":"","_bst_post_feature_position":"","_bst_post_header":false,"_bst_post_footer":false},"product_brand":[175],"product_cat":[94,93,92,91,90],"product_tag":[],"product_brands":[],"class_list":{"0":"post-3063","1":"product","2":"type-product","3":"status-publish","4":"has-post-thumbnail","6":"product_brand-lattafa-alhambra","7":"product_cat-deo-vyrams","8":"product_cat-deo-moterims","9":"product_cat-vyrams","10":"product_cat-moterims","11":"product_cat-perfumed-cosmetics","13":"first","14":"instock","15":"taxable","16":"shipping-taxable","17":"purchasable","18":"product-type-simple","19":"entry","20":"content-bg","21":"loop-entry"},"_links":{"self":[{"href":"https:\/\/azalia.lt\/lt\/wp-json\/wp\/v2\/product\/3063","targetHints":{"allow":["GET"]}}],"collection":[{"href":"https:\/\/azalia.lt\/lt\/wp-json\/wp\/v2\/product"}],"about":[{"href":"https:\/\/azalia.lt\/lt\/wp-json\/wp\/v2\/types\/product"}],"replies":[{"embeddable":true,"href":"https:\/\/azalia.lt\/lt\/wp-json\/wp\/v2\/comments?post=3063"}],"wp:featuredmedia":[{"embeddable":true,"href":"https:\/\/azalia.lt\/lt\/wp-json\/wp\/v2\/media\/3064"}],"wp:attachment":[{"href":"https:\/\/azalia.lt\/lt\/wp-json\/wp\/v2\/media?parent=3063"}],"wp:term":[{"taxonomy":"product_brand","embeddable":true,"href":"https:\/\/azalia.lt\/lt\/wp-json\/wp\/v2\/product_brand?post=3063"},{"taxonomy":"product_cat","embeddable":true,"href":"https:\/\/azalia.lt\/lt\/wp-json\/wp\/v2\/product_cat?post=3063"},{"taxonomy":"product_tag","embeddable":true,"href":"https:\/\/azalia.lt\/lt\/wp-json\/wp\/v2\/product_tag?post=3063"},{"taxonomy":"product_brands","embeddable":true,"href":"https:\/\/azalia.lt\/lt\/wp-json\/wp\/v2\/product_brands?post=3063"}],"curies":[{"name":"wp","href":"https:\/\/api.w.org\/{rel}","templated":true}]}}