{"id":3103,"date":"2026-03-21T20:16:57","date_gmt":"2026-03-21T20:16:57","guid":{"rendered":"https:\/\/azalia.lt\/?post_type=product&#038;p=3103"},"modified":"2026-03-25T08:25:04","modified_gmt":"2026-03-25T08:25:04","slug":"kunafa-pistachio-perfumed-lotion-cosmo-400ml","status":"publish","type":"product","link":"https:\/\/azalia.lt\/lt\/produktas\/kunafa-pistachio-perfumed-lotion-cosmo-400ml\/","title":{"rendered":"Kunafa Pistachio Parfumuotas Losjonas Cosmo 400ml"},"content":{"rendered":"<p>Kvapnus k\u016bno losjonas, kuris apgaubia od\u0105 raminan\u010diu dr\u0117kinimu su sald\u017ei\u0173 pistacij\u0173 ir \u0161okolado aromatu.<br \/>\nPraturtintas taukmed\u017eio sviestu ir vitaminu E, kurie maitina ir mink\u0161tina saus\u0105 od\u0105.<br \/>\nNeriebus. Kremin\u0117 formul\u0117 greitai \u012fsigeria, tinka naudoti kasdien<br \/>\nVisiems odos tipams. \u0160velnus dr\u0117kinimas. Puikiai tinka kasdieniam naudojimui.<br \/>\nPagaminta JAE.<\/p>","protected":false},"excerpt":{"rendered":"<p>Kvapnus k\u016bno losjonas<\/p>","protected":false},"featured_media":3087,"comment_status":"open","ping_status":"closed","template":"","meta":{"_bst_post_transparent":"default","_bst_post_title":"","_bst_post_layout":"default","_bst_post_sidebar_id":"","_bst_post_content_style":"default","_bst_post_vertical_padding":"default","_bst_post_feature":"","_bst_post_feature_position":"","_bst_post_header":false,"_bst_post_footer":false},"product_brand":[182],"product_cat":[97,90,98],"product_tag":[],"product_brands":[],"class_list":{"0":"post-3103","1":"product","2":"type-product","3":"status-publish","4":"has-post-thumbnail","6":"product_brand-cosmo-cosmetics","7":"product_cat-vyru-odos-prieziura","8":"product_cat-perfumed-cosmetics","9":"product_cat-veido-kuno-prieziura-moterims","11":"first","12":"instock","13":"taxable","14":"shipping-taxable","15":"purchasable","16":"product-type-simple","17":"entry","18":"content-bg","19":"loop-entry"},"_links":{"self":[{"href":"https:\/\/azalia.lt\/lt\/wp-json\/wp\/v2\/product\/3103","targetHints":{"allow":["GET"]}}],"collection":[{"href":"https:\/\/azalia.lt\/lt\/wp-json\/wp\/v2\/product"}],"about":[{"href":"https:\/\/azalia.lt\/lt\/wp-json\/wp\/v2\/types\/product"}],"replies":[{"embeddable":true,"href":"https:\/\/azalia.lt\/lt\/wp-json\/wp\/v2\/comments?post=3103"}],"wp:featuredmedia":[{"embeddable":true,"href":"https:\/\/azalia.lt\/lt\/wp-json\/wp\/v2\/media\/3087"}],"wp:attachment":[{"href":"https:\/\/azalia.lt\/lt\/wp-json\/wp\/v2\/media?parent=3103"}],"wp:term":[{"taxonomy":"product_brand","embeddable":true,"href":"https:\/\/azalia.lt\/lt\/wp-json\/wp\/v2\/product_brand?post=3103"},{"taxonomy":"product_cat","embeddable":true,"href":"https:\/\/azalia.lt\/lt\/wp-json\/wp\/v2\/product_cat?post=3103"},{"taxonomy":"product_tag","embeddable":true,"href":"https:\/\/azalia.lt\/lt\/wp-json\/wp\/v2\/product_tag?post=3103"},{"taxonomy":"product_brands","embeddable":true,"href":"https:\/\/azalia.lt\/lt\/wp-json\/wp\/v2\/product_brands?post=3103"}],"curies":[{"name":"wp","href":"https:\/\/api.w.org\/{rel}","templated":true}]}}