{"id":3125,"date":"2026-03-22T16:22:19","date_gmt":"2026-03-22T16:22:19","guid":{"rendered":"https:\/\/azalia.lt\/?post_type=product&#038;p=3125"},"modified":"2026-03-23T20:29:58","modified_gmt":"2026-03-23T20:29:58","slug":"hot-cocoa-peppermint-shower-gel-cosmo-500ml","status":"publish","type":"product","link":"https:\/\/azalia.lt\/lt\/produktas\/hot-cocoa-peppermint-shower-gel-cosmo-500ml\/","title":{"rendered":"Hot Cocoa Peppermint Du\u0161o \u017del\u0117 Cosmo 500ml"},"content":{"rendered":"<p>\u0160is sodrus, putojantis du\u0161o \u017eel\u0117 sujungia kar\u0161to \u0161okolado \u0161ilum\u0105 su gaivinan\u010diu pipirm\u0117\u010di\u0173 s\u016bkuriu \u2013 tarsi du\u0161e m\u0117gautum\u0117t\u0117s m\u0117gstamu \u017eiemos g\u0117rimu.<br \/>\nTai tobulas jaukumo ir gaivos derinys odai, kuri m\u0117gsta jaustis \u0161vari, \u0161velni ir \u0161venti\u0161kai saldi.<br \/>\nPagaminta JAE.<\/p>","protected":false},"excerpt":{"rendered":"<p>Kvapnus k\u016bno losjonas<\/p>","protected":false},"featured_media":3168,"comment_status":"open","ping_status":"closed","template":"","meta":{"_bst_post_transparent":"default","_bst_post_title":"","_bst_post_layout":"default","_bst_post_sidebar_id":"","_bst_post_content_style":"default","_bst_post_vertical_padding":"default","_bst_post_feature":"","_bst_post_feature_position":"","_bst_post_header":false,"_bst_post_footer":false},"product_brand":[182],"product_cat":[95,90,96],"product_tag":[],"product_brands":[181],"class_list":{"0":"post-3125","1":"product","2":"type-product","3":"status-publish","4":"has-post-thumbnail","6":"product_brand-cosmo-cosmetics","7":"product_cat-vyru-kuno-plauku-prieziura","8":"product_cat-perfumed-cosmetics","9":"product_cat-kuno-plauku-prieziura-moterims","10":"product_brands-cosmo-cosmetics","12":"first","13":"instock","14":"taxable","15":"shipping-taxable","16":"purchasable","17":"product-type-simple","18":"entry","19":"content-bg","20":"loop-entry"},"_links":{"self":[{"href":"https:\/\/azalia.lt\/lt\/wp-json\/wp\/v2\/product\/3125","targetHints":{"allow":["GET"]}}],"collection":[{"href":"https:\/\/azalia.lt\/lt\/wp-json\/wp\/v2\/product"}],"about":[{"href":"https:\/\/azalia.lt\/lt\/wp-json\/wp\/v2\/types\/product"}],"replies":[{"embeddable":true,"href":"https:\/\/azalia.lt\/lt\/wp-json\/wp\/v2\/comments?post=3125"}],"wp:featuredmedia":[{"embeddable":true,"href":"https:\/\/azalia.lt\/lt\/wp-json\/wp\/v2\/media\/3168"}],"wp:attachment":[{"href":"https:\/\/azalia.lt\/lt\/wp-json\/wp\/v2\/media?parent=3125"}],"wp:term":[{"taxonomy":"product_brand","embeddable":true,"href":"https:\/\/azalia.lt\/lt\/wp-json\/wp\/v2\/product_brand?post=3125"},{"taxonomy":"product_cat","embeddable":true,"href":"https:\/\/azalia.lt\/lt\/wp-json\/wp\/v2\/product_cat?post=3125"},{"taxonomy":"product_tag","embeddable":true,"href":"https:\/\/azalia.lt\/lt\/wp-json\/wp\/v2\/product_tag?post=3125"},{"taxonomy":"product_brands","embeddable":true,"href":"https:\/\/azalia.lt\/lt\/wp-json\/wp\/v2\/product_brands?post=3125"}],"curies":[{"name":"wp","href":"https:\/\/api.w.org\/{rel}","templated":true}]}}