{"id":3126,"date":"2026-03-22T16:39:32","date_gmt":"2026-03-22T16:39:32","guid":{"rendered":"https:\/\/azalia.lt\/?post_type=product&#038;p=3126"},"modified":"2026-03-25T08:29:36","modified_gmt":"2026-03-25T08:29:36","slug":"avocado-shampoo-cosmo-480ml","status":"publish","type":"product","link":"https:\/\/azalia.lt\/lt\/produktas\/avocado-shampoo-cosmo-480ml\/","title":{"rendered":"Avocado \u0160amp\u016bnas Cosmo 480 ml"},"content":{"rendered":"<p>\u0160amp\u016bnas Avocado \u2013 geriausias sprendimas maitinan\u010diai ir dr\u0117kinan\u010diai plauk\u0173 prie\u017ei\u016bros rutinai.<br \/>\nPraturtinta raminan\u010diu vitaminu E ir avokad\u0173 aliejumi, \u0161i \u0161velni formul\u0117 sukurta nuraminti ir sudr\u0117kinti plaukus ir galvos od\u0105.<br \/>\nIdealiai tinka garbanotiems arba banguotiems plaukams, kovoja su sausumu ir \u0161iau\u0161imusi, tuo pa\u010diu pary\u0161kindamas nat\u016bral\u0173 blizges\u012f ir tekst\u016br\u0105.<br \/>\nBe agresyvi\u0173 chemini\u0173 med\u017eiag\u0173.<br \/>\nJis efektyviai valo, kondicionuoja ir atgaivina, suteikdamas plaukams sveik\u0105, \u017evilgan\u010di\u0105 i\u0161vaizd\u0105 ir u\u017ekertant keli\u0105 b\u016bsimam l\u016b\u017ein\u0117jimui.<br \/>\nPagaminta JAE.<\/p>","protected":false},"excerpt":{"rendered":"<p>\u0160amp\u016bnas \u201eAvocado\u201c \u2013 maitinamasis ir dr\u0117kinamasis \u0161amp\u016bnas su vitaminu E.<\/p>","protected":false},"featured_media":3070,"comment_status":"open","ping_status":"closed","template":"","meta":{"_bst_post_transparent":"default","_bst_post_title":"","_bst_post_layout":"default","_bst_post_sidebar_id":"","_bst_post_content_style":"default","_bst_post_vertical_padding":"default","_bst_post_feature":"","_bst_post_feature_position":"","_bst_post_header":false,"_bst_post_footer":false},"product_brand":[182],"product_cat":[95,90,96],"product_tag":[],"product_brands":[],"class_list":{"0":"post-3126","1":"product","2":"type-product","3":"status-publish","4":"has-post-thumbnail","6":"product_brand-cosmo-cosmetics","7":"product_cat-vyru-kuno-plauku-prieziura","8":"product_cat-perfumed-cosmetics","9":"product_cat-kuno-plauku-prieziura-moterims","11":"first","12":"instock","13":"taxable","14":"shipping-taxable","15":"purchasable","16":"product-type-simple","17":"entry","18":"content-bg","19":"loop-entry"},"_links":{"self":[{"href":"https:\/\/azalia.lt\/lt\/wp-json\/wp\/v2\/product\/3126","targetHints":{"allow":["GET"]}}],"collection":[{"href":"https:\/\/azalia.lt\/lt\/wp-json\/wp\/v2\/product"}],"about":[{"href":"https:\/\/azalia.lt\/lt\/wp-json\/wp\/v2\/types\/product"}],"replies":[{"embeddable":true,"href":"https:\/\/azalia.lt\/lt\/wp-json\/wp\/v2\/comments?post=3126"}],"wp:featuredmedia":[{"embeddable":true,"href":"https:\/\/azalia.lt\/lt\/wp-json\/wp\/v2\/media\/3070"}],"wp:attachment":[{"href":"https:\/\/azalia.lt\/lt\/wp-json\/wp\/v2\/media?parent=3126"}],"wp:term":[{"taxonomy":"product_brand","embeddable":true,"href":"https:\/\/azalia.lt\/lt\/wp-json\/wp\/v2\/product_brand?post=3126"},{"taxonomy":"product_cat","embeddable":true,"href":"https:\/\/azalia.lt\/lt\/wp-json\/wp\/v2\/product_cat?post=3126"},{"taxonomy":"product_tag","embeddable":true,"href":"https:\/\/azalia.lt\/lt\/wp-json\/wp\/v2\/product_tag?post=3126"},{"taxonomy":"product_brands","embeddable":true,"href":"https:\/\/azalia.lt\/lt\/wp-json\/wp\/v2\/product_brands?post=3126"}],"curies":[{"name":"wp","href":"https:\/\/api.w.org\/{rel}","templated":true}]}}