{"id":3128,"date":"2026-03-22T16:53:14","date_gmt":"2026-03-22T16:53:14","guid":{"rendered":"https:\/\/azalia.lt\/?post_type=product&#038;p=3128"},"modified":"2026-03-25T08:28:32","modified_gmt":"2026-03-25T08:28:32","slug":"coconut-milk-shampoo-cosmo-480ml","status":"publish","type":"product","link":"https:\/\/azalia.lt\/lt\/produktas\/coconut-milk-shampoo-cosmo-480ml\/","title":{"rendered":"Coconut Milk \u0160amp\u016bnas 480ml"},"content":{"rendered":"<p>Coconut Milk \u0160amp\u016bnas yra dr\u0117kinamasis \u0161amp\u016bnas su kokos\u0173 aliejumi ir alaviju.<br \/>\nPraturtintas maitinamuoju kokos\u0173 aliejumi ir raminan\u010diu alaviju, \u0161is \u0161amp\u016bnas giliai dr\u0117kina ir stiprina plaukus, tod\u0117l jie tampa mink\u0161ti, \u017evilgantys ir sveiki.<br \/>\n\u0160velni, be sulfat\u0173 formul\u0117 idealiai tinka vis\u0173 tip\u0173 plaukams, \u012fskaitant da\u017eytus plaukus, ir suteikia gaiv\u0173 valym\u0105 su kokos\u0173 aromatu.<br \/>\nReguliariai naudojant, padeda kovoti su sausumu ir l\u016b\u017ein\u0117jimu, i\u0161laikant nat\u016brali\u0105 plauk\u0173 dr\u0117gm\u0117s pusiausvyr\u0105.<br \/>\nPagaminta JAE.<\/p>","protected":false},"excerpt":{"rendered":"<p>Coconut Milk \u0160amp\u016bnas yra dr\u0117kinamasis \u0161amp\u016bnas su kokos\u0173 aliejumi ir alaviju<\/p>","protected":false},"featured_media":3071,"comment_status":"open","ping_status":"closed","template":"","meta":{"_bst_post_transparent":"default","_bst_post_title":"","_bst_post_layout":"default","_bst_post_sidebar_id":"","_bst_post_content_style":"default","_bst_post_vertical_padding":"default","_bst_post_feature":"","_bst_post_feature_position":"","_bst_post_header":false,"_bst_post_footer":false},"product_brand":[182],"product_cat":[95,90,96],"product_tag":[],"product_brands":[],"class_list":{"0":"post-3128","1":"product","2":"type-product","3":"status-publish","4":"has-post-thumbnail","6":"product_brand-cosmo-cosmetics","7":"product_cat-vyru-kuno-plauku-prieziura","8":"product_cat-perfumed-cosmetics","9":"product_cat-kuno-plauku-prieziura-moterims","11":"first","12":"instock","13":"taxable","14":"shipping-taxable","15":"purchasable","16":"product-type-simple","17":"entry","18":"content-bg","19":"loop-entry"},"_links":{"self":[{"href":"https:\/\/azalia.lt\/lt\/wp-json\/wp\/v2\/product\/3128","targetHints":{"allow":["GET"]}}],"collection":[{"href":"https:\/\/azalia.lt\/lt\/wp-json\/wp\/v2\/product"}],"about":[{"href":"https:\/\/azalia.lt\/lt\/wp-json\/wp\/v2\/types\/product"}],"replies":[{"embeddable":true,"href":"https:\/\/azalia.lt\/lt\/wp-json\/wp\/v2\/comments?post=3128"}],"wp:featuredmedia":[{"embeddable":true,"href":"https:\/\/azalia.lt\/lt\/wp-json\/wp\/v2\/media\/3071"}],"wp:attachment":[{"href":"https:\/\/azalia.lt\/lt\/wp-json\/wp\/v2\/media?parent=3128"}],"wp:term":[{"taxonomy":"product_brand","embeddable":true,"href":"https:\/\/azalia.lt\/lt\/wp-json\/wp\/v2\/product_brand?post=3128"},{"taxonomy":"product_cat","embeddable":true,"href":"https:\/\/azalia.lt\/lt\/wp-json\/wp\/v2\/product_cat?post=3128"},{"taxonomy":"product_tag","embeddable":true,"href":"https:\/\/azalia.lt\/lt\/wp-json\/wp\/v2\/product_tag?post=3128"},{"taxonomy":"product_brands","embeddable":true,"href":"https:\/\/azalia.lt\/lt\/wp-json\/wp\/v2\/product_brands?post=3128"}],"curies":[{"name":"wp","href":"https:\/\/api.w.org\/{rel}","templated":true}]}}