{"id":3130,"date":"2026-03-22T17:05:42","date_gmt":"2026-03-22T17:05:42","guid":{"rendered":"https:\/\/azalia.lt\/?post_type=product&#038;p=3130"},"modified":"2026-03-25T17:39:06","modified_gmt":"2026-03-25T17:39:06","slug":"argan-oil-wheat-protein-shampoo-cosmo-480ml","status":"publish","type":"product","link":"https:\/\/azalia.lt\/lt\/produktas\/argan-oil-wheat-protein-shampoo-cosmo-480ml\/","title":{"rendered":"Argan Oil &amp; Wheat Protein Cosmo \u0160amp\u016bnas 480ml"},"content":{"rendered":"<p>Argan Oil &amp; Wheat Protein \u0161amp\u016bnas yra auk\u0161\u010diausios kokyb\u0117s maitinamasis ir atgaivinantis \u0161amp\u016bnas.<br \/>\nTinka vis\u0173 tip\u0173 plaukams, be sulfat\u0173, paraben\u0173 ir silikon\u0173.<br \/>\n\u0160is \u0161amp\u016bnas sujungia argano aliejaus ir hidrolizuot\u0173 kvie\u010di\u0173 baltym\u0173 gali\u0105 kovojant su plauk\u0173 slinkimu, pleiskanomis ir sausumu.<br \/>\nJis stiprina ir atkuria plaukus, suteikia apimties ir pagerina j\u0173 tekst\u016br\u0105, tod\u0117l plaukai tampa \u0161veln\u016bs, pur\u016bs ir \u017evilgantys.<br \/>\nIdealiai tinka sausai galvos odai ir ret\u0117jantiems plaukams pri\u017ei\u016br\u0117ti, giliai \u012fsiskverbia, kondicionuoja ir atjaunina plaukus nuo \u0161akn\u0173 iki galiuk\u0173.<br \/>\nPagaminta JAE.<\/p>","protected":false},"excerpt":{"rendered":"<p>Argan Oil &amp; Wheat Protein \u0161amp\u016bnas yra auk\u0161\u010diausios kokyb\u0117s maitinamasis ir atgaivinantis \u0161amp\u016bnas.<\/p>","protected":false},"featured_media":3073,"comment_status":"open","ping_status":"closed","template":"","meta":{"_bst_post_transparent":"default","_bst_post_title":"","_bst_post_layout":"default","_bst_post_sidebar_id":"","_bst_post_content_style":"default","_bst_post_vertical_padding":"default","_bst_post_feature":"","_bst_post_feature_position":"","_bst_post_header":false,"_bst_post_footer":false},"product_brand":[182],"product_cat":[95,90,96],"product_tag":[],"product_brands":[],"class_list":{"0":"post-3130","1":"product","2":"type-product","3":"status-publish","4":"has-post-thumbnail","6":"product_brand-cosmo-cosmetics","7":"product_cat-vyru-kuno-plauku-prieziura","8":"product_cat-perfumed-cosmetics","9":"product_cat-kuno-plauku-prieziura-moterims","11":"first","12":"instock","13":"taxable","14":"shipping-taxable","15":"purchasable","16":"product-type-simple","17":"entry","18":"content-bg","19":"loop-entry"},"_links":{"self":[{"href":"https:\/\/azalia.lt\/lt\/wp-json\/wp\/v2\/product\/3130","targetHints":{"allow":["GET"]}}],"collection":[{"href":"https:\/\/azalia.lt\/lt\/wp-json\/wp\/v2\/product"}],"about":[{"href":"https:\/\/azalia.lt\/lt\/wp-json\/wp\/v2\/types\/product"}],"replies":[{"embeddable":true,"href":"https:\/\/azalia.lt\/lt\/wp-json\/wp\/v2\/comments?post=3130"}],"wp:featuredmedia":[{"embeddable":true,"href":"https:\/\/azalia.lt\/lt\/wp-json\/wp\/v2\/media\/3073"}],"wp:attachment":[{"href":"https:\/\/azalia.lt\/lt\/wp-json\/wp\/v2\/media?parent=3130"}],"wp:term":[{"taxonomy":"product_brand","embeddable":true,"href":"https:\/\/azalia.lt\/lt\/wp-json\/wp\/v2\/product_brand?post=3130"},{"taxonomy":"product_cat","embeddable":true,"href":"https:\/\/azalia.lt\/lt\/wp-json\/wp\/v2\/product_cat?post=3130"},{"taxonomy":"product_tag","embeddable":true,"href":"https:\/\/azalia.lt\/lt\/wp-json\/wp\/v2\/product_tag?post=3130"},{"taxonomy":"product_brands","embeddable":true,"href":"https:\/\/azalia.lt\/lt\/wp-json\/wp\/v2\/product_brands?post=3130"}],"curies":[{"name":"wp","href":"https:\/\/api.w.org\/{rel}","templated":true}]}}