{"id":3131,"date":"2026-03-22T17:14:32","date_gmt":"2026-03-22T17:14:32","guid":{"rendered":"https:\/\/azalia.lt\/?post_type=product&#038;p=3131"},"modified":"2026-03-25T08:32:53","modified_gmt":"2026-03-25T08:32:53","slug":"keratin-shampoo-cosmo-480ml","status":"publish","type":"product","link":"https:\/\/azalia.lt\/lt\/produktas\/keratin-shampoo-cosmo-480ml\/","title":{"rendered":"Keratin \u0160amp\u016bnas Cosmo 480ml"},"content":{"rendered":"<p>Keratin \u0161amp\u016bnas auk\u0161\u010diausios kokyb\u0117s maitinamasis ir plauk\u0173 slinkim\u0105 stabdantis \u0161amp\u016bnas<br \/>\nTinka vis\u0173 tip\u0173 plaukams, be sulfat\u0173, paraben\u0173 ir silikon\u0173.<br \/>\nPraturtintas keratinu, jis padeda atkurti nat\u016bral\u0173 plauk\u0173 apsaugin\u012f sluoksn\u012f, tod\u0117l jie tampa stipresni.<br \/>\nPagerina plauk\u0173 elastingum\u0105, suma\u017eina l\u016b\u017ein\u0117jim\u0105 ir suteikia plaukams glotnumo bei blizgesio nuo \u0161akn\u0173 iki galiuk\u0173.<br \/>\nPagaminta JAE.<\/p>","protected":false},"excerpt":{"rendered":"<p>Keratin \u0161amp\u016bnas auk\u0161\u010diausios kokyb\u0117s maitinamasis ir plauk\u0173 slinkim\u0105 stabdantis \u0161amp\u016bnas<\/p>","protected":false},"featured_media":3072,"comment_status":"open","ping_status":"closed","template":"","meta":{"_bst_post_transparent":"default","_bst_post_title":"","_bst_post_layout":"default","_bst_post_sidebar_id":"","_bst_post_content_style":"default","_bst_post_vertical_padding":"default","_bst_post_feature":"","_bst_post_feature_position":"","_bst_post_header":false,"_bst_post_footer":false},"product_brand":[182],"product_cat":[95,90,96],"product_tag":[],"product_brands":[],"class_list":{"0":"post-3131","1":"product","2":"type-product","3":"status-publish","4":"has-post-thumbnail","6":"product_brand-cosmo-cosmetics","7":"product_cat-vyru-kuno-plauku-prieziura","8":"product_cat-perfumed-cosmetics","9":"product_cat-kuno-plauku-prieziura-moterims","11":"first","12":"instock","13":"taxable","14":"shipping-taxable","15":"purchasable","16":"product-type-simple","17":"entry","18":"content-bg","19":"loop-entry"},"_links":{"self":[{"href":"https:\/\/azalia.lt\/lt\/wp-json\/wp\/v2\/product\/3131","targetHints":{"allow":["GET"]}}],"collection":[{"href":"https:\/\/azalia.lt\/lt\/wp-json\/wp\/v2\/product"}],"about":[{"href":"https:\/\/azalia.lt\/lt\/wp-json\/wp\/v2\/types\/product"}],"replies":[{"embeddable":true,"href":"https:\/\/azalia.lt\/lt\/wp-json\/wp\/v2\/comments?post=3131"}],"wp:featuredmedia":[{"embeddable":true,"href":"https:\/\/azalia.lt\/lt\/wp-json\/wp\/v2\/media\/3072"}],"wp:attachment":[{"href":"https:\/\/azalia.lt\/lt\/wp-json\/wp\/v2\/media?parent=3131"}],"wp:term":[{"taxonomy":"product_brand","embeddable":true,"href":"https:\/\/azalia.lt\/lt\/wp-json\/wp\/v2\/product_brand?post=3131"},{"taxonomy":"product_cat","embeddable":true,"href":"https:\/\/azalia.lt\/lt\/wp-json\/wp\/v2\/product_cat?post=3131"},{"taxonomy":"product_tag","embeddable":true,"href":"https:\/\/azalia.lt\/lt\/wp-json\/wp\/v2\/product_tag?post=3131"},{"taxonomy":"product_brands","embeddable":true,"href":"https:\/\/azalia.lt\/lt\/wp-json\/wp\/v2\/product_brands?post=3131"}],"curies":[{"name":"wp","href":"https:\/\/api.w.org\/{rel}","templated":true}]}}