{"id":3132,"date":"2026-03-22T17:26:20","date_gmt":"2026-03-22T17:26:20","guid":{"rendered":"https:\/\/azalia.lt\/?post_type=product&#038;p=3132"},"modified":"2026-03-23T20:27:28","modified_gmt":"2026-03-23T20:27:28","slug":"kunafa-pistachio-chocolate-shower-gel-cosmo-500ml","status":"publish","type":"product","link":"https:\/\/azalia.lt\/lt\/produktas\/kunafa-pistachio-chocolate-shower-gel-cosmo-500ml\/","title":{"rendered":"Kunafa Pistachio Chocolate Du\u0161o \u017del\u0117 Cosmo 500ml"},"content":{"rendered":"<p>Kunafa Pistachio Chocolate Du\u0161o \u017del\u0117 tarsi Artim\u0173j\u0173 Ryt\u0173 desertas<br \/>\nKvepia pistacijomis, kakava ir sirupo skonio kunafa.<br \/>\nPrabangios putos \u0161velniai valo od\u0105, palieka j\u0105 mink\u0161t\u0105 ir subtiliai kvepian\u010di\u0105.<br \/>\nJis paver\u010dia j\u016bs\u0173 du\u0161\u0105 deserto pab\u0117gimu.<br \/>\nPagaminta JAE.<\/p>","protected":false},"excerpt":{"rendered":"<p>Kunafa Pistachio Chocolate Du\u0161o \u017del\u0117 tarsi Artim\u0173j\u0173 Ryt\u0173 desertas<\/p>","protected":false},"featured_media":3169,"comment_status":"open","ping_status":"closed","template":"","meta":{"_bst_post_transparent":"default","_bst_post_title":"","_bst_post_layout":"default","_bst_post_sidebar_id":"","_bst_post_content_style":"default","_bst_post_vertical_padding":"default","_bst_post_feature":"","_bst_post_feature_position":"","_bst_post_header":false,"_bst_post_footer":false},"product_brand":[182],"product_cat":[95,90,96],"product_tag":[],"product_brands":[181],"class_list":{"0":"post-3132","1":"product","2":"type-product","3":"status-publish","4":"has-post-thumbnail","6":"product_brand-cosmo-cosmetics","7":"product_cat-vyru-kuno-plauku-prieziura","8":"product_cat-perfumed-cosmetics","9":"product_cat-kuno-plauku-prieziura-moterims","10":"product_brands-cosmo-cosmetics","12":"first","13":"instock","14":"taxable","15":"shipping-taxable","16":"purchasable","17":"product-type-simple","18":"entry","19":"content-bg","20":"loop-entry"},"_links":{"self":[{"href":"https:\/\/azalia.lt\/lt\/wp-json\/wp\/v2\/product\/3132","targetHints":{"allow":["GET"]}}],"collection":[{"href":"https:\/\/azalia.lt\/lt\/wp-json\/wp\/v2\/product"}],"about":[{"href":"https:\/\/azalia.lt\/lt\/wp-json\/wp\/v2\/types\/product"}],"replies":[{"embeddable":true,"href":"https:\/\/azalia.lt\/lt\/wp-json\/wp\/v2\/comments?post=3132"}],"wp:featuredmedia":[{"embeddable":true,"href":"https:\/\/azalia.lt\/lt\/wp-json\/wp\/v2\/media\/3169"}],"wp:attachment":[{"href":"https:\/\/azalia.lt\/lt\/wp-json\/wp\/v2\/media?parent=3132"}],"wp:term":[{"taxonomy":"product_brand","embeddable":true,"href":"https:\/\/azalia.lt\/lt\/wp-json\/wp\/v2\/product_brand?post=3132"},{"taxonomy":"product_cat","embeddable":true,"href":"https:\/\/azalia.lt\/lt\/wp-json\/wp\/v2\/product_cat?post=3132"},{"taxonomy":"product_tag","embeddable":true,"href":"https:\/\/azalia.lt\/lt\/wp-json\/wp\/v2\/product_tag?post=3132"},{"taxonomy":"product_brands","embeddable":true,"href":"https:\/\/azalia.lt\/lt\/wp-json\/wp\/v2\/product_brands?post=3132"}],"curies":[{"name":"wp","href":"https:\/\/api.w.org\/{rel}","templated":true}]}}