{"id":3134,"date":"2026-03-22T17:44:28","date_gmt":"2026-03-22T17:44:28","guid":{"rendered":"https:\/\/azalia.lt\/?post_type=product&#038;p=3134"},"modified":"2026-03-23T20:47:24","modified_gmt":"2026-03-23T20:47:24","slug":"cotton-candy-shower-gel-cosmo-500ml","status":"publish","type":"product","link":"https:\/\/azalia.lt\/lt\/produktas\/cotton-candy-shower-gel-cosmo-500ml\/","title":{"rendered":"Cotton Candy Du\u0161o \u017del\u0117 Cosmo 500 ml"},"content":{"rendered":"<p>Cotton Candy Du\u0161o \u017del\u0117 yra sald\u017eiai ro\u017ein\u0117s cukraus vatos aromato<br \/>\nPrabangios putos \u0161velniai valo od\u0105, palieka j\u0105 mink\u0161t\u0105 ir subtiliai kvepian\u010di\u0105.<br \/>\nFormul\u0117 praturtinta taukmed\u017eio sviestu.<br \/>\nPagaminta JAE.<\/p>","protected":false},"excerpt":{"rendered":"<p>Cotton Candy Du\u0161o \u017del\u0117 yra sald\u017eiai ro\u017ein\u0117s cukraus vatos aromato<\/p>","protected":false},"featured_media":3172,"comment_status":"open","ping_status":"closed","template":"","meta":{"_bst_post_transparent":"default","_bst_post_title":"","_bst_post_layout":"default","_bst_post_sidebar_id":"","_bst_post_content_style":"default","_bst_post_vertical_padding":"default","_bst_post_feature":"","_bst_post_feature_position":"","_bst_post_header":false,"_bst_post_footer":false},"product_brand":[182],"product_cat":[95,90,96],"product_tag":[],"product_brands":[],"class_list":{"0":"post-3134","1":"product","2":"type-product","3":"status-publish","4":"has-post-thumbnail","6":"product_brand-cosmo-cosmetics","7":"product_cat-vyru-kuno-plauku-prieziura","8":"product_cat-perfumed-cosmetics","9":"product_cat-kuno-plauku-prieziura-moterims","11":"first","12":"instock","13":"taxable","14":"shipping-taxable","15":"purchasable","16":"product-type-simple","17":"entry","18":"content-bg","19":"loop-entry"},"_links":{"self":[{"href":"https:\/\/azalia.lt\/lt\/wp-json\/wp\/v2\/product\/3134","targetHints":{"allow":["GET"]}}],"collection":[{"href":"https:\/\/azalia.lt\/lt\/wp-json\/wp\/v2\/product"}],"about":[{"href":"https:\/\/azalia.lt\/lt\/wp-json\/wp\/v2\/types\/product"}],"replies":[{"embeddable":true,"href":"https:\/\/azalia.lt\/lt\/wp-json\/wp\/v2\/comments?post=3134"}],"wp:featuredmedia":[{"embeddable":true,"href":"https:\/\/azalia.lt\/lt\/wp-json\/wp\/v2\/media\/3172"}],"wp:attachment":[{"href":"https:\/\/azalia.lt\/lt\/wp-json\/wp\/v2\/media?parent=3134"}],"wp:term":[{"taxonomy":"product_brand","embeddable":true,"href":"https:\/\/azalia.lt\/lt\/wp-json\/wp\/v2\/product_brand?post=3134"},{"taxonomy":"product_cat","embeddable":true,"href":"https:\/\/azalia.lt\/lt\/wp-json\/wp\/v2\/product_cat?post=3134"},{"taxonomy":"product_tag","embeddable":true,"href":"https:\/\/azalia.lt\/lt\/wp-json\/wp\/v2\/product_tag?post=3134"},{"taxonomy":"product_brands","embeddable":true,"href":"https:\/\/azalia.lt\/lt\/wp-json\/wp\/v2\/product_brands?post=3134"}],"curies":[{"name":"wp","href":"https:\/\/api.w.org\/{rel}","templated":true}]}}