{"id":3135,"date":"2026-03-22T17:52:05","date_gmt":"2026-03-22T17:52:05","guid":{"rendered":"https:\/\/azalia.lt\/?post_type=product&#038;p=3135"},"modified":"2026-04-04T08:14:42","modified_gmt":"2026-04-04T08:14:42","slug":"garlic-pro-vitamin-b5-hot-hair-treatment-cosmo-1000ml","status":"publish","type":"product","link":"https:\/\/azalia.lt\/lt\/produktas\/garlic-pro-vitamin-b5-hot-hair-treatment-cosmo-1000ml\/","title":{"rendered":"Kar\u0161tas Plauk\u0173 Gydymas su \u010cesnaku ir Provitaminu B5 Cosmo 1000 ml"},"content":{"rendered":"<p>\u0160is veiksmingas kar\u0161to aliejaus kremas, praturtintas \u010desnako ekstraktu ir provitaminu B5, skirtas giliai maitinti ir stiprinti plaukus nuo \u0161akn\u0173 iki galiuk\u0173.<br \/>\n\u010cesnakas padeda stimuliuoti plauk\u0173 folikulus, ma\u017eindamas plauk\u0173 slinkim\u0105 ir skatindamas sveik\u0105 augim\u0105, o provitaminas B5 dr\u0117kina ir atkuria pa\u017eeistus plaukus.<br \/>\n\u0160ilumos aktyvuojama formul\u0117 atgaivina papilk\u0117jusius, sausus plaukus, suteikia jiems apimties, \u017evilgesio ir gyvybingumo.<br \/>\n<strong>Naudojimas<\/strong> Po plauk\u0173 trinkimo \u0161amp\u016bnu u\u017etepkite kremo. \u0160velniai masa\u017euokite plaukus ir galvos od\u0105 pir\u0161t\u0173 galiukais, kad kremas b\u016bt\u0173 visi\u0161kai paskirstytas ant plauk\u0173 nuo \u0161akn\u0173 iki galiuk\u0173.<br \/>\nPalaikykite 10\u201315 min. Geriausiems rezultatams pasiekti, plaukus apvyniokite kar\u0161tu rank\u0161luos\u010diu arba naudokite garintuv\u0105. I\u0161skalaukite plaukus kaip \u012fprasta.<br \/>\n<strong>\u012esp\u0117jimas.<\/strong> Tik i\u0161oriniam naudojimui. Laikyti vaikams nepasiekiamoje vietoje. Venkite patekimo \u012f akis. Patekus \u012f akis, kruop\u0161\u010diai nuplaukite vandeniu.<br \/>\nLaikyti v\u0117sioje ir sausoje vietoje.<br \/>\nPagaminta JAE.<\/p>","protected":false},"excerpt":{"rendered":"<p>Kar\u0161tas plauk\u0173 gydymas su \u010desnaku ir provitaminu B5 dr\u0117kina, suteikia blizgesio ir apimties<\/p>","protected":false},"featured_media":3078,"comment_status":"open","ping_status":"closed","template":"","meta":{"_bst_post_transparent":"default","_bst_post_title":"","_bst_post_layout":"default","_bst_post_sidebar_id":"","_bst_post_content_style":"default","_bst_post_vertical_padding":"default","_bst_post_feature":"","_bst_post_feature_position":"","_bst_post_header":false,"_bst_post_footer":false},"product_brand":[182],"product_cat":[95,90,96],"product_tag":[],"product_brands":[],"class_list":{"0":"post-3135","1":"product","2":"type-product","3":"status-publish","4":"has-post-thumbnail","6":"product_brand-cosmo-cosmetics","7":"product_cat-vyru-kuno-plauku-prieziura","8":"product_cat-perfumed-cosmetics","9":"product_cat-kuno-plauku-prieziura-moterims","11":"first","12":"instock","13":"taxable","14":"shipping-taxable","15":"purchasable","16":"product-type-simple","17":"entry","18":"content-bg","19":"loop-entry"},"_links":{"self":[{"href":"https:\/\/azalia.lt\/lt\/wp-json\/wp\/v2\/product\/3135","targetHints":{"allow":["GET"]}}],"collection":[{"href":"https:\/\/azalia.lt\/lt\/wp-json\/wp\/v2\/product"}],"about":[{"href":"https:\/\/azalia.lt\/lt\/wp-json\/wp\/v2\/types\/product"}],"replies":[{"embeddable":true,"href":"https:\/\/azalia.lt\/lt\/wp-json\/wp\/v2\/comments?post=3135"}],"wp:featuredmedia":[{"embeddable":true,"href":"https:\/\/azalia.lt\/lt\/wp-json\/wp\/v2\/media\/3078"}],"wp:attachment":[{"href":"https:\/\/azalia.lt\/lt\/wp-json\/wp\/v2\/media?parent=3135"}],"wp:term":[{"taxonomy":"product_brand","embeddable":true,"href":"https:\/\/azalia.lt\/lt\/wp-json\/wp\/v2\/product_brand?post=3135"},{"taxonomy":"product_cat","embeddable":true,"href":"https:\/\/azalia.lt\/lt\/wp-json\/wp\/v2\/product_cat?post=3135"},{"taxonomy":"product_tag","embeddable":true,"href":"https:\/\/azalia.lt\/lt\/wp-json\/wp\/v2\/product_tag?post=3135"},{"taxonomy":"product_brands","embeddable":true,"href":"https:\/\/azalia.lt\/lt\/wp-json\/wp\/v2\/product_brands?post=3135"}],"curies":[{"name":"wp","href":"https:\/\/api.w.org\/{rel}","templated":true}]}}