{"id":3136,"date":"2026-03-22T18:09:12","date_gmt":"2026-03-22T18:09:12","guid":{"rendered":"https:\/\/azalia.lt\/?post_type=product&#038;p=3136"},"modified":"2026-04-04T08:12:41","modified_gmt":"2026-04-04T08:12:41","slug":"keratin-hot-hair-treatment-cosmo-1000ml","status":"publish","type":"product","link":"https:\/\/azalia.lt\/lt\/produktas\/keratin-hot-hair-treatment-cosmo-1000ml\/","title":{"rendered":"Keratin Kar\u0161tas Plauk\u0173 Gydymas Cosmo 1000ml"},"content":{"rendered":"<p>Keratin Kar\u0161to Aliejaus Kremas yra auk\u0161\u010diausios kokyb\u0117s plauk\u0173 prie\u017ei\u016bros priemon\u0117, specialiai sukurta silpniems, l\u016b\u017ein\u0117jantiems ir pa\u017eeistiems plaukams.<br \/>\n\u0160i pa\u017eangi formul\u0117 praturtinta keratinu ir kitais maitinamaisiais ingredientais, kurie giliai \u012fsiskverbia \u012f plauko \u0161erd\u012f, suteikdami jam intensyv\u0173 dr\u0117kinim\u0105 ir atgaivinim\u0105.<br \/>\nI\u0161lygindama ir sustiprindama kiekvien\u0105 sruog\u0105, \u0161i proced\u016bra padeda atkurti pa\u017eeidimus, suma\u017einti l\u016b\u017ein\u0117jim\u0105 ir padidinti plauk\u0173 atsparum\u0105 b\u016bsimiems pa\u017eeidimams.<br \/>\n\u0160is kremas idealiai tinka ie\u0161kantiems salono lygio rezultat\u0173 namuose. Jis palieka plaukus mink\u0161tus, purius ir \u0161ilkinius, o laikui b\u0117gant pastebimai pager\u0117ja j\u0173 tekst\u016bra ir stiprumas.<\/p>\n<ul>\n<li>Praturtintas keratinu, kuris stiprina ir atkuria silpnus, pa\u017eeistus plaukus.<\/li>\n<li>Suteikia gil\u0173 dr\u0117kinim\u0105 ir gyvybingum\u0105, atkurdamas plauk\u0173 sveikat\u0105.<\/li>\n<li>Suma\u017eina l\u016b\u017ein\u0117jim\u0105 ir padidina plauk\u0173 atsparum\u0105, kad b\u016bt\u0173 i\u0161vengta plauk\u0173 slinkimo.<\/li>\n<li>Atgaivina ir glotnina pa\u017eeistus plaukus, suteikia jiems blizgesio ir mink\u0161tumo.<\/li>\n<li>Suteikia akimirksniu pasiekiamus rezultatus, prilygstan\u010dius salonui, d\u0117l lengvai naudojamos formul\u0117s.<\/li>\n<li>Tinka visiems plauk\u0173 tipams ir \u0161velnus galvos odai.<\/li>\n<\/ul>\n<p><strong>Naudojimas<\/strong> Po plauk\u0173 trinkimo \u0161amp\u016bnu u\u017etepkite kremo. \u0160velniai masa\u017euokite plaukus ir galvos od\u0105 pir\u0161t\u0173 galiukais, kad kremas b\u016bt\u0173 visi\u0161kai paskirstytas ant plauk\u0173 nuo \u0161akn\u0173 iki galiuk\u0173. Palaikykite 10\u201315 min. Geriausiems rezultatams pasiekti, plaukus apvyniokite kar\u0161tu rank\u0161luos\u010diu arba naudokite garintuv\u0105. I\u0161skalaukite plaukus kaip \u012fprasta.<br \/>\n<strong>\u012esp\u0117jimas.<\/strong> Tik i\u0161oriniam naudojimui. Laikyti vaikams nepasiekiamoje vietoje. Venkite patekimo \u012f akis. Patekus \u012f akis, kruop\u0161\u010diai nuplaukite vandeniu.<br \/>\nLaikyti v\u0117sioje ir sausoje vietoje.<br \/>\nPagaminta JAE.<\/p>","protected":false},"excerpt":{"rendered":"<p>Kar\u0161tas plauk\u0173 gydymas su \u010desnaku ir provitaminu B5 dr\u0117kina, suteikia blizgesio ir apimties<\/p>","protected":false},"featured_media":3075,"comment_status":"open","ping_status":"closed","template":"","meta":{"_bst_post_transparent":"default","_bst_post_title":"","_bst_post_layout":"default","_bst_post_sidebar_id":"","_bst_post_content_style":"default","_bst_post_vertical_padding":"default","_bst_post_feature":"","_bst_post_feature_position":"","_bst_post_header":false,"_bst_post_footer":false},"product_brand":[182],"product_cat":[95,90,96],"product_tag":[],"product_brands":[],"class_list":{"0":"post-3136","1":"product","2":"type-product","3":"status-publish","4":"has-post-thumbnail","6":"product_brand-cosmo-cosmetics","7":"product_cat-vyru-kuno-plauku-prieziura","8":"product_cat-perfumed-cosmetics","9":"product_cat-kuno-plauku-prieziura-moterims","11":"first","12":"instock","13":"taxable","14":"shipping-taxable","15":"purchasable","16":"product-type-simple","17":"entry","18":"content-bg","19":"loop-entry"},"_links":{"self":[{"href":"https:\/\/azalia.lt\/lt\/wp-json\/wp\/v2\/product\/3136","targetHints":{"allow":["GET"]}}],"collection":[{"href":"https:\/\/azalia.lt\/lt\/wp-json\/wp\/v2\/product"}],"about":[{"href":"https:\/\/azalia.lt\/lt\/wp-json\/wp\/v2\/types\/product"}],"replies":[{"embeddable":true,"href":"https:\/\/azalia.lt\/lt\/wp-json\/wp\/v2\/comments?post=3136"}],"wp:featuredmedia":[{"embeddable":true,"href":"https:\/\/azalia.lt\/lt\/wp-json\/wp\/v2\/media\/3075"}],"wp:attachment":[{"href":"https:\/\/azalia.lt\/lt\/wp-json\/wp\/v2\/media?parent=3136"}],"wp:term":[{"taxonomy":"product_brand","embeddable":true,"href":"https:\/\/azalia.lt\/lt\/wp-json\/wp\/v2\/product_brand?post=3136"},{"taxonomy":"product_cat","embeddable":true,"href":"https:\/\/azalia.lt\/lt\/wp-json\/wp\/v2\/product_cat?post=3136"},{"taxonomy":"product_tag","embeddable":true,"href":"https:\/\/azalia.lt\/lt\/wp-json\/wp\/v2\/product_tag?post=3136"},{"taxonomy":"product_brands","embeddable":true,"href":"https:\/\/azalia.lt\/lt\/wp-json\/wp\/v2\/product_brands?post=3136"}],"curies":[{"name":"wp","href":"https:\/\/api.w.org\/{rel}","templated":true}]}}