{"id":3137,"date":"2026-03-22T18:20:03","date_gmt":"2026-03-22T18:20:03","guid":{"rendered":"https:\/\/azalia.lt\/?post_type=product&#038;p=3137"},"modified":"2026-04-02T16:56:02","modified_gmt":"2026-04-02T16:56:02","slug":"snake-oil-hot-hair-treatment-cosmo-1000ml","status":"publish","type":"product","link":"https:\/\/azalia.lt\/lt\/produktas\/snake-oil-hot-hair-treatment-cosmo-1000ml\/","title":{"rendered":"Snake Oil Kar\u0161tas Plauk\u0173 Gydymas Cosmo 1000ml"},"content":{"rendered":"<p>Snake Oil  kar\u0161tas plauk\u0173 prie\u017ei\u016bros kremas yra auk\u0161\u010diausios kokyb\u0117s plauk\u0173 prie\u017ei\u016bros priemon\u0117, praturtinta maitinamaisiais gyva\u010di\u0173 tauk\u0173 ekstraktais.<br \/>\n\u0160i veiksminga priemon\u0117 \u012fsiskverbia giliai \u012f plauk\u0173 stieb\u0105, atkuria pa\u017eeistus audinius, maistines med\u017eiagas ir skatina sveik\u0105 plauk\u0173 augim\u0105.<br \/>\n\u0160is kremas puikiai tinka pa\u017eeist\u0173 ir l\u016b\u017ein\u0117jan\u010di\u0173 plauk\u0173 atgaivinimui, palieka juos mink\u0161tus, stiprius ir \u0161ilkinius.<br \/>\nFormul\u0117 suteikia intensyv\u0173 dr\u0117kinim\u0105, pagerina plauk\u0173 tekst\u016br\u0105 ir padaro juos lengviau i\u0161\u0161ukuojamus.<br \/>\nTinka vis\u0173 tip\u0173 plaukams, \u0161velnus galvos odai ir suteikia akimirksniu pastebim\u0173 rezultat\u0173.<\/p>\n<ul>\n<li>Praturtintas gyva\u010di\u0173 tauk\u0173 ekstraktais, kurie atkuria pa\u017eeistus plaukus ir atkuria j\u0173 sveikat\u0105.<\/li>\n<li>\u012esiskverbia giliai \u012f plauko \u0161erd\u012f, atgaivindamas trapius, gyvyb\u0117s netekusius plaukus.<\/li>\n<li>Atkuria prarastas maistines med\u017eiagas ir gydo i\u0161si\u0161akojusius galiukus, kad plaukai augt\u0173 sveikiau.<\/li>\n<li>Suteikia intensyv\u0173 dr\u0117kinim\u0105, pagerina tekst\u016br\u0105 ir paklusnum\u0105.<\/li>\n<li>Suteikia akimirksniu matomus rezultatus, plaukai tampa mink\u0161ti, stipr\u016bs ir \u0161veln\u016bs kaip \u0161ilkas.<\/li>\n<li>Tinka visiems plauk\u0173 tipams ir \u0161velnus galvos odai.<span style=\"letter-spacing: 0.3px;\">.<\/span><\/li>\n<\/ul>\n<p><strong>Naudojimas<\/strong> Po plauk\u0173 trinkimo \u0161amp\u016bnu u\u017etepkite kremo. \u0160velniai masa\u017euokite plaukus ir galvos od\u0105 pir\u0161t\u0173 galiukais, kad kremas b\u016bt\u0173 visi\u0161kai paskirstytas ant plauk\u0173 nuo \u0161akn\u0173 iki galiuk\u0173.<br \/>\nPalaikykite 10\u201315 min. Geriausiems rezultatams pasiekti, plaukus apvyniokite kar\u0161tu rank\u0161luos\u010diu arba naudokite garintuv\u0105. I\u0161skalaukite plaukus kaip \u012fprasta.<br \/>\n<strong>\u012esp\u0117jimas.<\/strong>Tik i\u0161oriniam naudojimui. Laikyti vaikams nepasiekiamoje vietoje. Venkite patekimo \u012f akis. Patekus \u012f akis, kruop\u0161\u010diai nuplaukite vandeniu.<br \/>\nLaikyti v\u0117sioje ir sausoje vietoje.<br \/>\nProdukto dizainas gali skirtis nuo paveiksl\u0117lio.<br \/>\nPagaminta JAE.<\/p>","protected":false},"excerpt":{"rendered":"<p>Snake Oil  kar\u0161tas plauk\u0173 prie\u017ei\u016bros kremas yra auk\u0161\u010diausios kokyb\u0117s plauk\u0173 prie\u017ei\u016bros priemon\u0117, praturtinta maitinamaisiais gyva\u010di\u0173 tauk\u0173 ekstraktais.<\/p>","protected":false},"featured_media":3074,"comment_status":"open","ping_status":"closed","template":"","meta":{"_bst_post_transparent":"default","_bst_post_title":"","_bst_post_layout":"default","_bst_post_sidebar_id":"","_bst_post_content_style":"default","_bst_post_vertical_padding":"default","_bst_post_feature":"","_bst_post_feature_position":"","_bst_post_header":false,"_bst_post_footer":false},"product_brand":[182],"product_cat":[95,90,96],"product_tag":[],"product_brands":[181],"class_list":{"0":"post-3137","1":"product","2":"type-product","3":"status-publish","4":"has-post-thumbnail","6":"product_brand-cosmo-cosmetics","7":"product_cat-vyru-kuno-plauku-prieziura","8":"product_cat-perfumed-cosmetics","9":"product_cat-kuno-plauku-prieziura-moterims","10":"product_brands-cosmo-cosmetics","12":"first","13":"instock","14":"taxable","15":"shipping-taxable","16":"purchasable","17":"product-type-simple","18":"entry","19":"content-bg","20":"loop-entry"},"_links":{"self":[{"href":"https:\/\/azalia.lt\/lt\/wp-json\/wp\/v2\/product\/3137","targetHints":{"allow":["GET"]}}],"collection":[{"href":"https:\/\/azalia.lt\/lt\/wp-json\/wp\/v2\/product"}],"about":[{"href":"https:\/\/azalia.lt\/lt\/wp-json\/wp\/v2\/types\/product"}],"replies":[{"embeddable":true,"href":"https:\/\/azalia.lt\/lt\/wp-json\/wp\/v2\/comments?post=3137"}],"wp:featuredmedia":[{"embeddable":true,"href":"https:\/\/azalia.lt\/lt\/wp-json\/wp\/v2\/media\/3074"}],"wp:attachment":[{"href":"https:\/\/azalia.lt\/lt\/wp-json\/wp\/v2\/media?parent=3137"}],"wp:term":[{"taxonomy":"product_brand","embeddable":true,"href":"https:\/\/azalia.lt\/lt\/wp-json\/wp\/v2\/product_brand?post=3137"},{"taxonomy":"product_cat","embeddable":true,"href":"https:\/\/azalia.lt\/lt\/wp-json\/wp\/v2\/product_cat?post=3137"},{"taxonomy":"product_tag","embeddable":true,"href":"https:\/\/azalia.lt\/lt\/wp-json\/wp\/v2\/product_tag?post=3137"},{"taxonomy":"product_brands","embeddable":true,"href":"https:\/\/azalia.lt\/lt\/wp-json\/wp\/v2\/product_brands?post=3137"}],"curies":[{"name":"wp","href":"https:\/\/api.w.org\/{rel}","templated":true}]}}