{"id":3197,"date":"2026-03-24T15:28:57","date_gmt":"2026-03-24T15:28:57","guid":{"rendered":"https:\/\/azalia.lt\/?post_type=product&#038;p=3197"},"modified":"2026-03-24T15:44:36","modified_gmt":"2026-03-24T15:44:36","slug":"melina-arina-body-spray-emper-unisex-200-ml","status":"publish","type":"product","link":"https:\/\/azalia.lt\/lt\/produktas\/melina-arina-body-spray-emper-unisex-200-ml\/","title":{"rendered":"Melina Arina K\u016bno Pur\u0161kiklis Emper Unisex 200 ml"},"content":{"rendered":"<p>Melina Arina \u2013 tai vaisi\u0173 skonio gurmani\u0161kas k\u016bno pur\u0161kiklis, skirtas unisex.<br \/>\nVir\u0161utin\u0117s natos: jazminas, mandarinas, greipfrutas, bergamot\u0117.<br \/>\nVidurin\u0117s natos: apelsin\u0173 \u017eiedai, juodieji serbentai, aviet\u0117s.<br \/>\nBazin\u0117s natos: zefyras, plakta grietin\u0117l\u0117, muskusas, ambrette.<br \/>\nYra alkoholio. \u0160velni formul\u0117 tinka visiems odos tipams<br \/>\nPagaminta JAE.<\/p>","protected":false},"excerpt":{"rendered":"<p>Melina Arina is a fruity gourmand body spray unisex<\/p>","protected":false},"featured_media":3196,"comment_status":"open","ping_status":"closed","template":"","meta":{"_bst_post_transparent":"default","_bst_post_title":"","_bst_post_layout":"default","_bst_post_sidebar_id":"","_bst_post_content_style":"default","_bst_post_vertical_padding":"default","_bst_post_feature":"","_bst_post_feature_position":"","_bst_post_header":false,"_bst_post_footer":false},"product_brand":[122],"product_cat":[94,93,92,91,90],"product_tag":[],"product_brands":[],"class_list":{"0":"post-3197","1":"product","2":"type-product","3":"status-publish","4":"has-post-thumbnail","6":"product_brand-emper","7":"product_cat-deo-vyrams","8":"product_cat-deo-moterims","9":"product_cat-vyrams","10":"product_cat-moterims","11":"product_cat-perfumed-cosmetics","13":"first","14":"instock","15":"taxable","16":"shipping-taxable","17":"purchasable","18":"product-type-simple","19":"entry","20":"content-bg","21":"loop-entry"},"_links":{"self":[{"href":"https:\/\/azalia.lt\/lt\/wp-json\/wp\/v2\/product\/3197","targetHints":{"allow":["GET"]}}],"collection":[{"href":"https:\/\/azalia.lt\/lt\/wp-json\/wp\/v2\/product"}],"about":[{"href":"https:\/\/azalia.lt\/lt\/wp-json\/wp\/v2\/types\/product"}],"replies":[{"embeddable":true,"href":"https:\/\/azalia.lt\/lt\/wp-json\/wp\/v2\/comments?post=3197"}],"wp:featuredmedia":[{"embeddable":true,"href":"https:\/\/azalia.lt\/lt\/wp-json\/wp\/v2\/media\/3196"}],"wp:attachment":[{"href":"https:\/\/azalia.lt\/lt\/wp-json\/wp\/v2\/media?parent=3197"}],"wp:term":[{"taxonomy":"product_brand","embeddable":true,"href":"https:\/\/azalia.lt\/lt\/wp-json\/wp\/v2\/product_brand?post=3197"},{"taxonomy":"product_cat","embeddable":true,"href":"https:\/\/azalia.lt\/lt\/wp-json\/wp\/v2\/product_cat?post=3197"},{"taxonomy":"product_tag","embeddable":true,"href":"https:\/\/azalia.lt\/lt\/wp-json\/wp\/v2\/product_tag?post=3197"},{"taxonomy":"product_brands","embeddable":true,"href":"https:\/\/azalia.lt\/lt\/wp-json\/wp\/v2\/product_brands?post=3197"}],"curies":[{"name":"wp","href":"https:\/\/api.w.org\/{rel}","templated":true}]}}