{"id":3198,"date":"2026-03-24T15:46:57","date_gmt":"2026-03-24T15:46:57","guid":{"rendered":"https:\/\/azalia.lt\/?post_type=product&#038;p=3198"},"modified":"2026-03-24T15:52:08","modified_gmt":"2026-03-24T15:52:08","slug":"arabia-haya-crush-body-spray-le-chameau-women-200-ml","status":"publish","type":"product","link":"https:\/\/azalia.lt\/lt\/produktas\/arabia-haya-crush-body-spray-le-chameau-women-200-ml\/","title":{"rendered":"Arabia Haya Crush Body Spray Le Chameau Women 200 ml"},"content":{"rendered":"<p>Arabia Haya Crush is a fruity gourmand body spray for women.<br \/>\nTop notes: sour cherry, raspberry, mandarin orange.<br \/>\nMiddle notes: marshmallow, vanilla, orchid.<br \/>\nBazin\u0117s natos: balta zom\u0161a, santalas, muskusas, \u0105\u017euolas.<br \/>\nYra alkoholio. \u0160velni formul\u0117 tinka visiems odos tipams<br \/>\nPagaminta JAE.<\/p>","protected":false},"excerpt":{"rendered":"<p>Arabia Haya Crush is a fruity gourmand body spray for women<\/p>","protected":false},"featured_media":3195,"comment_status":"open","ping_status":"closed","template":"","meta":{"_bst_post_transparent":"default","_bst_post_title":"","_bst_post_layout":"default","_bst_post_sidebar_id":"","_bst_post_content_style":"default","_bst_post_vertical_padding":"default","_bst_post_feature":"","_bst_post_feature_position":"","_bst_post_header":false,"_bst_post_footer":false},"product_brand":[122],"product_cat":[93,91,90],"product_tag":[],"product_brands":[],"class_list":{"0":"post-3198","1":"product","2":"type-product","3":"status-publish","4":"has-post-thumbnail","6":"product_brand-emper","7":"product_cat-deo-moterims","8":"product_cat-moterims","9":"product_cat-perfumed-cosmetics","11":"first","12":"instock","13":"taxable","14":"shipping-taxable","15":"purchasable","16":"product-type-simple","17":"entry","18":"content-bg","19":"loop-entry"},"_links":{"self":[{"href":"https:\/\/azalia.lt\/lt\/wp-json\/wp\/v2\/product\/3198","targetHints":{"allow":["GET"]}}],"collection":[{"href":"https:\/\/azalia.lt\/lt\/wp-json\/wp\/v2\/product"}],"about":[{"href":"https:\/\/azalia.lt\/lt\/wp-json\/wp\/v2\/types\/product"}],"replies":[{"embeddable":true,"href":"https:\/\/azalia.lt\/lt\/wp-json\/wp\/v2\/comments?post=3198"}],"wp:featuredmedia":[{"embeddable":true,"href":"https:\/\/azalia.lt\/lt\/wp-json\/wp\/v2\/media\/3195"}],"wp:attachment":[{"href":"https:\/\/azalia.lt\/lt\/wp-json\/wp\/v2\/media?parent=3198"}],"wp:term":[{"taxonomy":"product_brand","embeddable":true,"href":"https:\/\/azalia.lt\/lt\/wp-json\/wp\/v2\/product_brand?post=3198"},{"taxonomy":"product_cat","embeddable":true,"href":"https:\/\/azalia.lt\/lt\/wp-json\/wp\/v2\/product_cat?post=3198"},{"taxonomy":"product_tag","embeddable":true,"href":"https:\/\/azalia.lt\/lt\/wp-json\/wp\/v2\/product_tag?post=3198"},{"taxonomy":"product_brands","embeddable":true,"href":"https:\/\/azalia.lt\/lt\/wp-json\/wp\/v2\/product_brands?post=3198"}],"curies":[{"name":"wp","href":"https:\/\/api.w.org\/{rel}","templated":true}]}}