{"id":3199,"date":"2026-03-24T15:59:16","date_gmt":"2026-03-24T15:59:16","guid":{"rendered":"https:\/\/azalia.lt\/?post_type=product&#038;p=3199"},"modified":"2026-04-05T15:38:40","modified_gmt":"2026-04-05T15:38:40","slug":"pure-ombre-body-spray-risala-unisex-200-ml","status":"publish","type":"product","link":"https:\/\/azalia.lt\/lt\/produktas\/pure-ombre-body-spray-risala-unisex-200-ml\/","title":{"rendered":"Pure Ombre K\u016bno Pur\u0161kiklis Risala Unisex 200 ml"},"content":{"rendered":"<p>Pure Ombre \u2013 vaisinis muskuso k\u016bno pur\u0161kiklis unisex.<br \/>\nVir\u0161utin\u0117s natos: Sicilijos apelsinas, Sicilijos citrina, bergamot\u0117.<br \/>\nVidurin\u0117s natos: vaisi\u0173 natos.<br \/>\nBazin\u0117s natos: baltasis muskusas, Madagaskaro vanil\u0117, gintaras.<br \/>\nYra alkoholio. \u0160velni formul\u0117 tinka visiems odos tipams<br \/>\nPagaminta JAE.<\/p>","protected":false},"excerpt":{"rendered":"<p>Pure Ombre \u2013 vaisinis muskuso k\u016bno pur\u0161kiklis unisex.<\/p>","protected":false},"featured_media":3193,"comment_status":"open","ping_status":"closed","template":"","meta":{"_bst_post_transparent":"default","_bst_post_title":"","_bst_post_layout":"default","_bst_post_sidebar_id":"","_bst_post_content_style":"default","_bst_post_vertical_padding":"default","_bst_post_feature":"","_bst_post_feature_position":"","_bst_post_header":false,"_bst_post_footer":false},"product_brand":[122],"product_cat":[94,93,92,91,90],"product_tag":[],"product_brands":[],"class_list":{"0":"post-3199","1":"product","2":"type-product","3":"status-publish","4":"has-post-thumbnail","6":"product_brand-emper","7":"product_cat-deo-vyrams","8":"product_cat-deo-moterims","9":"product_cat-vyrams","10":"product_cat-moterims","11":"product_cat-perfumed-cosmetics","13":"first","14":"instock","15":"taxable","16":"shipping-taxable","17":"purchasable","18":"product-type-simple","19":"entry","20":"content-bg","21":"loop-entry"},"_links":{"self":[{"href":"https:\/\/azalia.lt\/lt\/wp-json\/wp\/v2\/product\/3199","targetHints":{"allow":["GET"]}}],"collection":[{"href":"https:\/\/azalia.lt\/lt\/wp-json\/wp\/v2\/product"}],"about":[{"href":"https:\/\/azalia.lt\/lt\/wp-json\/wp\/v2\/types\/product"}],"replies":[{"embeddable":true,"href":"https:\/\/azalia.lt\/lt\/wp-json\/wp\/v2\/comments?post=3199"}],"wp:featuredmedia":[{"embeddable":true,"href":"https:\/\/azalia.lt\/lt\/wp-json\/wp\/v2\/media\/3193"}],"wp:attachment":[{"href":"https:\/\/azalia.lt\/lt\/wp-json\/wp\/v2\/media?parent=3199"}],"wp:term":[{"taxonomy":"product_brand","embeddable":true,"href":"https:\/\/azalia.lt\/lt\/wp-json\/wp\/v2\/product_brand?post=3199"},{"taxonomy":"product_cat","embeddable":true,"href":"https:\/\/azalia.lt\/lt\/wp-json\/wp\/v2\/product_cat?post=3199"},{"taxonomy":"product_tag","embeddable":true,"href":"https:\/\/azalia.lt\/lt\/wp-json\/wp\/v2\/product_tag?post=3199"},{"taxonomy":"product_brands","embeddable":true,"href":"https:\/\/azalia.lt\/lt\/wp-json\/wp\/v2\/product_brands?post=3199"}],"curies":[{"name":"wp","href":"https:\/\/api.w.org\/{rel}","templated":true}]}}