{"id":3200,"date":"2026-03-24T16:08:36","date_gmt":"2026-03-24T16:08:36","guid":{"rendered":"https:\/\/azalia.lt\/?post_type=product&#038;p=3200"},"modified":"2026-03-24T16:16:54","modified_gmt":"2026-03-24T16:16:54","slug":"asal-body-spray-hamidi-unisex-200-ml","status":"publish","type":"product","link":"https:\/\/azalia.lt\/lt\/produktas\/asal-body-spray-hamidi-unisex-200-ml\/","title":{"rendered":"Asal K\u016bno Pur\u0161kiklis Hamidi Unisex 200 ml"},"content":{"rendered":"<p>Asal \u2013 tai \u0161ipro kvapo k\u016bno pur\u0161kiklis unisex.<br \/>\nVir\u0161utin\u0117s natos: ananasai, bergamot\u0117s, greipfrutai, rausvieji pipirai, \u0161afranas.<br \/>\nVidurin\u0117s natos: oda, labdanumas, pa\u010diulis, rozmarinas.<br \/>\nPagrindin\u0117s natos: gintaro mediena, \u0105\u017euolo samanos, muskusas.<br \/>\nYra alkoholio. \u0160velni formul\u0117 tinka visiems odos tipams<br \/>\nPagaminta JAE.<\/p>","protected":false},"excerpt":{"rendered":"<p>Asal \u2013 tai \u0161ipro kvapo k\u016bno pur\u0161kiklis unisex.<\/p>","protected":false},"featured_media":3192,"comment_status":"open","ping_status":"closed","template":"","meta":{"_bst_post_transparent":"default","_bst_post_title":"","_bst_post_layout":"default","_bst_post_sidebar_id":"","_bst_post_content_style":"default","_bst_post_vertical_padding":"default","_bst_post_feature":"","_bst_post_feature_position":"","_bst_post_header":false,"_bst_post_footer":false},"product_brand":[186],"product_cat":[94,93,92,91,90],"product_tag":[],"product_brands":[185],"class_list":{"0":"post-3200","1":"product","2":"type-product","3":"status-publish","4":"has-post-thumbnail","6":"product_brand-hamidi","7":"product_cat-deo-vyrams","8":"product_cat-deo-moterims","9":"product_cat-vyrams","10":"product_cat-moterims","11":"product_cat-perfumed-cosmetics","12":"product_brands-hamidi","14":"first","15":"instock","16":"taxable","17":"shipping-taxable","18":"purchasable","19":"product-type-simple","20":"entry","21":"content-bg","22":"loop-entry"},"_links":{"self":[{"href":"https:\/\/azalia.lt\/lt\/wp-json\/wp\/v2\/product\/3200","targetHints":{"allow":["GET"]}}],"collection":[{"href":"https:\/\/azalia.lt\/lt\/wp-json\/wp\/v2\/product"}],"about":[{"href":"https:\/\/azalia.lt\/lt\/wp-json\/wp\/v2\/types\/product"}],"replies":[{"embeddable":true,"href":"https:\/\/azalia.lt\/lt\/wp-json\/wp\/v2\/comments?post=3200"}],"wp:featuredmedia":[{"embeddable":true,"href":"https:\/\/azalia.lt\/lt\/wp-json\/wp\/v2\/media\/3192"}],"wp:attachment":[{"href":"https:\/\/azalia.lt\/lt\/wp-json\/wp\/v2\/media?parent=3200"}],"wp:term":[{"taxonomy":"product_brand","embeddable":true,"href":"https:\/\/azalia.lt\/lt\/wp-json\/wp\/v2\/product_brand?post=3200"},{"taxonomy":"product_cat","embeddable":true,"href":"https:\/\/azalia.lt\/lt\/wp-json\/wp\/v2\/product_cat?post=3200"},{"taxonomy":"product_tag","embeddable":true,"href":"https:\/\/azalia.lt\/lt\/wp-json\/wp\/v2\/product_tag?post=3200"},{"taxonomy":"product_brands","embeddable":true,"href":"https:\/\/azalia.lt\/lt\/wp-json\/wp\/v2\/product_brands?post=3200"}],"curies":[{"name":"wp","href":"https:\/\/api.w.org\/{rel}","templated":true}]}}